{"id":74884,"date":"2025-08-15T21:40:06","date_gmt":"2025-08-15T19:40:06","guid":{"rendered":"https:\/\/baturina-homewear.com\/product\/pyjama-set-fuer-frauen-gruenes-medaillon-baumwolle\/"},"modified":"2025-08-15T22:04:52","modified_gmt":"2025-08-15T20:04:52","slug":"pyjama-set-fuer-frauen-gruenes-medaillon-baumwolle","status":"publish","type":"product","link":"https:\/\/baturina-homewear.com\/de\/produkt\/pyjama-set-fuer-frauen-gruenes-medaillon-baumwolle\/","title":{"rendered":"Pyjama-Set f\u00fcr Frauen Gr\u00fcnes Medaillon Baumwolle"},"content":{"rendered":"<p>Dieser Pyjama ist aus weicher und kuscheliger Baumwolle gefertigt und w\u00e4rmt Sie sanft. Perfekt f\u00fcr den fr\u00fchen Morgen, gem\u00fctliche Abende und alles, was dazwischen liegt. <\/p>\n<p><strong>Design-Merkmale:<\/strong><\/p>\n<ul>\n<li>bequeme, lockere Passform<\/li>\n<li>Hemd mit gekerbtem Kragen, Knopfleiste, drei Taschen<\/li>\n<li>Hose mit elastischem Bund, Kordelzug, zwei Seitentaschen<\/li>\n<li>Perlmuttkn\u00f6pfe<\/li>\n<\/ul>\n<p><strong>Materialien und Pflege:<\/strong><\/p>\n<ul>\n<li>100% Baumwolle<\/li>\n<li>Separate Maschinenw\u00e4sche bei 30\u00b0C, nicht im Trockner trocknen, B\u00fcgeln bei niedriger Hitze.<\/li>\n<\/ul>\n","protected":false},"excerpt":{"rendered":"<p><em>Dieser Pyjama ist aus weicher und kuscheliger Baumwolle gefertigt und w\u00e4rmt Sie sanft. Perfekt f\u00fcr den fr\u00fchen Morgen, gem\u00fctliche Abende und alles, was dazwischen liegt. <\/em><\/p>\n","protected":false},"featured_media":74801,"comment_status":"closed","ping_status":"closed","template":"","meta":[],"product_brand":[],"product_cat":[1157,1151],"product_tag":[1043,768],"class_list":{"0":"post-74884","1":"product","2":"type-product","3":"status-publish","4":"has-post-thumbnail","6":"product_cat-klassische-pyjamas","7":"product_cat-damen-pyjamas-de","8":"product_tag-benutzerdefinierte-grose-w-pyjamas","9":"product_tag-monogram-de","10":"product_shipping_class-auf-bestellung","11":"pa_color-green-de","12":"pa_fabric-content-cotton-de","13":"pa_fabric-weight-lightweight-de","14":"pa_size-2xl-de","15":"pa_size-l-de","16":"pa_size-m-de","17":"pa_size-massanfertigung","18":"pa_size-one-size-de","19":"pa_size-s-de","20":"pa_size-xl-de","21":"pa_size-xs-de","23":"first","24":"instock","25":"taxable","26":"shipping-taxable","27":"purchasable","28":"product-type-simple"},"_links":{"self":[{"href":"https:\/\/baturina-homewear.com\/de\/wp-json\/wp\/v2\/product\/74884","targetHints":{"allow":["GET"]}}],"collection":[{"href":"https:\/\/baturina-homewear.com\/de\/wp-json\/wp\/v2\/product"}],"about":[{"href":"https:\/\/baturina-homewear.com\/de\/wp-json\/wp\/v2\/types\/product"}],"replies":[{"embeddable":true,"href":"https:\/\/baturina-homewear.com\/de\/wp-json\/wp\/v2\/comments?post=74884"}],"version-history":[{"count":1,"href":"https:\/\/baturina-homewear.com\/de\/wp-json\/wp\/v2\/product\/74884\/revisions"}],"predecessor-version":[{"id":74893,"href":"https:\/\/baturina-homewear.com\/de\/wp-json\/wp\/v2\/product\/74884\/revisions\/74893"}],"wp:featuredmedia":[{"embeddable":true,"href":"https:\/\/baturina-homewear.com\/de\/wp-json\/wp\/v2\/media\/74801"}],"wp:attachment":[{"href":"https:\/\/baturina-homewear.com\/de\/wp-json\/wp\/v2\/media?parent=74884"}],"wp:term":[{"taxonomy":"product_brand","embeddable":true,"href":"https:\/\/baturina-homewear.com\/de\/wp-json\/wp\/v2\/product_brand?post=74884"},{"taxonomy":"product_cat","embeddable":true,"href":"https:\/\/baturina-homewear.com\/de\/wp-json\/wp\/v2\/product_cat?post=74884"},{"taxonomy":"product_tag","embeddable":true,"href":"https:\/\/baturina-homewear.com\/de\/wp-json\/wp\/v2\/product_tag?post=74884"}],"curies":[{"name":"wp","href":"https:\/\/api.w.org\/{rel}","templated":true}]}}