{"id":74885,"date":"2025-08-15T21:49:12","date_gmt":"2025-08-15T19:49:12","guid":{"rendered":"https:\/\/baturina-homewear.com\/product\/herren-pyjama-set-gruenes-medaillon-baumwolle\/"},"modified":"2025-09-25T16:55:13","modified_gmt":"2025-09-25T14:55:13","slug":"herren-pyjama-set-gruenes-medaillon-baumwolle","status":"publish","type":"product","link":"https:\/\/baturina-homewear.com\/de\/produkt\/herren-pyjama-set-gruenes-medaillon-baumwolle\/","title":{"rendered":"Herren Pyjama Set Gr\u00fcnes Medaillon Baumwolle"},"content":{"rendered":"<p>Dieser Pyjama ist aus weicher und knackiger Baumwolle gefertigt und w\u00e4rmt Sie sanft. Perfekt f\u00fcr den fr\u00fchen Morgen, gem\u00fctliche Abende und alles, was dazwischen liegt. <\/p>\n<p><strong>Design-Merkmale:<\/strong><\/p>\n<ul>\n<li>bequeme, lockere Passform<\/li>\n<li>Hemd mit gekerbtem Kragen, Knopfleiste, drei Taschen<\/li>\n<li>Hose mit elastischem Bund, Kordelzug, zwei Seitentaschen, Knopfleiste<\/li>\n<li>Perlmuttkn\u00f6pfe<\/li>\n<\/ul>\n<p><strong>Materialien und Pflege:<\/strong><\/p>\n<ul>\n<li>100% Baumwolle<\/li>\n<li>Separate Maschinenw\u00e4sche bei 30\u00b0C, nicht im Trockner trocknen, B\u00fcgeln bei niedriger Hitze.<\/li>\n<\/ul>\n","protected":false},"excerpt":{"rendered":"<p>Dieser Pyjama ist aus weicher und knackiger Baumwolle gefertigt und w\u00e4rmt Sie sanft. Perfekt f\u00fcr den fr\u00fchen Morgen, gem\u00fctliche Abende und alles, was dazwischen liegt. <\/p>\n","protected":false},"featured_media":74809,"comment_status":"closed","ping_status":"closed","template":"","meta":[],"product_brand":[],"product_cat":[565,493],"product_tag":[482,768],"class_list":{"0":"post-74885","1":"product","2":"type-product","3":"status-publish","4":"has-post-thumbnail","6":"product_cat-pyjamas","7":"product_cat-herren-pyjamas","8":"product_tag-custom-size-pajamas-de","9":"product_tag-monogram-de","10":"product_shipping_class-auf-bestellung","11":"pa_color-green-de","12":"pa_fabric-content-cotton-de","13":"pa_fabric-weight-lightweight-de","14":"pa_size-2xl-de","15":"pa_size-3xl-de","16":"pa_size-4xl-de","17":"pa_size-5xl-de","18":"pa_size-l-de","19":"pa_size-m-de","20":"pa_size-massanfertigung","21":"pa_size-one-size-de","22":"pa_size-s-de","23":"pa_size-xl-de","24":"pa_size-xs-de","26":"first","27":"instock","28":"taxable","29":"shipping-taxable","30":"purchasable","31":"product-type-simple"},"_links":{"self":[{"href":"https:\/\/baturina-homewear.com\/de\/wp-json\/wp\/v2\/product\/74885","targetHints":{"allow":["GET"]}}],"collection":[{"href":"https:\/\/baturina-homewear.com\/de\/wp-json\/wp\/v2\/product"}],"about":[{"href":"https:\/\/baturina-homewear.com\/de\/wp-json\/wp\/v2\/types\/product"}],"replies":[{"embeddable":true,"href":"https:\/\/baturina-homewear.com\/de\/wp-json\/wp\/v2\/comments?post=74885"}],"version-history":[{"count":1,"href":"https:\/\/baturina-homewear.com\/de\/wp-json\/wp\/v2\/product\/74885\/revisions"}],"predecessor-version":[{"id":76664,"href":"https:\/\/baturina-homewear.com\/de\/wp-json\/wp\/v2\/product\/74885\/revisions\/76664"}],"wp:featuredmedia":[{"embeddable":true,"href":"https:\/\/baturina-homewear.com\/de\/wp-json\/wp\/v2\/media\/74809"}],"wp:attachment":[{"href":"https:\/\/baturina-homewear.com\/de\/wp-json\/wp\/v2\/media?parent=74885"}],"wp:term":[{"taxonomy":"product_brand","embeddable":true,"href":"https:\/\/baturina-homewear.com\/de\/wp-json\/wp\/v2\/product_brand?post=74885"},{"taxonomy":"product_cat","embeddable":true,"href":"https:\/\/baturina-homewear.com\/de\/wp-json\/wp\/v2\/product_cat?post=74885"},{"taxonomy":"product_tag","embeddable":true,"href":"https:\/\/baturina-homewear.com\/de\/wp-json\/wp\/v2\/product_tag?post=74885"}],"curies":[{"name":"wp","href":"https:\/\/api.w.org\/{rel}","templated":true}]}}