{"id":75434,"date":"2025-09-03T15:44:28","date_gmt":"2025-09-03T13:44:28","guid":{"rendered":"https:\/\/baturina-homewear.com\/product\/herren-hausmantel-schwarz-weiss-barock-fuchsia-pink\/"},"modified":"2026-03-04T11:35:25","modified_gmt":"2026-03-04T10:35:25","slug":"herren-hausmantel-schwarz-weiss-barock-fuchsia-pink","status":"publish","type":"product","link":"https:\/\/baturina-homewear.com\/de\/produkt\/herren-hausmantel-schwarz-weiss-barock-fuchsia-pink\/","title":{"rendered":"Herren Hausmantel Schwarz-Wei\u00df-Barock Fuchsia Pink"},"content":{"rendered":"<p>Dieses gewagte Design ist perfekt f\u00fcr alle, die sich einen Morgenmantel mit viel Pers\u00f6nlichkeit w\u00fcnschen, der das Gegenteil von langweilig ist. Er ist von den Hausm\u00e4nteln der 1950er Jahre inspiriert und besteht aus schwarz-wei\u00dfem, floralem und beflocktem Stoff.  Wei\u00dfe Blumenmotive zieren einen tiefschwarzen Hintergrund, und ein satter fuchsia-pinker Satin schm\u00fcckt den Schalkragen, die Manschetten und das Futter.<\/p>\n<ul>\n<li>Schalkragen<\/li>\n<li>Brusttasche<\/li>\n<li>zwei tiefe Seitentaschen<\/li>\n<li>verstellbare Umschlagmanschetten<\/li>\n<li>bequeme, lockere Passform<\/li>\n<li>diskrete Aufh\u00e4ngeschlaufe auf der R\u00fcckseite<\/li>\n<li>langer G\u00fcrtel<\/li>\n<li>Material und Pflege: \u00c4u\u00dferes: 60% Baumwolle, 40% Polyester. Innen: 100% Polyester. Separat in der Maschine bei 30\u00b0C waschen, nicht im Trockner trocknen, bei niedriger Hitze b\u00fcgeln.  <\/li>\n<\/ul>\n<p>Alle unsere Designs werden individuell auf Bestellung in unserem Atelier angefertigt und jedes ist das Ergebnis stundenlanger handwerklicher Arbeit. Genie\u00dfen Sie Komfort und Stil in unseren Herren Morgenm\u00e4nteln, Pyjama Sets und Accessoires, hergestellt in Hamburg, Deutschland. <\/p>\n","protected":false},"excerpt":{"rendered":"<p>Dieses gewagte Design ist perfekt f\u00fcr alle, die sich einen Morgenmantel mit viel Pers\u00f6nlichkeit w\u00fcnschen, der das Gegenteil von langweilig ist. Er ist von den Hausm\u00e4nteln der 1950er Jahre inspiriert und besteht aus schwarz-wei\u00dfem, floralem und beflocktem Stoff. <\/p>\n<p><strong>Dies ist eine Limited Edition &#8211; es werden nur 15 Morgenm\u00e4ntel hergestellt.<\/strong><\/p>\n","protected":false},"featured_media":76382,"comment_status":"open","ping_status":"closed","template":"","meta":[],"product_brand":[],"product_cat":[899,463,491],"product_tag":[464,768],"class_list":{"0":"post-75434","1":"product","2":"type-product","3":"status-publish","4":"has-post-thumbnail","6":"product_cat-limited-edition-de","7":"product_cat-herren-hausmantel","8":"product_cat-morgenmaentel","9":"product_tag-custom-size-de","10":"product_tag-monogram-de","11":"product_shipping_class-auf-bestellung","13":"first","14":"instock","15":"taxable","16":"shipping-taxable","17":"purchasable","18":"product-type-simple"},"_links":{"self":[{"href":"https:\/\/baturina-homewear.com\/de\/wp-json\/wp\/v2\/product\/75434","targetHints":{"allow":["GET"]}}],"collection":[{"href":"https:\/\/baturina-homewear.com\/de\/wp-json\/wp\/v2\/product"}],"about":[{"href":"https:\/\/baturina-homewear.com\/de\/wp-json\/wp\/v2\/types\/product"}],"replies":[{"embeddable":true,"href":"https:\/\/baturina-homewear.com\/de\/wp-json\/wp\/v2\/comments?post=75434"}],"version-history":[{"count":1,"href":"https:\/\/baturina-homewear.com\/de\/wp-json\/wp\/v2\/product\/75434\/revisions"}],"predecessor-version":[{"id":76396,"href":"https:\/\/baturina-homewear.com\/de\/wp-json\/wp\/v2\/product\/75434\/revisions\/76396"}],"wp:featuredmedia":[{"embeddable":true,"href":"https:\/\/baturina-homewear.com\/de\/wp-json\/wp\/v2\/media\/76382"}],"wp:attachment":[{"href":"https:\/\/baturina-homewear.com\/de\/wp-json\/wp\/v2\/media?parent=75434"}],"wp:term":[{"taxonomy":"product_brand","embeddable":true,"href":"https:\/\/baturina-homewear.com\/de\/wp-json\/wp\/v2\/product_brand?post=75434"},{"taxonomy":"product_cat","embeddable":true,"href":"https:\/\/baturina-homewear.com\/de\/wp-json\/wp\/v2\/product_cat?post=75434"},{"taxonomy":"product_tag","embeddable":true,"href":"https:\/\/baturina-homewear.com\/de\/wp-json\/wp\/v2\/product_tag?post=75434"}],"curies":[{"name":"wp","href":"https:\/\/api.w.org\/{rel}","templated":true}]}}