{"id":75542,"date":"2025-09-08T18:46:27","date_gmt":"2025-09-08T16:46:27","guid":{"rendered":"https:\/\/baturina-homewear.com\/product\/herren-hausmantel-reine-baumwolle-blau-weiss\/"},"modified":"2026-03-23T14:19:13","modified_gmt":"2026-03-23T13:19:13","slug":"herren-hausmantel-reine-baumwolle-blau-weiss","status":"publish","type":"product","link":"https:\/\/baturina-homewear.com\/de\/produkt\/herren-hausmantel-reine-baumwolle-blau-weiss\/","title":{"rendered":"Herren Hausmantel Reine Baumwolle Blau Wei\u00df"},"content":{"rendered":"<p>Entdecken Sie den perfekten Einstieg in die Welt der eleganten Loungewear. Dieser Morgenmantel wurde f\u00fcr diejenigen entworfen, die einen schlichten, zeitlosen Stil zu sch\u00e4tzen wissen, neu in der Welt der Hausm\u00e4ntel sind und zum ersten Mal den Komfort eines gut geschnittenen Morgenmantels erleben m\u00f6chten. Der Morgenmantel ist aus reiner, atmungsaktiver Baumwolle gefertigt und f\u00fchlt sich leicht und nat\u00fcrlich auf der Haut an &#8211; ideal f\u00fcr das ganze Jahr. Das weiche, himmelblaue, geometrische Gewebe, die sauberen Paspeln und der klassische Schalkragen sorgen f\u00fcr einen raffinierten Look, der sowohl unaufdringlich als auch anspruchsvoll ist.   <\/p>\n<p>Praktische Details wie Umschlagmanschetten, ein langer G\u00fcrtel und tiefe Fronttaschen machen ihn ebenso funktional wie elegant. Das Futter ist vollst\u00e4ndig gef\u00fcttert und sorgt f\u00fcr zus\u00e4tzlichen Komfort und W\u00e4rme. <\/p>\n<p>Ob als Morgenmantel, als \u00dcberwurf nach dem Duschen oder zum Entspannen am Abend &#8211; dieser Morgenmantel wird zu einem Teil Ihrer t\u00e4glichen Routine. Dieser Morgenmantel ist perfekt f\u00fcr alle, die unkomplizierte Eleganz bevorzugen oder neu in der Luxus-Loungewear sind. Er bietet Komfort, Schlichtheit und einen Hauch von Raffinesse &#8211; ein allt\u00e4gliches Essential, das von uns in Deutschland nach h\u00f6chsten Standards hergestellt wird. <\/p>\n<ul>\n<li>Schalkragen<\/li>\n<li>Brusttasche<\/li>\n<li>zwei tiefe Seitentaschen<\/li>\n<li>verstellbare Umschlagmanschetten<\/li>\n<li>bequeme, lockere Passform<\/li>\n<li>diskrete Aufh\u00e4ngeschlaufe auf der R\u00fcckseite<\/li>\n<li>langer G\u00fcrtel<\/li>\n<li>Material und Pflege: 100% Baumwolle. Separat in der Maschine bei 30\u00b0C waschen, nicht im Trockner trocknen, bei niedriger Hitze b\u00fcgeln. <\/li>\n<\/ul>\n<p>Alle unsere Designs werden individuell auf Bestellung in unserem Atelier angefertigt und jedes ist das Ergebnis stundenlanger handwerklicher Arbeit. Genie\u00dfen Sie Komfort und Stil in unseren Herren Morgenm\u00e4nteln, Pyjama Sets und Accessoires, hergestellt in Hamburg, Deutschland. <\/p>\n","protected":false},"excerpt":{"rendered":"<p>Entdecken Sie den perfekten Einstieg in die Welt der eleganten Loungewear. Der Morgenmantel ist aus reiner, atmungsaktiver Baumwolle gefertigt und f\u00fchlt sich leicht und nat\u00fcrlich auf der Haut an &#8211; ideal f\u00fcr das ganze Jahr. Das weiche, himmelblaue, geometrische Gewebe, die sauberen Paspeln und der klassische Schalkragen sorgen f\u00fcr einen raffinierten Look, der sowohl dezent als auch anspruchsvoll ist.  <\/p>\n","protected":false},"featured_media":75538,"comment_status":"closed","ping_status":"closed","template":"","meta":[],"product_brand":[],"product_cat":[463,1105,491,1205,1212],"product_tag":[464,768],"class_list":{"0":"post-75542","1":"product","2":"type-product","3":"status-publish","4":"has-post-thumbnail","6":"product_cat-herren-hausmantel","7":"product_cat-sommer-mantel","8":"product_cat-morgenmaentel","9":"product_cat-kollektionen","10":"product_cat-sanfte-entspannung","11":"product_tag-custom-size-de","12":"product_tag-monogram-de","13":"product_shipping_class-auf-bestellung","14":"pa_color-blau","15":"pa_fabric-content-cotton-de","16":"pa_fabric-weight-lightweight-de","17":"pa_pattern-abstrakt","18":"pa_size-2xl-de","19":"pa_size-3xl-de","20":"pa_size-4xl-de","21":"pa_size-5xl-de","22":"pa_size-9-10-jahre","23":"pa_size-l-de","24":"pa_size-m-de","25":"pa_size-massanfertigung","26":"pa_size-one-size-de","27":"pa_size-s-de","28":"pa_size-xl-de","29":"pa_size-xs-de","30":"pa_style-klassisch","31":"pa_style-minimalistisch","33":"first","34":"instock","35":"taxable","36":"shipping-taxable","37":"purchasable","38":"product-type-simple"},"_links":{"self":[{"href":"https:\/\/baturina-homewear.com\/de\/wp-json\/wp\/v2\/product\/75542","targetHints":{"allow":["GET"]}}],"collection":[{"href":"https:\/\/baturina-homewear.com\/de\/wp-json\/wp\/v2\/product"}],"about":[{"href":"https:\/\/baturina-homewear.com\/de\/wp-json\/wp\/v2\/types\/product"}],"replies":[{"embeddable":true,"href":"https:\/\/baturina-homewear.com\/de\/wp-json\/wp\/v2\/comments?post=75542"}],"version-history":[{"count":2,"href":"https:\/\/baturina-homewear.com\/de\/wp-json\/wp\/v2\/product\/75542\/revisions"}],"predecessor-version":[{"id":79658,"href":"https:\/\/baturina-homewear.com\/de\/wp-json\/wp\/v2\/product\/75542\/revisions\/79658"}],"wp:featuredmedia":[{"embeddable":true,"href":"https:\/\/baturina-homewear.com\/de\/wp-json\/wp\/v2\/media\/75538"}],"wp:attachment":[{"href":"https:\/\/baturina-homewear.com\/de\/wp-json\/wp\/v2\/media?parent=75542"}],"wp:term":[{"taxonomy":"product_brand","embeddable":true,"href":"https:\/\/baturina-homewear.com\/de\/wp-json\/wp\/v2\/product_brand?post=75542"},{"taxonomy":"product_cat","embeddable":true,"href":"https:\/\/baturina-homewear.com\/de\/wp-json\/wp\/v2\/product_cat?post=75542"},{"taxonomy":"product_tag","embeddable":true,"href":"https:\/\/baturina-homewear.com\/de\/wp-json\/wp\/v2\/product_tag?post=75542"}],"curies":[{"name":"wp","href":"https:\/\/api.w.org\/{rel}","templated":true}]}}