{"id":75719,"date":"2025-09-10T17:57:19","date_gmt":"2025-09-10T15:57:19","guid":{"rendered":"https:\/\/baturina-homewear.com\/product\/herren-hausmantel-aus-kastanienbraunem-samt-mit-abstraktem-druck-inspiriert-von-sherlock-holmes\/"},"modified":"2026-01-30T19:35:58","modified_gmt":"2026-01-30T18:35:58","slug":"herren-hausmantel-aus-kastanienbraunem-samt-mit-abstraktem-druck-inspiriert-von-sherlock-holmes","status":"publish","type":"product","link":"https:\/\/baturina-homewear.com\/de\/produkt\/herren-hausmantel-aus-kastanienbraunem-samt-mit-abstraktem-druck-inspiriert-von-sherlock-holmes\/","title":{"rendered":"Herren Hausmantel aus kastanienbraunem Samt mit abstraktem Druck, inspiriert von Sherlock Holmes"},"content":{"rendered":"<p>Besitzen Sie ein St\u00fcck Filmgeschichte mit diesem Morgenmantel, inspiriert von Robert Downey Jr.&#8217;s ikonischem Look in Guy Ritchie&#8217;s Sherlock Holmes Filmen. Dieser luxuri\u00f6se Herren Hausmantel ist aus reinem Baumwollsamt gefertigt, der in der Schweiz gewebt wird und einen abstrakten Druck in Kastanienbraun und Olivt\u00f6nen aufweist. Der einzigartige Stoff vereint Strapazierf\u00e4higkeit, Komfort und Eleganz und hebt sich damit deutlich von gew\u00f6hnlicher Loungewear ab. Innen ist er vollst\u00e4ndig mit einem weichen und k\u00fchlenden Futter aus reiner Viskose gef\u00fcttert, das ein dezentes Punktmuster in einem dunklen Braunton aufweist.<\/p>\n<p>Dieser Morgenmantel ist ideal f\u00fcr alle, die klassische Loungewear, Hausjacken und Hausm\u00e4ntel im Vintage-Stil zu sch\u00e4tzen wissen, denn er steht f\u00fcr zeitlose Raffinesse. Ob als luxuri\u00f6ser Morgenmantel f\u00fcr Herren, als viktorianisch inspirierter Hausmantel oder einfach als Statement-St\u00fcck f\u00fcr zu Hause, er macht Ihren Alltag zu etwas Au\u00dfergew\u00f6hnlichem. <\/p>\n<p>Bei Baturina Homewear wird jeder Morgenmantel mit au\u00dfergew\u00f6hnlicher Liebe zum Detail in Deutschland hergestellt. Dieser Sherlock-Holmes-Bademantel ist mehr als nur Loungewear &#8211; er ist ein Erbst\u00fcck, ein Stimmungsaufheller und eine Erinnerung daran, dass Eleganz nie aus der Mode kommt. <\/p>\n<p>Jetzt k\u00f6nnen Sie Ihren eigenen, von Sherlock inspirierten Morgenmantel besitzen, der auf Komfort und Langlebigkeit ausgelegt ist und f\u00fcr den modernen Gentleman mit einer Vorliebe f\u00fcr Vintage-Luxus entworfen wurde.<\/p>\n<ul>\n<li>Schalkragen<\/li>\n<li>Brusttasche<\/li>\n<li>zwei tiefe Seitentaschen<\/li>\n<li>verstellbare Umschlagmanschetten<\/li>\n<li>bequeme, lockere Passform<\/li>\n<li>diskrete Aufh\u00e4ngeschlaufe auf der R\u00fcckseite<\/li>\n<li>langer G\u00fcrtel<\/li>\n<\/ul>\n<p>Material und Pflege: \u00c4u\u00dferes: 100% Baumwolle. Innen: 100% Viskose. Professionelle chemische Reinigung.<\/p>\n","protected":false},"excerpt":{"rendered":"<p>Tauchen Sie ein in die Welt der Geheimnisse und der Eleganz mit diesem auff\u00e4lligen Morgenmantel aus Baumwollsamt, inspiriert von Robert Downey Jr.&#8217;s unvergesslichem Sherlock Holmes in Guy Ritchie&#8217;s Filmen.<\/p>\n","protected":false},"featured_media":76372,"comment_status":"closed","ping_status":"closed","template":"","meta":[],"product_brand":[],"product_cat":[491,463,899],"product_tag":[464,768],"class_list":{"0":"post-75719","1":"product","2":"type-product","3":"status-publish","4":"has-post-thumbnail","6":"product_cat-morgenmaentel","7":"product_cat-herren-hausmantel","8":"product_cat-limited-edition-de","9":"product_tag-custom-size-de","10":"product_tag-monogram-de","11":"product_shipping_class-auf-bestellung","12":"pa_color-braun","13":"pa_fabric-content-cotton-de","14":"pa_fabric-weight-schwer-und-warm","15":"pa_pattern-abstrakt","16":"pa_size-2xl-de","17":"pa_size-3xl-de","18":"pa_size-4xl-de","19":"pa_size-5xl-de","20":"pa_size-9-10-jahre","21":"pa_size-l-de","22":"pa_size-m-de","23":"pa_size-massanfertigung","24":"pa_size-one-size-de","25":"pa_size-s-de","26":"pa_size-xl-de","27":"pa_size-xs-de","29":"first","30":"instock","31":"taxable","32":"shipping-taxable","33":"purchasable","34":"product-type-simple"},"_links":{"self":[{"href":"https:\/\/baturina-homewear.com\/de\/wp-json\/wp\/v2\/product\/75719","targetHints":{"allow":["GET"]}}],"collection":[{"href":"https:\/\/baturina-homewear.com\/de\/wp-json\/wp\/v2\/product"}],"about":[{"href":"https:\/\/baturina-homewear.com\/de\/wp-json\/wp\/v2\/types\/product"}],"replies":[{"embeddable":true,"href":"https:\/\/baturina-homewear.com\/de\/wp-json\/wp\/v2\/comments?post=75719"}],"version-history":[{"count":1,"href":"https:\/\/baturina-homewear.com\/de\/wp-json\/wp\/v2\/product\/75719\/revisions"}],"predecessor-version":[{"id":75721,"href":"https:\/\/baturina-homewear.com\/de\/wp-json\/wp\/v2\/product\/75719\/revisions\/75721"}],"wp:featuredmedia":[{"embeddable":true,"href":"https:\/\/baturina-homewear.com\/de\/wp-json\/wp\/v2\/media\/76372"}],"wp:attachment":[{"href":"https:\/\/baturina-homewear.com\/de\/wp-json\/wp\/v2\/media?parent=75719"}],"wp:term":[{"taxonomy":"product_brand","embeddable":true,"href":"https:\/\/baturina-homewear.com\/de\/wp-json\/wp\/v2\/product_brand?post=75719"},{"taxonomy":"product_cat","embeddable":true,"href":"https:\/\/baturina-homewear.com\/de\/wp-json\/wp\/v2\/product_cat?post=75719"},{"taxonomy":"product_tag","embeddable":true,"href":"https:\/\/baturina-homewear.com\/de\/wp-json\/wp\/v2\/product_tag?post=75719"}],"curies":[{"name":"wp","href":"https:\/\/api.w.org\/{rel}","templated":true}]}}