{"id":76186,"date":"2024-05-16T17:22:11","date_gmt":"2024-05-16T15:22:11","guid":{"rendered":"https:\/\/baturina-homewear.com\/product\/herren-hausmantel-weinrot-paisley-gold-gesteppt\/"},"modified":"2025-10-28T10:36:54","modified_gmt":"2025-10-28T09:36:54","slug":"herren-hausmantel-weinrot-paisley-gold-gesteppt","status":"publish","type":"product","link":"https:\/\/baturina-homewear.com\/de\/produkt\/herren-hausmantel-weinrot-paisley-gold-gesteppt\/","title":{"rendered":"Herren Hausmantel Weinrot Paisley Gold gesteppt"},"content":{"rendered":"<p>Hier kommt unser leichter Hausmantel, der aus atemberaubendem Paisley-Jacquard und reichhaltig gef\u00e4rbtem Satin in Weinrot und Gold gefertigt ist. Dieser luxuri\u00f6se Morgenmantel verf\u00fcgt \u00fcber einen fein gesteppten, handgen\u00e4hten Satin Besatz, der elegant mit Paspeln verziert ist. Die glatte Webstruktur und das gef\u00fctterte Satinfutter sorgen f\u00fcr ein angenehmes Gef\u00fchl auf der Haut. Mit dem langen G\u00fcrtel mit Quasten l\u00e4sst er sich m\u00fchelos befestigen. Dieser gesteppte Hausmantel mit Paisleymuster ist das ganze Jahr \u00fcber bequem und unterstreicht Ihren Lebensstil, egal ob Sie sich zu Hause entspannen oder G\u00e4ste empfangen, mit einem Hauch von Raffinesse und seidiger Eleganz.    <\/p>\n<ul>\n<li>Schalkragen<\/li>\n<li>Brusttasche<\/li>\n<li>zwei tiefe Seitentaschen<\/li>\n<li>verstellbare Umschlagmanschetten<\/li>\n<li>bequeme, lockere Passform<\/li>\n<li>diskrete Aufh\u00e4ngeschlaufe auf der R\u00fcckseite<\/li>\n<li>langer G\u00fcrtel<\/li>\n<li>L\u00e4nge des Morgenmantels 125 cm (49 in)<\/li>\n<\/ul>\n<p>Material und Pflege: 60% Polyester, 40% Viskose. Separate Maschinenw\u00e4sche bei 30\u00b0C, nicht im Trockner trocknen, B\u00fcgeln bei niedriger Hitze. <\/p>\n","protected":false},"excerpt":{"rendered":"<p>Unsere <strong>leichten, eleganten und leicht zu waschenden<\/strong> Morgenm\u00e4ntel mit Paisleymuster sind seit langem bei Kunden in aller Welt beliebt. Dieser<strong> luxuri\u00f6se Morgenmantel<\/strong> verf\u00fcgt \u00fcber einen <strong>gesteppten<\/strong>, handgen\u00e4hten Satin Besatz, der elegant mit <strong>Paspeln<\/strong> abgeschlossen ist.  Mit dem<strong> langen G\u00fcrtel mit Quasten<\/strong> l\u00e4sst er sich m\u00fchelos befestigen.<\/p>\n","protected":false},"featured_media":76071,"comment_status":"closed","ping_status":"closed","template":"","meta":[],"product_brand":[],"product_cat":[491,463,979],"product_tag":[464,768],"class_list":{"0":"post-76186","1":"product","2":"type-product","3":"status-publish","4":"has-post-thumbnail","6":"product_cat-morgenmaentel","7":"product_cat-herren-hausmantel","8":"product_cat-paisley-bademantel","9":"product_tag-custom-size-de","10":"product_tag-monogram-de","11":"product_shipping_class-auf-bestellung","12":"pa_color-rot","13":"pa_color-swatch-weinrot-gold","14":"pa_fabric-content-polyester-viscose-mix-de","15":"pa_fabric-weave-type-jacquard-de","16":"pa_fabric-weight-lightweight-de","17":"pa_pattern-paisley-de","18":"pa_size-2xl-de","19":"pa_size-3xl-de","20":"pa_size-4xl-de","21":"pa_size-5xl-de","22":"pa_size-9-10-jahre","23":"pa_size-l-de","24":"pa_size-m-de","25":"pa_size-massanfertigung","26":"pa_size-one-size-de","27":"pa_size-s-de","28":"pa_size-xl-de","29":"pa_size-xs-de","31":"first","32":"instock","33":"taxable","34":"shipping-taxable","35":"purchasable","36":"product-type-simple"},"_links":{"self":[{"href":"https:\/\/baturina-homewear.com\/de\/wp-json\/wp\/v2\/product\/76186","targetHints":{"allow":["GET"]}}],"collection":[{"href":"https:\/\/baturina-homewear.com\/de\/wp-json\/wp\/v2\/product"}],"about":[{"href":"https:\/\/baturina-homewear.com\/de\/wp-json\/wp\/v2\/types\/product"}],"replies":[{"embeddable":true,"href":"https:\/\/baturina-homewear.com\/de\/wp-json\/wp\/v2\/comments?post=76186"}],"version-history":[{"count":2,"href":"https:\/\/baturina-homewear.com\/de\/wp-json\/wp\/v2\/product\/76186\/revisions"}],"predecessor-version":[{"id":77657,"href":"https:\/\/baturina-homewear.com\/de\/wp-json\/wp\/v2\/product\/76186\/revisions\/77657"}],"wp:featuredmedia":[{"embeddable":true,"href":"https:\/\/baturina-homewear.com\/de\/wp-json\/wp\/v2\/media\/76071"}],"wp:attachment":[{"href":"https:\/\/baturina-homewear.com\/de\/wp-json\/wp\/v2\/media?parent=76186"}],"wp:term":[{"taxonomy":"product_brand","embeddable":true,"href":"https:\/\/baturina-homewear.com\/de\/wp-json\/wp\/v2\/product_brand?post=76186"},{"taxonomy":"product_cat","embeddable":true,"href":"https:\/\/baturina-homewear.com\/de\/wp-json\/wp\/v2\/product_cat?post=76186"},{"taxonomy":"product_tag","embeddable":true,"href":"https:\/\/baturina-homewear.com\/de\/wp-json\/wp\/v2\/product_tag?post=76186"}],"curies":[{"name":"wp","href":"https:\/\/api.w.org\/{rel}","templated":true}]}}