{"id":76216,"date":"2025-09-16T19:33:17","date_gmt":"2025-09-16T17:33:17","guid":{"rendered":"https:\/\/baturina-homewear.com\/product\/damen-hausmantel-blau-floral-gesteppt-reine-baumwolle\/"},"modified":"2026-03-24T14:02:04","modified_gmt":"2026-03-24T13:02:04","slug":"damen-hausmantel-blau-floral-gesteppt-reine-baumwolle","status":"publish","type":"product","link":"https:\/\/baturina-homewear.com\/de\/produkt\/damen-hausmantel-blau-floral-gesteppt-reine-baumwolle\/","title":{"rendered":"Damen Hausmantel Blau Floral Gesteppt Reine Baumwolle"},"content":{"rendered":"<p>H\u00fcllen Sie sich in diesen herrlichen blauen Morgenmantel mit Blumenmuster. Er f\u00fchlt sich an wie eine weiche, gewichtete Decke und ist der ultimative kuschelige Loungewear-Bademantel &#8211; f\u00fcr den fr\u00fchen Morgen, den sp\u00e4ten Abend und alles, was dazwischen liegt.  <\/p>\n<p>Das komplizierte Blumenmuster dieses Morgenmantels ist wundersch\u00f6n in Wei\u00df- und Pastellblau-T\u00f6nen gewebt. Dieser schwere und warme gesteppte Baumwollstoff in limitierter Auflage strahlt Eleganz aus. Er besteht aus reiner Baumwolle und ist sehr strapazierf\u00e4hig, um dem t\u00e4glichen Gebrauch standzuhalten und viele Jahre lang Freude zu bereiten. Wir haben den Morgenmantel so designt, dass der doppelseitige Stoff besonders gut zur Geltung kommt: Die blaue Seite mit dem Blumenmuster wird f\u00fcr den Hauptteil verwendet, w\u00e4hrend die Tupfen Revers und Manschetten akzentuieren. Wie alle unsere Morgenm\u00e4ntel hat er eine gro\u00dfz\u00fcgige Passform, Umschlagmanschetten und einen langen G\u00fcrtel.    <\/p>\n<ul>\n<li>Schalkragen<\/li>\n<li>zwei tiefe Seitentaschen<\/li>\n<li>verstellbare Umschlagmanschetten<\/li>\n<li>bequeme, lockere Passform<\/li>\n<li>diskrete Aufh\u00e4ngeschlaufe auf der R\u00fcckseite<\/li>\n<li>langer G\u00fcrtel<\/li>\n<li>Gr\u00f6\u00dfe Medium<\/li>\n<li>L\u00e4nge des Morgenmantels: 125 cm (49 in)<\/li>\n<li>Material und Pflege: 100% Baumwolle. Separat in der Maschine bei 30\u00b0C waschen, nicht im Trockner trocknen, bei niedriger Hitze b\u00fcgeln. <\/li>\n<\/ul>\n","protected":false},"excerpt":{"rendered":"<p><strong>Seltener Stoff &#8211; nur 2 verf\u00fcgbar.<\/strong>  Dieser Hausmantel aus reiner Baumwolle f\u00fchlt sich an wie eine weiche Decke und h\u00fcllt Sie in kuscheligen Komfort. Er hat ein wundersch\u00f6nes florales Design und ist aus einem doppelseitig gesteppten Baumwollstoff aus Frankreich gefertigt. <\/p>\n","protected":false},"featured_media":76207,"comment_status":"closed","ping_status":"closed","template":"","meta":[],"product_brand":[],"product_cat":[1202,728,1153,759,1211],"product_tag":[],"class_list":{"0":"post-76216","1":"product","2":"type-product","3":"status-publish","4":"has-post-thumbnail","6":"product_cat-lagerverkauf-fuer-sie","7":"product_cat-damen-morgenmantel","8":"product_cat-warme-morgenmantel","9":"product_cat-damen-hausmantel","10":"product_cat-winter-lounge","11":"product_shipping_class-auf-bestellung","12":"pa_color-blau","13":"pa_fabric-content-cotton-de","14":"pa_fabric-weight-schwer-und-warm","15":"pa_pattern-blumen","16":"pa_size-m-de","18":"first","19":"instock","20":"taxable","21":"shipping-taxable","22":"purchasable","23":"product-type-variable","24":"has-default-attributes"},"_links":{"self":[{"href":"https:\/\/baturina-homewear.com\/de\/wp-json\/wp\/v2\/product\/76216","targetHints":{"allow":["GET"]}}],"collection":[{"href":"https:\/\/baturina-homewear.com\/de\/wp-json\/wp\/v2\/product"}],"about":[{"href":"https:\/\/baturina-homewear.com\/de\/wp-json\/wp\/v2\/types\/product"}],"replies":[{"embeddable":true,"href":"https:\/\/baturina-homewear.com\/de\/wp-json\/wp\/v2\/comments?post=76216"}],"version-history":[{"count":3,"href":"https:\/\/baturina-homewear.com\/de\/wp-json\/wp\/v2\/product\/76216\/revisions"}],"predecessor-version":[{"id":80345,"href":"https:\/\/baturina-homewear.com\/de\/wp-json\/wp\/v2\/product\/76216\/revisions\/80345"}],"wp:featuredmedia":[{"embeddable":true,"href":"https:\/\/baturina-homewear.com\/de\/wp-json\/wp\/v2\/media\/76207"}],"wp:attachment":[{"href":"https:\/\/baturina-homewear.com\/de\/wp-json\/wp\/v2\/media?parent=76216"}],"wp:term":[{"taxonomy":"product_brand","embeddable":true,"href":"https:\/\/baturina-homewear.com\/de\/wp-json\/wp\/v2\/product_brand?post=76216"},{"taxonomy":"product_cat","embeddable":true,"href":"https:\/\/baturina-homewear.com\/de\/wp-json\/wp\/v2\/product_cat?post=76216"},{"taxonomy":"product_tag","embeddable":true,"href":"https:\/\/baturina-homewear.com\/de\/wp-json\/wp\/v2\/product_tag?post=76216"}],"curies":[{"name":"wp","href":"https:\/\/api.w.org\/{rel}","templated":true}]}}