{"id":76779,"date":"2025-10-10T19:19:13","date_gmt":"2025-10-10T17:19:13","guid":{"rendered":"https:\/\/baturina-homewear.com\/product\/herren-hausmantel-chartreuse-gruen-koenigsblau-jacquard-gesteppt\/"},"modified":"2026-01-16T11:19:26","modified_gmt":"2026-01-16T10:19:26","slug":"herren-hausmantel-chartreuse-gruen-koenigsblau-jacquard-gesteppt","status":"publish","type":"product","link":"https:\/\/baturina-homewear.com\/de\/produkt\/herren-hausmantel-chartreuse-gruen-koenigsblau-jacquard-gesteppt\/","title":{"rendered":"Herren Hausmantel Chartreuse Gr\u00fcn K\u00f6nigsblau Jacquard gesteppt"},"content":{"rendered":"<p>Die gewebte Struktur dieses k\u00fchnen Morgenmantels im Vintage-Look ist die Definition von Luxus und zeitloser Eleganz. Die Robe ist mit einem antiken Barockmuster im Vintage-Look verziert, und ihre Farbgebung zeichnet sich durch einen satten Farbton von \u00fcppigem Chartreusegr\u00fcn und k\u00f6nigsblauen Kontrastdetails aus. Das Design ist mit einem handgen\u00e4hten Satin Besatz mit goldenen Paspeln und Quasten verziert. Das Futter ist vollst\u00e4ndig mit reiner Baumwolle gef\u00fcttert und sorgt so f\u00fcr ein wenig W\u00e4rme.    Einfach mit dem langen G\u00fcrtel mit Quasten schlie\u00dfen. Hergestellt aus reinem Baumwollsatin und reinem Baumwolljacquard. Ein reichhaltiges und k\u00fchnes Design, das mit seiner lebhaften Farbgebung und \u00fcppigen Textur jeden Moment der Entspannung aufwertet. <\/p>\n<p>Wenn Sie auf der Suche nach einem mitteldicken Morgenmantel sind, der weder zu leicht noch zu schwer ist, ist dieser Morgenmantel die richtige Wahl f\u00fcr ganzj\u00e4hrigen Komfort und Stil.<\/p>\n<ul>\n<li>Schalkragen<\/li>\n<li>Brusttasche<\/li>\n<li>zwei tiefe Seitentaschen<\/li>\n<li>verstellbare Umschlagmanschetten<\/li>\n<li>bequeme, lockere Passform<\/li>\n<li>diskrete Aufh\u00e4ngeschlaufe auf der R\u00fcckseite<\/li>\n<li>langer G\u00fcrtel<\/li>\n<li>Material und Pflege: 100% Baumwolle. Separat in der Maschine bei 30\u00b0C waschen, nicht im Trockner trocknen, bei niedriger Hitze b\u00fcgeln. <\/li>\n<\/ul>\n<p>Alle unsere Designs werden individuell auf Bestellung in unserem Atelier angefertigt und jedes ist das Ergebnis stundenlanger handwerklicher Arbeit. Genie\u00dfen Sie Komfort und Stil in unseren Herren Morgenm\u00e4nteln, Pyjama Sets und Accessoires, hergestellt in Hamburg, Deutschland. <\/p>\n","protected":false},"excerpt":{"rendered":"<p>Hergestellt aus reinem Baumwollsatin und reinem Baumwolljacquard. Ein reichhaltiges und k\u00fchnes Design, das jeden Moment der Entspannung mit seiner lebhaften Farbgebung und \u00fcppigen Texturen aufwertet.   <strong>Limitierte Edition: Es werden nur 10 Morgenm\u00e4ntel hergestellt.<\/strong><\/p>\n","protected":false},"featured_media":77687,"comment_status":"open","ping_status":"closed","template":"","meta":[],"product_brand":[],"product_cat":[491,463,899],"product_tag":[464,768],"class_list":{"0":"post-76779","1":"product","2":"type-product","3":"status-publish","4":"has-post-thumbnail","6":"product_cat-morgenmaentel","7":"product_cat-herren-hausmantel","8":"product_cat-limited-edition-de","9":"product_tag-custom-size-de","10":"product_tag-monogram-de","11":"product_shipping_class-auf-bestellung","12":"pa_color-green-de","13":"pa_fabric-content-cotton-de","14":"pa_fabric-weave-type-jacquard-de","15":"pa_fabric-weave-type-satin-de","16":"pa_fabric-weight-regular-de","17":"pa_pattern-blumen","18":"pa_product-type-limited-edition-de","19":"pa_size-2xl-de","20":"pa_size-3xl-de","21":"pa_size-4xl-de","22":"pa_size-5xl-de","23":"pa_size-9-10-jahre","24":"pa_size-l-de","25":"pa_size-m-de","26":"pa_size-massanfertigung","27":"pa_size-one-size-de","28":"pa_size-s-de","29":"pa_size-xl-de","30":"pa_size-xs-de","32":"first","33":"instock","34":"taxable","35":"shipping-taxable","36":"purchasable","37":"product-type-simple"},"_links":{"self":[{"href":"https:\/\/baturina-homewear.com\/de\/wp-json\/wp\/v2\/product\/76779","targetHints":{"allow":["GET"]}}],"collection":[{"href":"https:\/\/baturina-homewear.com\/de\/wp-json\/wp\/v2\/product"}],"about":[{"href":"https:\/\/baturina-homewear.com\/de\/wp-json\/wp\/v2\/types\/product"}],"replies":[{"embeddable":true,"href":"https:\/\/baturina-homewear.com\/de\/wp-json\/wp\/v2\/comments?post=76779"}],"version-history":[{"count":1,"href":"https:\/\/baturina-homewear.com\/de\/wp-json\/wp\/v2\/product\/76779\/revisions"}],"predecessor-version":[{"id":76838,"href":"https:\/\/baturina-homewear.com\/de\/wp-json\/wp\/v2\/product\/76779\/revisions\/76838"}],"wp:featuredmedia":[{"embeddable":true,"href":"https:\/\/baturina-homewear.com\/de\/wp-json\/wp\/v2\/media\/77687"}],"wp:attachment":[{"href":"https:\/\/baturina-homewear.com\/de\/wp-json\/wp\/v2\/media?parent=76779"}],"wp:term":[{"taxonomy":"product_brand","embeddable":true,"href":"https:\/\/baturina-homewear.com\/de\/wp-json\/wp\/v2\/product_brand?post=76779"},{"taxonomy":"product_cat","embeddable":true,"href":"https:\/\/baturina-homewear.com\/de\/wp-json\/wp\/v2\/product_cat?post=76779"},{"taxonomy":"product_tag","embeddable":true,"href":"https:\/\/baturina-homewear.com\/de\/wp-json\/wp\/v2\/product_tag?post=76779"}],"curies":[{"name":"wp","href":"https:\/\/api.w.org\/{rel}","templated":true}]}}