{"id":76854,"date":"2025-10-14T19:17:19","date_gmt":"2025-10-14T17:17:19","guid":{"rendered":"https:\/\/baturina-homewear.com\/product\/herren-hausmantel-antique-gold-olive-gruen-samt-jacquard\/"},"modified":"2025-11-14T16:55:18","modified_gmt":"2025-11-14T15:55:18","slug":"herren-hausmantel-antique-gold-olive-gruen-samt-jacquard","status":"publish","type":"product","link":"https:\/\/baturina-homewear.com\/de\/produkt\/herren-hausmantel-antique-gold-olive-gruen-samt-jacquard\/","title":{"rendered":"Herren Hausmantel Antique Gold Olive Gr\u00fcn Samt Jacquard"},"content":{"rendered":"<p>Die gewebte Struktur dieses k\u00fchnen Morgenmantels im Vintage-Look ist die Definition von Luxus und zeitloser Eleganz. Er ist mit einem antiken Barock-Motiv-Muster im Used-Look verziert, und sein Farbschema zeichnet sich durch einen satten Farbton von antikem Rotgold und olivgr\u00fcnen Kontrastdetails aus. Das Design ist mit einem handgen\u00e4hten Satin Besatz mit dunkelgr\u00fcnen Paspeln und goldenen Quasten verziert. Das Futter ist vollst\u00e4ndig mit reiner, warmer Baumwolle gef\u00fcttert und w\u00e4rmt so zus\u00e4tzlich. Einfach mit dem langen G\u00fcrtel mit Quasten schlie\u00dfen. Hergestellt aus reinem Baumwolljacquard und reichhaltigem Satin. Ein reichhaltiges und k\u00fchnes Design, das mit seinen leuchtenden Farben und \u00fcppigen Texturen jeden Moment der Entspannung aufwertet.      <\/p>\n<p>Wenn Sie auf der Suche nach einem mitteldicken Morgenmantel sind, der weder zu leicht noch zu schwer ist, ist dieser Morgenmantel die richtige Wahl f\u00fcr ganzj\u00e4hrigen Komfort und Stil.<\/p>\n<ul>\n<li>Schalkragen<\/li>\n<li>Brusttasche<\/li>\n<li>zwei tiefe Seitentaschen<\/li>\n<li>verstellbare Umschlagmanschetten<\/li>\n<li>bequeme, lockere Passform<\/li>\n<li>diskrete Aufh\u00e4ngeschlaufe auf der R\u00fcckseite<\/li>\n<li>langer G\u00fcrtel<\/li>\n<li>Material und Pflege: \u00c4u\u00dferes: 60% Baumwolle, 40% Polyester. Bes\u00e4tze und Innenseite: 100% Baumwolle. Separat in der Maschine bei 30\u00b0C waschen, nicht im Trockner trocknen, bei niedriger Hitze b\u00fcgeln.  <\/li>\n<\/ul>\n<p>Alle unsere Designs werden individuell auf Bestellung in unserem Atelier angefertigt und jedes ist das Ergebnis stundenlanger handwerklicher Arbeit. Genie\u00dfen Sie Komfort und Stil in unseren Herren Morgenm\u00e4nteln, Pyjama Sets und Accessoires, hergestellt in Hamburg, Deutschland. <\/p>\n","protected":false},"excerpt":{"rendered":"<p>Ein reichhaltiges und k\u00fchnes Design, das mit seiner lebhaften Farbgebung und den \u00fcppigen Texturen jeden Moment der Entspannung aufwertet.  <strong>Limitierte Edition: Es werden nur 10 Morgenm\u00e4ntel hergestellt.<\/strong><\/p>\n","protected":false},"featured_media":76851,"comment_status":"closed","ping_status":"closed","template":"","meta":[],"product_brand":[],"product_cat":[899,463,491],"product_tag":[464,768],"class_list":{"0":"post-76854","1":"product","2":"type-product","3":"status-publish","4":"has-post-thumbnail","6":"product_cat-limited-edition-de","7":"product_cat-herren-hausmantel","8":"product_cat-morgenmaentel","9":"product_tag-custom-size-de","10":"product_tag-monogram-de","11":"product_shipping_class-auf-bestellung","12":"pa_color-gold-de","13":"pa_fabric-content-cotton-de","14":"pa_fabric-content-polyester-viscose-mix-de","15":"pa_fabric-weave-type-jacquard-de","16":"pa_fabric-weave-type-samt","17":"pa_fabric-weight-leicht-warm","18":"pa_pattern-blumen","19":"pa_product-type-limited-edition-de","20":"pa_size-2xl-de","21":"pa_size-3xl-de","22":"pa_size-4xl-de","23":"pa_size-5xl-de","24":"pa_size-l-de","25":"pa_size-m-de","26":"pa_size-massanfertigung","27":"pa_size-s-de","28":"pa_size-xl-de","29":"pa_size-xs-de","31":"first","32":"instock","33":"taxable","34":"shipping-taxable","35":"purchasable","36":"product-type-simple"},"_links":{"self":[{"href":"https:\/\/baturina-homewear.com\/de\/wp-json\/wp\/v2\/product\/76854","targetHints":{"allow":["GET"]}}],"collection":[{"href":"https:\/\/baturina-homewear.com\/de\/wp-json\/wp\/v2\/product"}],"about":[{"href":"https:\/\/baturina-homewear.com\/de\/wp-json\/wp\/v2\/types\/product"}],"replies":[{"embeddable":true,"href":"https:\/\/baturina-homewear.com\/de\/wp-json\/wp\/v2\/comments?post=76854"}],"version-history":[{"count":1,"href":"https:\/\/baturina-homewear.com\/de\/wp-json\/wp\/v2\/product\/76854\/revisions"}],"predecessor-version":[{"id":77950,"href":"https:\/\/baturina-homewear.com\/de\/wp-json\/wp\/v2\/product\/76854\/revisions\/77950"}],"wp:featuredmedia":[{"embeddable":true,"href":"https:\/\/baturina-homewear.com\/de\/wp-json\/wp\/v2\/media\/76851"}],"wp:attachment":[{"href":"https:\/\/baturina-homewear.com\/de\/wp-json\/wp\/v2\/media?parent=76854"}],"wp:term":[{"taxonomy":"product_brand","embeddable":true,"href":"https:\/\/baturina-homewear.com\/de\/wp-json\/wp\/v2\/product_brand?post=76854"},{"taxonomy":"product_cat","embeddable":true,"href":"https:\/\/baturina-homewear.com\/de\/wp-json\/wp\/v2\/product_cat?post=76854"},{"taxonomy":"product_tag","embeddable":true,"href":"https:\/\/baturina-homewear.com\/de\/wp-json\/wp\/v2\/product_tag?post=76854"}],"curies":[{"name":"wp","href":"https:\/\/api.w.org\/{rel}","templated":true}]}}