{"id":77997,"date":"2025-11-19T19:42:27","date_gmt":"2025-11-19T18:42:27","guid":{"rendered":"https:\/\/baturina-homewear.com\/product\/herren-hausmantel-weinrot-samt\/"},"modified":"2026-02-09T10:44:09","modified_gmt":"2026-02-09T09:44:09","slug":"herren-hausmantel-weinrot-samt","status":"publish","type":"product","link":"https:\/\/baturina-homewear.com\/de\/produkt\/herren-hausmantel-weinrot-samt\/","title":{"rendered":"Herren Hausmantel Weinrot Samt"},"content":{"rendered":"<p>Erleben Sie den Inbegriff von Luxus und Komfort mit unseren exquisiten Morgenm\u00e4nteln aus Samt. Diese Morgenm\u00e4ntel sind aus feinster Baumwolle gefertigt und in einer Vielzahl von Farben erh\u00e4ltlich, die Ihrem pers\u00f6nlichen Stil entsprechen. Jeder Morgenmantel zeichnet sich durch unsere charakteristischen feinen Steppungen, ein \u00fcppiges Futter aus Satin, elegante Kordelpaspeln und charmante Quasten aus. Ob Sie sich zu Hause entspannen oder G\u00e4ste empfangen, dieser Morgenmantel bietet unvergleichlichen Komfort und zeitlose Eleganz. G\u00f6nnen Sie sich das ultimative Entspannungserlebnis mit unserem Morgenmantel aus weinrotem Samt, der Qualit\u00e4t, Stil und luxuri\u00f6se Golddetails vereint.<\/p>\n<ul>\n<li>Schalkragen<\/li>\n<li>Brusttasche<\/li>\n<li>zwei tiefe Seitentaschen<\/li>\n<li>verstellbare Umschlagmanschetten<\/li>\n<li>bequeme, lockere Passform<\/li>\n<li>diskrete Aufh\u00e4ngeschlaufe auf der R\u00fcckseite<\/li>\n<li>langer G\u00fcrtel<\/li>\n<li>L\u00e4nge des Morgenmantels 135 cm (53 in)<\/li>\n<\/ul>\n<p>Material und Pflege: Au\u00dfenseite: 100% Baumwolle. Innen: 60% Polyester, 40% Viskose.  Professionelle Reinigung.<\/p>\n","protected":false},"excerpt":{"rendered":"<p>Erleben Sie den Inbegriff von Luxus und Komfort mit unseren exquisiten Morgenm\u00e4nteln aus Samt. Diese Morgenm\u00e4ntel sind aus feinster Baumwolle<\/p>\n","protected":false},"featured_media":61096,"comment_status":"closed","ping_status":"closed","template":"","meta":[],"product_brand":[],"product_cat":[1190],"product_tag":[],"class_list":{"0":"post-77997","1":"product","2":"type-product","3":"status-publish","4":"has-post-thumbnail","6":"product_cat-lagerverkauf","7":"product_shipping_class-regular-de","8":"pa_color-rot","9":"pa_fabric-content-cotton-de","10":"pa_size-l-de","11":"pa_size-m-de","13":"first","14":"outofstock","15":"taxable","16":"shipping-taxable","17":"purchasable","18":"product-type-variable","19":"has-default-attributes"},"_links":{"self":[{"href":"https:\/\/baturina-homewear.com\/de\/wp-json\/wp\/v2\/product\/77997","targetHints":{"allow":["GET"]}}],"collection":[{"href":"https:\/\/baturina-homewear.com\/de\/wp-json\/wp\/v2\/product"}],"about":[{"href":"https:\/\/baturina-homewear.com\/de\/wp-json\/wp\/v2\/types\/product"}],"replies":[{"embeddable":true,"href":"https:\/\/baturina-homewear.com\/de\/wp-json\/wp\/v2\/comments?post=77997"}],"version-history":[{"count":1,"href":"https:\/\/baturina-homewear.com\/de\/wp-json\/wp\/v2\/product\/77997\/revisions"}],"predecessor-version":[{"id":78071,"href":"https:\/\/baturina-homewear.com\/de\/wp-json\/wp\/v2\/product\/77997\/revisions\/78071"}],"wp:featuredmedia":[{"embeddable":true,"href":"https:\/\/baturina-homewear.com\/de\/wp-json\/wp\/v2\/media\/61096"}],"wp:attachment":[{"href":"https:\/\/baturina-homewear.com\/de\/wp-json\/wp\/v2\/media?parent=77997"}],"wp:term":[{"taxonomy":"product_brand","embeddable":true,"href":"https:\/\/baturina-homewear.com\/de\/wp-json\/wp\/v2\/product_brand?post=77997"},{"taxonomy":"product_cat","embeddable":true,"href":"https:\/\/baturina-homewear.com\/de\/wp-json\/wp\/v2\/product_cat?post=77997"},{"taxonomy":"product_tag","embeddable":true,"href":"https:\/\/baturina-homewear.com\/de\/wp-json\/wp\/v2\/product_tag?post=77997"}],"curies":[{"name":"wp","href":"https:\/\/api.w.org\/{rel}","templated":true}]}}