{"id":78000,"date":"2025-11-19T19:09:46","date_gmt":"2025-11-19T18:09:46","guid":{"rendered":"https:\/\/baturina-homewear.com\/product\/herren-hausmantel-chartreuse-olive\/"},"modified":"2025-11-19T20:15:25","modified_gmt":"2025-11-19T19:15:25","slug":"herren-hausmantel-chartreuse-olive","status":"publish","type":"product","link":"https:\/\/baturina-homewear.com\/de\/produkt\/herren-hausmantel-chartreuse-olive\/","title":{"rendered":"Herren Hausmantel Chartreuse Olive"},"content":{"rendered":"<p>Die gewebte Struktur dieses k\u00fchnen Morgenmantels im Vintage-Look ist die Definition von Luxus und zeitloser Eleganz. Die Robe ist mit einem antiken Barockmuster im Vintage-Look verziert, und ihre Farbgebung zeichnet sich durch einen satten Farbton in \u00fcppigem Chartreuse und olivgr\u00fcne Kontrastdetails aus. Das Design ist mit einem handgen\u00e4hten Satin Besatz mit goldenen Paspeln verziert. Es ist vollst\u00e4ndig mit glattem Satin gef\u00fcttert.    Einfach mit dem langen G\u00fcrtel befestigen. Hergestellt aus reinem Baumwolljacquard und reichhaltigem Satin. Ein reichhaltiges und k\u00fchnes Design, das mit seiner lebhaften Farbgebung und den \u00fcppigen Texturen jeden Moment der Entspannung aufwertet.<\/p>\n<p>Wenn Sie auf der Suche nach einem mitteldicken Morgenmantel sind, der weder zu leicht noch zu schwer ist, ist dieser Morgenmantel die richtige Wahl f\u00fcr ganzj\u00e4hrigen Komfort und Stil.<\/p>\n<ul>\n<li>Schalkragen<\/li>\n<li>Brusttasche<\/li>\n<li>zwei tiefe Seitentaschen<\/li>\n<li>verstellbare Umschlagmanschetten<\/li>\n<li>bequeme, lockere Passform<\/li>\n<li>diskrete Aufh\u00e4ngeschlaufe auf der R\u00fcckseite<\/li>\n<li>langer G\u00fcrtel<\/li>\n<li>L\u00e4nge des Morgenmantels: 125 cm (49 in)<\/li>\n<li>Material und Pflege: Au\u00dfenseite: 100% Baumwolle. Besatz und Innenseite: 60% Polyester, 40% Viskose. Separate Maschinenw\u00e4sche bei 30\u00b0C, nicht im Trockner trocknen, bei niedriger Hitze b\u00fcgeln.  <\/li>\n<\/ul>\n<p>Alle unsere Designs werden individuell auf Bestellung in unserem Atelier angefertigt und jedes ist das Ergebnis stundenlanger handwerklicher Arbeit. Genie\u00dfen Sie Komfort und Stil in unseren Herren Morgenm\u00e4nteln, Pyjama Sets und Accessoires, hergestellt in Hamburg, Deutschland. <\/p>\n","protected":false},"excerpt":{"rendered":"<p>Die gewebte Struktur dieses k\u00fchnen Morgenmantels im Vintage-Look ist die Definition von Luxus und zeitloser Eleganz. Die Robe ist mit<\/p>\n","protected":false},"featured_media":77941,"comment_status":"closed","ping_status":"closed","template":"","meta":[],"product_brand":[],"product_cat":[1190],"product_tag":[],"class_list":{"0":"post-78000","1":"product","2":"type-product","3":"status-publish","4":"has-post-thumbnail","6":"product_cat-lagerverkauf","7":"product_shipping_class-regular-de","8":"pa_color-gold-de","9":"pa_fabric-content-cotton-de","10":"pa_size-m-de","12":"first","13":"instock","14":"taxable","15":"shipping-taxable","16":"purchasable","17":"product-type-variable","18":"has-default-attributes"},"_links":{"self":[{"href":"https:\/\/baturina-homewear.com\/de\/wp-json\/wp\/v2\/product\/78000","targetHints":{"allow":["GET"]}}],"collection":[{"href":"https:\/\/baturina-homewear.com\/de\/wp-json\/wp\/v2\/product"}],"about":[{"href":"https:\/\/baturina-homewear.com\/de\/wp-json\/wp\/v2\/types\/product"}],"replies":[{"embeddable":true,"href":"https:\/\/baturina-homewear.com\/de\/wp-json\/wp\/v2\/comments?post=78000"}],"version-history":[{"count":1,"href":"https:\/\/baturina-homewear.com\/de\/wp-json\/wp\/v2\/product\/78000\/revisions"}],"predecessor-version":[{"id":78011,"href":"https:\/\/baturina-homewear.com\/de\/wp-json\/wp\/v2\/product\/78000\/revisions\/78011"}],"wp:featuredmedia":[{"embeddable":true,"href":"https:\/\/baturina-homewear.com\/de\/wp-json\/wp\/v2\/media\/77941"}],"wp:attachment":[{"href":"https:\/\/baturina-homewear.com\/de\/wp-json\/wp\/v2\/media?parent=78000"}],"wp:term":[{"taxonomy":"product_brand","embeddable":true,"href":"https:\/\/baturina-homewear.com\/de\/wp-json\/wp\/v2\/product_brand?post=78000"},{"taxonomy":"product_cat","embeddable":true,"href":"https:\/\/baturina-homewear.com\/de\/wp-json\/wp\/v2\/product_cat?post=78000"},{"taxonomy":"product_tag","embeddable":true,"href":"https:\/\/baturina-homewear.com\/de\/wp-json\/wp\/v2\/product_tag?post=78000"}],"curies":[{"name":"wp","href":"https:\/\/api.w.org\/{rel}","templated":true}]}}