{"id":78053,"date":"2025-11-20T13:46:48","date_gmt":"2025-11-20T12:46:48","guid":{"rendered":"https:\/\/baturina-homewear.com\/product\/herren-hausmantel-dark-wine-floral\/"},"modified":"2025-11-20T13:46:48","modified_gmt":"2025-11-20T12:46:48","slug":"herren-hausmantel-dark-wine-floral","status":"publish","type":"product","link":"https:\/\/baturina-homewear.com\/de\/produkt\/herren-hausmantel-dark-wine-floral\/","title":{"rendered":"Herren Hausmantel Dark Wine Floral"},"content":{"rendered":"<p>Der Morgenmantel Floral Elegance aus Jacquard und Samt in dunklem Weinrot, Olivgr\u00fcn und Gold ist mit seinem wundersch\u00f6n gewebten floralen Muster ein wahres Kunstwerk. Das verschlungene Chrysanthemenmuster in Orange-, Violett- und Goldt\u00f6nen auf dunkelolivgr\u00fcnem Grund ist gleicherma\u00dfen exotisch und elegant. Es hat Details aus pl\u00fcschigem, weinrotem Samt, der mit gold- und schwarzgestreiften Kordelpaspeln verziert ist. Das Futter ist vollst\u00e4ndig mit reiner schwarzer Baumwolle gef\u00fcttert und w\u00e4rmt so zus\u00e4tzlich.   <\/p>\n<p>Limited Edition &#8211; es werden nur 15 Morgenm\u00e4ntel hergestellt. Seien Sie einer der wenigen, die sich dieses exklusive St\u00fcck sichern und erleben Sie die perfekte Verschmelzung von Luxus, Komfort und Stil. <\/p>\n<p>Schalkragen<br \/>\nBrusttasche<br \/>\nzwei tiefe Seitentaschen<br \/>\nverstellbare Umschlagb\u00fcndchen<br \/>\nbequeme, lockere Passform<br \/>\ndiskrete Aufh\u00e4ngeschlaufe am R\u00fccken<br \/>\nlanger G\u00fcrtel<br \/>\nMaterial und Pflege: Au\u00dfen: 60% Polyester, 40% Baumwolle. Innen: 100% Baumwolle. Separate Maschinenw\u00e4sche bei 30\u00b0C, nicht im Trockner trocknen, B\u00fcgeln bei niedriger Hitze.<\/p>\n","protected":false},"excerpt":{"rendered":"<p>Der Morgenmantel Floral Elegance aus Jacquard und Samt in dunklem Weinrot, Olivgr\u00fcn und Gold ist mit seinem wundersch\u00f6n gewebten floralen<\/p>\n","protected":false},"featured_media":67494,"comment_status":"closed","ping_status":"closed","template":"","meta":[],"product_brand":[],"product_cat":[1190],"product_tag":[],"class_list":{"0":"post-78053","1":"product","2":"type-product","3":"status-publish","4":"has-post-thumbnail","6":"product_cat-lagerverkauf","7":"product_shipping_class-regular-de","8":"pa_color-rot","9":"pa_fabric-content-cotton-de","10":"pa_size-m-de","11":"pa_size-xl-de","13":"first","14":"instock","15":"taxable","16":"shipping-taxable","17":"purchasable","18":"product-type-variable","19":"has-default-attributes"},"_links":{"self":[{"href":"https:\/\/baturina-homewear.com\/de\/wp-json\/wp\/v2\/product\/78053","targetHints":{"allow":["GET"]}}],"collection":[{"href":"https:\/\/baturina-homewear.com\/de\/wp-json\/wp\/v2\/product"}],"about":[{"href":"https:\/\/baturina-homewear.com\/de\/wp-json\/wp\/v2\/types\/product"}],"replies":[{"embeddable":true,"href":"https:\/\/baturina-homewear.com\/de\/wp-json\/wp\/v2\/comments?post=78053"}],"version-history":[{"count":0,"href":"https:\/\/baturina-homewear.com\/de\/wp-json\/wp\/v2\/product\/78053\/revisions"}],"wp:featuredmedia":[{"embeddable":true,"href":"https:\/\/baturina-homewear.com\/de\/wp-json\/wp\/v2\/media\/67494"}],"wp:attachment":[{"href":"https:\/\/baturina-homewear.com\/de\/wp-json\/wp\/v2\/media?parent=78053"}],"wp:term":[{"taxonomy":"product_brand","embeddable":true,"href":"https:\/\/baturina-homewear.com\/de\/wp-json\/wp\/v2\/product_brand?post=78053"},{"taxonomy":"product_cat","embeddable":true,"href":"https:\/\/baturina-homewear.com\/de\/wp-json\/wp\/v2\/product_cat?post=78053"},{"taxonomy":"product_tag","embeddable":true,"href":"https:\/\/baturina-homewear.com\/de\/wp-json\/wp\/v2\/product_tag?post=78053"}],"curies":[{"name":"wp","href":"https:\/\/api.w.org\/{rel}","templated":true}]}}