{"id":78068,"date":"2025-11-20T11:07:49","date_gmt":"2025-11-20T10:07:49","guid":{"rendered":"https:\/\/baturina-homewear.com\/product\/herren-hausmantel-schwarzer-und-weisser-hahnentritt\/"},"modified":"2025-11-20T11:07:49","modified_gmt":"2025-11-20T10:07:49","slug":"herren-hausmantel-schwarzer-und-weisser-hahnentritt","status":"publish","type":"product","link":"https:\/\/baturina-homewear.com\/de\/produkt\/herren-hausmantel-schwarzer-und-weisser-hahnentritt\/","title":{"rendered":"Herren Hausmantel Schwarzer und wei\u00dfer Hahnentritt"},"content":{"rendered":"<p>Das Hahnentrittmuster dieses luxuri\u00f6sen Morgenmantels aus Baumwolle und Satin ist der Inbegriff von schlichter Eleganz. Das Design ist mit einem glatten, seidenartigen Satin Besatz versehen, der mit Paspeln verziert ist. Das Futter ist vollst\u00e4ndig in Satin gef\u00fcttert. Einfach mit dem langen G\u00fcrtel schlie\u00dfen. Wenn Sie einen mittelschweren Morgenmantel suchen, ist dieser Morgenmantel die richtige Wahl f\u00fcr das ganze Jahr \u00fcber Komfort und Stil. Alle unsere Designs werden individuell auf Bestellung in unserem Atelier angefertigt und jedes ist das Ergebnis stundenlanger handwerklicher Arbeit. Genie\u00dfen Sie Komfort und Stil in unseren Herren Morgenm\u00e4nteln, Pyjama Sets und Accessoires, hergestellt in Hamburg, Deutschland.      <\/p>\n<ul>\n<li>Schalkragen<\/li>\n<li>Brusttasche<\/li>\n<li>zwei tiefe Seitentaschen<\/li>\n<li>verstellbare Umschlagmanschetten<\/li>\n<li>bequeme, lockere Passform<\/li>\n<li>diskrete Aufh\u00e4ngeschlaufe auf der R\u00fcckseite<\/li>\n<li>langer G\u00fcrtel<\/li>\n<\/ul>\n<p>Material und Pflege: Au\u00dfenseite: 100% Baumwolle. Innen: 60% Polyester, 40% Viskose.  Separat waschen, 30\u00b0 C, nicht im Trockner trocknen, bei niedriger Hitze b\u00fcgeln.<\/p>\n","protected":false},"excerpt":{"rendered":"<p>Das Hahnentrittmuster dieses luxuri\u00f6sen Morgenmantels aus Baumwolle und Satin ist der Inbegriff von schlichter Eleganz. Das Design ist mit einem<\/p>\n","protected":false},"featured_media":68605,"comment_status":"closed","ping_status":"closed","template":"","meta":[],"product_brand":[],"product_cat":[1190],"product_tag":[],"class_list":{"0":"post-78068","1":"product","2":"type-product","3":"status-publish","4":"has-post-thumbnail","6":"product_cat-lagerverkauf","7":"product_shipping_class-regular-de","8":"pa_color-black-de","9":"pa_fabric-content-polyester-viscose-mix-de","10":"pa_size-m-de","12":"first","13":"instock","14":"taxable","15":"shipping-taxable","16":"purchasable","17":"product-type-variable","18":"has-default-attributes"},"_links":{"self":[{"href":"https:\/\/baturina-homewear.com\/de\/wp-json\/wp\/v2\/product\/78068","targetHints":{"allow":["GET"]}}],"collection":[{"href":"https:\/\/baturina-homewear.com\/de\/wp-json\/wp\/v2\/product"}],"about":[{"href":"https:\/\/baturina-homewear.com\/de\/wp-json\/wp\/v2\/types\/product"}],"replies":[{"embeddable":true,"href":"https:\/\/baturina-homewear.com\/de\/wp-json\/wp\/v2\/comments?post=78068"}],"version-history":[{"count":0,"href":"https:\/\/baturina-homewear.com\/de\/wp-json\/wp\/v2\/product\/78068\/revisions"}],"wp:featuredmedia":[{"embeddable":true,"href":"https:\/\/baturina-homewear.com\/de\/wp-json\/wp\/v2\/media\/68605"}],"wp:attachment":[{"href":"https:\/\/baturina-homewear.com\/de\/wp-json\/wp\/v2\/media?parent=78068"}],"wp:term":[{"taxonomy":"product_brand","embeddable":true,"href":"https:\/\/baturina-homewear.com\/de\/wp-json\/wp\/v2\/product_brand?post=78068"},{"taxonomy":"product_cat","embeddable":true,"href":"https:\/\/baturina-homewear.com\/de\/wp-json\/wp\/v2\/product_cat?post=78068"},{"taxonomy":"product_tag","embeddable":true,"href":"https:\/\/baturina-homewear.com\/de\/wp-json\/wp\/v2\/product_tag?post=78068"}],"curies":[{"name":"wp","href":"https:\/\/api.w.org\/{rel}","templated":true}]}}