{"id":78175,"date":"2025-11-27T18:21:57","date_gmt":"2025-11-27T17:21:57","guid":{"rendered":"https:\/\/baturina-homewear.com\/product\/damen-hausmantel-pastellfarbener-blumenjacquard-mit-gestepptem-cremefarbenem-satin\/"},"modified":"2025-12-01T13:23:34","modified_gmt":"2025-12-01T12:23:34","slug":"damen-hausmantel-pastellfarbener-blumenjacquard-mit-gestepptem-cremefarbenem-satin","status":"publish","type":"product","link":"https:\/\/baturina-homewear.com\/de\/produkt\/damen-hausmantel-pastellfarbener-blumenjacquard-mit-gestepptem-cremefarbenem-satin\/","title":{"rendered":"Damen Hausmantel Pastellfarbener Blumenjacquard mit gestepptem cremefarbenem Satin"},"content":{"rendered":"<p>Dieser luxuri\u00f6se, leichte Hausmantel ist aus einem umwerfenden pastellblauen Baumwolljacquard gefertigt. Er verf\u00fcgt \u00fcber ein eingewebtes florales Design im Vintage-Stil in einem sanften Blauton. Kragen, Manschetten und Taschendetails sind aus seidenartigem, glattem, cremefarbenem Satin gefertigt und mit handgestickten Steppn\u00e4hten und goldenen Paspeln versehen.   Es ist innen sehr weich, da es vollst\u00e4ndig mit seidenartigem Satin gef\u00fcttert ist. Einfach mit dem langen G\u00fcrtel befestigen. Ein zeitlos eleganter Hausmantel, der viele Jahre lang halten wird.<\/p>\n<ul>\n<li>Gewicht des Hauptstoffs 135 g\/m2 (ein Morgenmantel der Gr\u00f6\u00dfe M wiegt 1,5 kg oder 3,3 lb)<\/li>\n<li>Schalkragen<\/li>\n<li>Brusttasche<\/li>\n<li>zwei tiefe Seitentaschen<\/li>\n<li>verstellbare Umschlagmanschetten<\/li>\n<li>bequeme, lockere Passform<\/li>\n<li>diskrete Aufh\u00e4ngeschlaufe auf der R\u00fcckseite<\/li>\n<li>langer G\u00fcrtel<\/li>\n<\/ul>\n<p>Material und Pflege: 60% Baumwolle, 40% Polyester. Maschinenw\u00e4sche bei 30\u00b0C, nicht im Trockner trocknen, bei niedriger Hitze b\u00fcgeln.<\/p>\n<p>Das Model ist 172 cm gro\u00df und tr\u00e4gt Gr\u00f6\u00dfe M mit einer L\u00e4nge von 125 cm.<\/p>\n","protected":false},"excerpt":{"rendered":"<p>Dieser luxuri\u00f6se, leichte Hausmantel ist aus einem umwerfenden pastellblauen Baumwolljacquard gefertigt. Er verf\u00fcgt \u00fcber ein eingewebtes florales Design im Vintage-Stil<\/p>\n","protected":false},"featured_media":78176,"comment_status":"closed","ping_status":"closed","template":"","meta":[],"product_brand":[],"product_cat":[759,728],"product_tag":[731,768],"class_list":{"0":"post-78175","1":"product","2":"type-product","3":"status-publish","4":"has-post-thumbnail","6":"product_cat-damen-hausmantel","7":"product_cat-damen-morgenmantel","8":"product_tag-custom-size-damen","9":"product_tag-monogram-de","10":"product_shipping_class-auf-bestellung","11":"pa_color-blau","12":"pa_fabric-content-cotton-de","13":"pa_fabric-content-polyester-viscose-mix-de","14":"pa_fabric-weave-type-jacquard-de","15":"pa_fabric-weight-regular-de","16":"pa_size-2xl-de","17":"pa_size-l-de","18":"pa_size-m-de","19":"pa_size-massanfertigung","20":"pa_size-s-de","21":"pa_size-xl-de","22":"pa_size-xs-de","24":"first","25":"instock","26":"taxable","27":"shipping-taxable","28":"purchasable","29":"product-type-simple"},"_links":{"self":[{"href":"https:\/\/baturina-homewear.com\/de\/wp-json\/wp\/v2\/product\/78175","targetHints":{"allow":["GET"]}}],"collection":[{"href":"https:\/\/baturina-homewear.com\/de\/wp-json\/wp\/v2\/product"}],"about":[{"href":"https:\/\/baturina-homewear.com\/de\/wp-json\/wp\/v2\/types\/product"}],"replies":[{"embeddable":true,"href":"https:\/\/baturina-homewear.com\/de\/wp-json\/wp\/v2\/comments?post=78175"}],"version-history":[{"count":1,"href":"https:\/\/baturina-homewear.com\/de\/wp-json\/wp\/v2\/product\/78175\/revisions"}],"predecessor-version":[{"id":78229,"href":"https:\/\/baturina-homewear.com\/de\/wp-json\/wp\/v2\/product\/78175\/revisions\/78229"}],"wp:featuredmedia":[{"embeddable":true,"href":"https:\/\/baturina-homewear.com\/de\/wp-json\/wp\/v2\/media\/78176"}],"wp:attachment":[{"href":"https:\/\/baturina-homewear.com\/de\/wp-json\/wp\/v2\/media?parent=78175"}],"wp:term":[{"taxonomy":"product_brand","embeddable":true,"href":"https:\/\/baturina-homewear.com\/de\/wp-json\/wp\/v2\/product_brand?post=78175"},{"taxonomy":"product_cat","embeddable":true,"href":"https:\/\/baturina-homewear.com\/de\/wp-json\/wp\/v2\/product_cat?post=78175"},{"taxonomy":"product_tag","embeddable":true,"href":"https:\/\/baturina-homewear.com\/de\/wp-json\/wp\/v2\/product_tag?post=78175"}],"curies":[{"name":"wp","href":"https:\/\/api.w.org\/{rel}","templated":true}]}}