{"id":78208,"date":"2025-11-29T18:17:53","date_gmt":"2025-11-29T17:17:53","guid":{"rendered":"https:\/\/baturina-homewear.com\/product\/herren-hausmantel-tiger\/"},"modified":"2026-03-30T21:59:09","modified_gmt":"2026-03-30T19:59:09","slug":"herren-hausmantel-tiger","status":"publish","type":"product","link":"https:\/\/baturina-homewear.com\/de\/produkt\/herren-hausmantel-tiger\/","title":{"rendered":"Herren Hausmantel Tiger Fleece"},"content":{"rendered":"<p>Zeigen Sie Ihre wilde Seite in diesem pl\u00fcschigen Hausmantel, der sich sanft an Sie schmiegt. Er wurde sorgf\u00e4ltig aus Fleece mit Tigermuster gefertigt. Das Muster wurde sorgf\u00e4ltig von Hand ausgerichtet und angepasst, um ein auff\u00e4lliges Erscheinungsbild zu schaffen. Das Fleece ist extrem pl\u00fcschig und weich &#8211; ein wahrer Genuss f\u00fcr die Sinne. Ein vielseitiger und pflegeleichter Morgenmantel, der sowohl nach dem Duschen als auch beim Entspannen im Haus getragen werden kann.   <\/p>\n<p>Der warme Stoff f\u00fchlt sich sanft und beruhigend an und sorgt daf\u00fcr, dass Sie sich in k\u00fcrzester Zeit trocken und wohl f\u00fchlen. Dieser vielseitige Morgenmantel ist ideal f\u00fcr alle, die einen einzigen Morgenmantel f\u00fcr mehrere Zwecke ben\u00f6tigen. Mit ihm k\u00f6nnen Sie m\u00fchelos vom Bad zur Entspannung \u00fcbergehen und dabei m\u00fchelos schick aussehen. G\u00f6nnen Sie sich einen Morgenmantel, der Luxus, Zweckm\u00e4\u00dfigkeit und k\u00fchnen Stil vereint. Erleben Sie Komfort wie nie zuvor. <\/p>\n<ul>\n<li>weich und pl\u00fcschig<\/li>\n<li>Schalkragen<\/li>\n<li>Brusttasche<\/li>\n<li>zwei tiefe Seitentaschen<\/li>\n<li>bequeme, lockere Passform<\/li>\n<li>diskrete Aufh\u00e4ngeschlaufe auf der R\u00fcckseite<\/li>\n<li>langer G\u00fcrtel<\/li>\n<li>Anti-Pillen-Vlies<\/li>\n<li>Material und Pflege: 100% Polyester. Maschinenw\u00e4sche bei 30\u00b0C, nicht im Trockner trocknen, bei niedriger Hitze b\u00fcgeln. <\/li>\n<\/ul>\n","protected":false},"excerpt":{"rendered":"<p>Zeigen Sie Ihre wilde Seite in diesem pl\u00fcschigen Hausmantel, der sich sanft an Sie schmiegt. Er wurde sorgf\u00e4ltig aus Polyesterfleece mit Tigerprint gefertigt. Das Muster wurde sorgf\u00e4ltig von Hand ausgerichtet und angepasst, um ein auff\u00e4lliges Erscheinungsbild zu schaffen. <\/p>\n","protected":false},"featured_media":79255,"comment_status":"open","ping_status":"closed","template":"","meta":[],"product_brand":[],"product_cat":[491,662,463,1206,994],"product_tag":[464],"class_list":{"0":"post-78208","1":"product","2":"type-product","3":"status-publish","4":"has-post-thumbnail","6":"product_cat-morgenmaentel","7":"product_cat-bademantel","8":"product_cat-herren-hausmantel","9":"product_cat-wilde-welt","10":"product_cat-warme-mantel","11":"product_tag-custom-size-de","12":"product_shipping_class-auf-bestellung","13":"pa_fabric-content-polyester-viscose-mix-de","14":"pa_fabric-weave-type-fleece-de","15":"pa_size-2xl-de","16":"pa_size-3xl-de","17":"pa_size-4xl-de","18":"pa_size-5xl-de","19":"pa_size-9-10-jahre","20":"pa_size-l-de","21":"pa_size-m-de","22":"pa_size-massanfertigung","23":"pa_size-one-size-de","24":"pa_size-s-de","25":"pa_size-xl-de","26":"pa_size-xs-de","28":"first","29":"instock","30":"taxable","31":"shipping-taxable","32":"purchasable","33":"product-type-simple"},"_links":{"self":[{"href":"https:\/\/baturina-homewear.com\/de\/wp-json\/wp\/v2\/product\/78208","targetHints":{"allow":["GET"]}}],"collection":[{"href":"https:\/\/baturina-homewear.com\/de\/wp-json\/wp\/v2\/product"}],"about":[{"href":"https:\/\/baturina-homewear.com\/de\/wp-json\/wp\/v2\/types\/product"}],"replies":[{"embeddable":true,"href":"https:\/\/baturina-homewear.com\/de\/wp-json\/wp\/v2\/comments?post=78208"}],"version-history":[{"count":2,"href":"https:\/\/baturina-homewear.com\/de\/wp-json\/wp\/v2\/product\/78208\/revisions"}],"predecessor-version":[{"id":80574,"href":"https:\/\/baturina-homewear.com\/de\/wp-json\/wp\/v2\/product\/78208\/revisions\/80574"}],"wp:featuredmedia":[{"embeddable":true,"href":"https:\/\/baturina-homewear.com\/de\/wp-json\/wp\/v2\/media\/79255"}],"wp:attachment":[{"href":"https:\/\/baturina-homewear.com\/de\/wp-json\/wp\/v2\/media?parent=78208"}],"wp:term":[{"taxonomy":"product_brand","embeddable":true,"href":"https:\/\/baturina-homewear.com\/de\/wp-json\/wp\/v2\/product_brand?post=78208"},{"taxonomy":"product_cat","embeddable":true,"href":"https:\/\/baturina-homewear.com\/de\/wp-json\/wp\/v2\/product_cat?post=78208"},{"taxonomy":"product_tag","embeddable":true,"href":"https:\/\/baturina-homewear.com\/de\/wp-json\/wp\/v2\/product_tag?post=78208"}],"curies":[{"name":"wp","href":"https:\/\/api.w.org\/{rel}","templated":true}]}}