{"id":78278,"date":"2025-12-03T15:24:19","date_gmt":"2025-12-03T14:24:19","guid":{"rendered":"https:\/\/baturina-homewear.com\/product\/herren-hausmantel-seegruener-samt\/"},"modified":"2026-04-30T12:45:42","modified_gmt":"2026-04-30T10:45:42","slug":"herren-hausmantel-seegruener-samt","status":"publish","type":"product","link":"https:\/\/baturina-homewear.com\/de\/produkt\/herren-hausmantel-seegruener-samt\/","title":{"rendered":"Herren Hausmantel Teal Cotton Velvet"},"content":{"rendered":"<p>Entdecken Sie Eleganz in diesem pl\u00fcschigen und sanft w\u00e4rmenden Morgenmantel aus reinem Baumwollsamt und k\u00fchlender Viskose. Der pl\u00fcschige Samt h\u00fcllt Sie in Luxus ein. Im Inneren erwartet Sie ein k\u00fchlendes, geschmeidiges Viskosefutter mit einem neuartigen Hirschmuster.   Mit kontrastierenden silbernen Paspeln versehen. Einfach mit dem langen G\u00fcrtel befestigen.<\/p>\n<p><strong>Design-Merkmale:<\/strong><\/p>\n<ul>\n<li>Schalkragen<\/li>\n<li>voll gef\u00fcttert<\/li>\n<li>Brusttasche<\/li>\n<li>Bietet Seitentaschen<\/li>\n<li>diskrete Aufh\u00e4ngeschlaufe<\/li>\n<li>Umschlagmanschetten<\/li>\n<li>mit Paspeln eingefasst<\/li>\n<li>langer G\u00fcrtel<\/li>\n<\/ul>\n<p><strong>Materialien und Pflege:<\/strong><\/p>\n<ul>\n<li>100% Baumwolle<\/li>\n<li>geringes Gewicht<\/li>\n<li>Maschinenw\u00e4sche bei 30\u00b0C (86\u00b0F), nicht im Trockner trocknen, bei geringer Hitze b\u00fcgeln.<\/li>\n<\/ul>\n","protected":false},"excerpt":{"rendered":"<p>Entdecken Sie Eleganz in diesem pl\u00fcschigen und sanft w\u00e4rmenden Morgenmantel aus reinem Baumwollsamt und k\u00fchlender Viskose. Der pl\u00fcschige Samt h\u00fcllt<\/p>\n","protected":false},"featured_media":70680,"comment_status":"closed","ping_status":"closed","template":"","meta":[],"product_brand":[],"product_cat":[1190],"product_tag":[],"class_list":{"0":"post-78278","1":"product","2":"type-product","3":"status-publish","4":"has-post-thumbnail","6":"product_cat-lagerverkauf","7":"product_shipping_class-regular-de","8":"pa_size-m-de","9":"pa_size-xl-de","11":"first","12":"instock","13":"taxable","14":"shipping-taxable","15":"purchasable","16":"product-type-variable"},"_links":{"self":[{"href":"https:\/\/baturina-homewear.com\/de\/wp-json\/wp\/v2\/product\/78278","targetHints":{"allow":["GET"]}}],"collection":[{"href":"https:\/\/baturina-homewear.com\/de\/wp-json\/wp\/v2\/product"}],"about":[{"href":"https:\/\/baturina-homewear.com\/de\/wp-json\/wp\/v2\/types\/product"}],"replies":[{"embeddable":true,"href":"https:\/\/baturina-homewear.com\/de\/wp-json\/wp\/v2\/comments?post=78278"}],"version-history":[{"count":1,"href":"https:\/\/baturina-homewear.com\/de\/wp-json\/wp\/v2\/product\/78278\/revisions"}],"predecessor-version":[{"id":81089,"href":"https:\/\/baturina-homewear.com\/de\/wp-json\/wp\/v2\/product\/78278\/revisions\/81089"}],"wp:featuredmedia":[{"embeddable":true,"href":"https:\/\/baturina-homewear.com\/de\/wp-json\/wp\/v2\/media\/70680"}],"wp:attachment":[{"href":"https:\/\/baturina-homewear.com\/de\/wp-json\/wp\/v2\/media?parent=78278"}],"wp:term":[{"taxonomy":"product_brand","embeddable":true,"href":"https:\/\/baturina-homewear.com\/de\/wp-json\/wp\/v2\/product_brand?post=78278"},{"taxonomy":"product_cat","embeddable":true,"href":"https:\/\/baturina-homewear.com\/de\/wp-json\/wp\/v2\/product_cat?post=78278"},{"taxonomy":"product_tag","embeddable":true,"href":"https:\/\/baturina-homewear.com\/de\/wp-json\/wp\/v2\/product_tag?post=78278"}],"curies":[{"name":"wp","href":"https:\/\/api.w.org\/{rel}","templated":true}]}}