{"id":78279,"date":"2025-12-03T14:54:04","date_gmt":"2025-12-03T13:54:04","guid":{"rendered":"https:\/\/baturina-homewear.com\/product\/morgenmantel-mit-blumenmuster-fuer-frauen-reine-baumwolle\/"},"modified":"2026-03-23T14:19:20","modified_gmt":"2026-03-23T13:19:20","slug":"morgenmantel-mit-blumenmuster-fuer-frauen-reine-baumwolle","status":"publish","type":"product","link":"https:\/\/baturina-homewear.com\/de\/produkt\/morgenmantel-mit-blumenmuster-fuer-frauen-reine-baumwolle\/","title":{"rendered":"Morgenmantel mit Blumenmuster f\u00fcr Frauen Reine Baumwolle"},"content":{"rendered":"<p>H\u00fcllen Sie sich in allt\u00e4gliche Eleganz mit diesem wundersch\u00f6n geschnittenen Hausmantel aus 100% reiner Baumwolle. Der leichte, aber dennoch robuste Stoff ist atmungsaktiv und strapazierf\u00e4hig und bietet das ganze Jahr \u00fcber Komfort, vom ruhigen Sommermorgen bis zum gem\u00fctlichen Winterabend. <\/p>\n<p>Details zur Passform:<\/p>\n<p>Brusttasche<br \/>\nZwei gro\u00dfe Seitentaschen<br \/>\nLanger G\u00fcrtel (210 cm, 82.5 in)<br \/>\nL\u00e4nge des Morgenmantels (abgebildet): 140 cm (55 Zoll)<br \/>\nDesign-Merkmale:<\/p>\n<p>Schalkragen<br \/>\nungef\u00fcttert<br \/>\nmit goldenen Paspeln eingefasst<br \/>\nMaterial und Pflege:<\/p>\n<p>100% Baumwolle<br \/>\nmittelschwer<br \/>\nMaschinenw\u00e4sche bei 30\u00b0C (86\u00b0F), nicht im Trockner trocknen, auf niedriger Stufe b\u00fcgeln.<\/p>\n","protected":false},"excerpt":{"rendered":"<p>H\u00fcllen Sie sich in allt\u00e4gliche Eleganz mit diesem wundersch\u00f6n geschnittenen Hausmantel aus 100% reiner Baumwolle. Der leichte, aber dennoch robuste<\/p>\n","protected":false},"featured_media":69741,"comment_status":"closed","ping_status":"closed","template":"","meta":[],"product_brand":[],"product_cat":[1202],"product_tag":[],"class_list":{"0":"post-78279","1":"product","2":"type-product","3":"status-publish","4":"has-post-thumbnail","6":"product_cat-lagerverkauf-fuer-sie","7":"product_shipping_class-regular-de","8":"pa_size-m-de","10":"first","11":"instock","12":"taxable","13":"shipping-taxable","14":"purchasable","15":"product-type-variable","16":"has-default-attributes"},"_links":{"self":[{"href":"https:\/\/baturina-homewear.com\/de\/wp-json\/wp\/v2\/product\/78279","targetHints":{"allow":["GET"]}}],"collection":[{"href":"https:\/\/baturina-homewear.com\/de\/wp-json\/wp\/v2\/product"}],"about":[{"href":"https:\/\/baturina-homewear.com\/de\/wp-json\/wp\/v2\/types\/product"}],"replies":[{"embeddable":true,"href":"https:\/\/baturina-homewear.com\/de\/wp-json\/wp\/v2\/comments?post=78279"}],"version-history":[{"count":1,"href":"https:\/\/baturina-homewear.com\/de\/wp-json\/wp\/v2\/product\/78279\/revisions"}],"predecessor-version":[{"id":80326,"href":"https:\/\/baturina-homewear.com\/de\/wp-json\/wp\/v2\/product\/78279\/revisions\/80326"}],"wp:featuredmedia":[{"embeddable":true,"href":"https:\/\/baturina-homewear.com\/de\/wp-json\/wp\/v2\/media\/69741"}],"wp:attachment":[{"href":"https:\/\/baturina-homewear.com\/de\/wp-json\/wp\/v2\/media?parent=78279"}],"wp:term":[{"taxonomy":"product_brand","embeddable":true,"href":"https:\/\/baturina-homewear.com\/de\/wp-json\/wp\/v2\/product_brand?post=78279"},{"taxonomy":"product_cat","embeddable":true,"href":"https:\/\/baturina-homewear.com\/de\/wp-json\/wp\/v2\/product_cat?post=78279"},{"taxonomy":"product_tag","embeddable":true,"href":"https:\/\/baturina-homewear.com\/de\/wp-json\/wp\/v2\/product_tag?post=78279"}],"curies":[{"name":"wp","href":"https:\/\/api.w.org\/{rel}","templated":true}]}}