{"id":78359,"date":"2025-12-08T18:44:48","date_gmt":"2025-12-08T17:44:48","guid":{"rendered":"https:\/\/baturina-homewear.com\/product\/damen-hausmantel-weinrot-gold-paisley\/"},"modified":"2026-03-23T14:19:21","modified_gmt":"2026-03-23T13:19:21","slug":"damen-hausmantel-weinrot-gold-paisley","status":"publish","type":"product","link":"https:\/\/baturina-homewear.com\/de\/produkt\/damen-hausmantel-weinrot-gold-paisley\/","title":{"rendered":"Damen Hausmantel Weinrot Gold Paisley"},"content":{"rendered":"<p>Unser leichter Hausmantel ist aus atemberaubendem Paisley-Jacquard und reichhaltig gef\u00e4rbtem Satin in Gold und Weinrot gefertigt. Dieser luxuri\u00f6se Morgenmantel verf\u00fcgt \u00fcber einen fein gesteppten, handgen\u00e4hten Satin Besatz, der elegant mit Paspeln verziert ist. Die weiche Webstruktur und das gef\u00fctterte Futter aus Satin sorgen f\u00fcr ein angenehmes Gef\u00fchl auf der Haut. Mit dem langen G\u00fcrtel mit Quasten l\u00e4sst er sich m\u00fchelos befestigen. Dieser gesteppte Hausmantel mit Paisleymuster ist das ganze Jahr \u00fcber bequem und unterstreicht Ihren Lebensstil, ob Sie nun zu Hause entspannen oder G\u00e4ste empfangen, mit einem Hauch von Raffinesse und seidiger Eleganz.<\/p>\n<ul>\n<li>Schalkragen<\/li>\n<li>Brusttasche<\/li>\n<li>zwei tiefe Seitentaschen<\/li>\n<li>verstellbare Umschlagmanschetten<\/li>\n<li>bequeme, lockere Passform<\/li>\n<li>diskrete Aufh\u00e4ngeschlaufe auf der R\u00fcckseite<\/li>\n<li>langer G\u00fcrtel<\/li>\n<\/ul>\n<p>Material und Pflege: 60% Polyester, 40% Viskose. Separate Maschinenw\u00e4sche bei 30\u00b0C, nicht im Trockner trocknen, B\u00fcgeln bei niedriger Hitze. <\/p>\n","protected":false},"excerpt":{"rendered":"<p>Unser leichter Hausmantel ist aus atemberaubendem Paisley-Jacquard und reichhaltig gef\u00e4rbtem Satin in Gold und Weinrot gefertigt. Dieser luxuri\u00f6se Morgenmantel verf\u00fcgt<\/p>\n","protected":false},"featured_media":78360,"comment_status":"closed","ping_status":"closed","template":"","meta":[],"product_brand":[],"product_cat":[1202],"product_tag":[],"class_list":{"0":"post-78359","1":"product","2":"type-product","3":"status-publish","4":"has-post-thumbnail","6":"product_cat-lagerverkauf-fuer-sie","7":"product_shipping_class-regular-de","8":"pa_size-l-de","10":"first","11":"instock","12":"taxable","13":"shipping-taxable","14":"purchasable","15":"product-type-variable"},"_links":{"self":[{"href":"https:\/\/baturina-homewear.com\/de\/wp-json\/wp\/v2\/product\/78359","targetHints":{"allow":["GET"]}}],"collection":[{"href":"https:\/\/baturina-homewear.com\/de\/wp-json\/wp\/v2\/product"}],"about":[{"href":"https:\/\/baturina-homewear.com\/de\/wp-json\/wp\/v2\/types\/product"}],"replies":[{"embeddable":true,"href":"https:\/\/baturina-homewear.com\/de\/wp-json\/wp\/v2\/comments?post=78359"}],"version-history":[{"count":1,"href":"https:\/\/baturina-homewear.com\/de\/wp-json\/wp\/v2\/product\/78359\/revisions"}],"predecessor-version":[{"id":80327,"href":"https:\/\/baturina-homewear.com\/de\/wp-json\/wp\/v2\/product\/78359\/revisions\/80327"}],"wp:featuredmedia":[{"embeddable":true,"href":"https:\/\/baturina-homewear.com\/de\/wp-json\/wp\/v2\/media\/78360"}],"wp:attachment":[{"href":"https:\/\/baturina-homewear.com\/de\/wp-json\/wp\/v2\/media?parent=78359"}],"wp:term":[{"taxonomy":"product_brand","embeddable":true,"href":"https:\/\/baturina-homewear.com\/de\/wp-json\/wp\/v2\/product_brand?post=78359"},{"taxonomy":"product_cat","embeddable":true,"href":"https:\/\/baturina-homewear.com\/de\/wp-json\/wp\/v2\/product_cat?post=78359"},{"taxonomy":"product_tag","embeddable":true,"href":"https:\/\/baturina-homewear.com\/de\/wp-json\/wp\/v2\/product_tag?post=78359"}],"curies":[{"name":"wp","href":"https:\/\/api.w.org\/{rel}","templated":true}]}}