{"id":78366,"date":"2025-12-08T18:50:29","date_gmt":"2025-12-08T17:50:29","guid":{"rendered":"https:\/\/baturina-homewear.com\/product\/herren-hausmantel-dunkelblau-paisley-gesteppt\/"},"modified":"2025-12-08T19:14:33","modified_gmt":"2025-12-08T18:14:33","slug":"herren-hausmantel-dunkelblau-paisley-gesteppt","status":"publish","type":"product","link":"https:\/\/baturina-homewear.com\/de\/produkt\/herren-hausmantel-dunkelblau-paisley-gesteppt\/","title":{"rendered":"Herren Hausmantel Dunkelblau Paisley gesteppt"},"content":{"rendered":"<p>Hier kommt unser leichter Hausmantel, der aus wundersch\u00f6nem Paisley-Jacquard und geschmeidigem Satin gefertigt ist. Dieser luxuri\u00f6se Morgenmantel verf\u00fcgt \u00fcber einen fein gesteppten, handgen\u00e4hten Satin Besatz, der elegant mit Paspeln verarbeitet ist. Die weiche Webstruktur und das gef\u00fctterte Futter aus Satin sorgen f\u00fcr ein angenehmes Gef\u00fchl auf der Haut. Mit dem langen G\u00fcrtel mit Quasten l\u00e4sst er sich m\u00fchelos befestigen. Dieser gesteppte Hausmantel mit Paisleymuster ist das ganze Jahr \u00fcber bequem und unterstreicht Ihren Lebensstil, egal ob Sie sich zu Hause entspannen oder G\u00e4ste empfangen, mit einem Hauch von Raffinesse und seidiger Eleganz.    <\/p>\n<ul>\n<li>Schalkragen<\/li>\n<li>Brusttasche<\/li>\n<li>zwei tiefe Seitentaschen<\/li>\n<li>verstellbare Umschlagmanschetten<\/li>\n<li>bequeme, lockere Passform<\/li>\n<li>diskrete Aufh\u00e4ngeschlaufe auf der R\u00fcckseite<\/li>\n<li>langer G\u00fcrtel<\/li>\n<li>Material und Pflege: 60% Polyester, 40% Viskose. Maschinenw\u00e4sche bei 30\u00b0C, nicht im Trockner trocknen, bei niedriger Hitze b\u00fcgeln. <\/li>\n<\/ul>\n","protected":false},"excerpt":{"rendered":"<p>Hier kommt unser leichter Hausmantel, der aus wundersch\u00f6nem Paisley-Jacquard und geschmeidigem Satin gefertigt ist. Dieser luxuri\u00f6se Morgenmantel verf\u00fcgt \u00fcber einen<\/p>\n","protected":false},"featured_media":59680,"comment_status":"closed","ping_status":"closed","template":"","meta":[],"product_brand":[],"product_cat":[1190],"product_tag":[],"class_list":{"0":"post-78366","1":"product","2":"type-product","3":"status-publish","4":"has-post-thumbnail","6":"product_cat-lagerverkauf","7":"product_shipping_class-regular-de","8":"pa_size-5xl-de","9":"pa_size-m-de","11":"first","12":"instock","13":"taxable","14":"shipping-taxable","15":"purchasable","16":"product-type-variable"},"_links":{"self":[{"href":"https:\/\/baturina-homewear.com\/de\/wp-json\/wp\/v2\/product\/78366","targetHints":{"allow":["GET"]}}],"collection":[{"href":"https:\/\/baturina-homewear.com\/de\/wp-json\/wp\/v2\/product"}],"about":[{"href":"https:\/\/baturina-homewear.com\/de\/wp-json\/wp\/v2\/types\/product"}],"replies":[{"embeddable":true,"href":"https:\/\/baturina-homewear.com\/de\/wp-json\/wp\/v2\/comments?post=78366"}],"version-history":[{"count":1,"href":"https:\/\/baturina-homewear.com\/de\/wp-json\/wp\/v2\/product\/78366\/revisions"}],"predecessor-version":[{"id":78369,"href":"https:\/\/baturina-homewear.com\/de\/wp-json\/wp\/v2\/product\/78366\/revisions\/78369"}],"wp:featuredmedia":[{"embeddable":true,"href":"https:\/\/baturina-homewear.com\/de\/wp-json\/wp\/v2\/media\/59680"}],"wp:attachment":[{"href":"https:\/\/baturina-homewear.com\/de\/wp-json\/wp\/v2\/media?parent=78366"}],"wp:term":[{"taxonomy":"product_brand","embeddable":true,"href":"https:\/\/baturina-homewear.com\/de\/wp-json\/wp\/v2\/product_brand?post=78366"},{"taxonomy":"product_cat","embeddable":true,"href":"https:\/\/baturina-homewear.com\/de\/wp-json\/wp\/v2\/product_cat?post=78366"},{"taxonomy":"product_tag","embeddable":true,"href":"https:\/\/baturina-homewear.com\/de\/wp-json\/wp\/v2\/product_tag?post=78366"}],"curies":[{"name":"wp","href":"https:\/\/api.w.org\/{rel}","templated":true}]}}