{"id":78485,"date":"2025-12-18T11:58:56","date_gmt":"2025-12-18T10:58:56","guid":{"rendered":"https:\/\/baturina-homewear.com\/product\/herren-morgenmantel-aus-weichem-pluesch-taupe-fleece-mit-gestreiften-kordelpaspeln-extra-warm\/"},"modified":"2025-12-18T11:58:56","modified_gmt":"2025-12-18T10:58:56","slug":"herren-morgenmantel-aus-weichem-pluesch-taupe-fleece-mit-gestreiften-kordelpaspeln-extra-warm","status":"publish","type":"product","link":"https:\/\/baturina-homewear.com\/de\/produkt\/herren-morgenmantel-aus-weichem-pluesch-taupe-fleece-mit-gestreiften-kordelpaspeln-extra-warm\/","title":{"rendered":"Herren Morgenmantel aus weichem Pl\u00fcsch Taupe Fleece mit gestreiften Kordelpaspeln Extra Warm"},"content":{"rendered":"<p>Wir stellen Ihnen unser Sortiment an Hausm\u00e4nteln aus weichem Pl\u00fcsch vor, die ultimative Mischung aus Komfort und Eleganz. Er h\u00e4lt Sie warm und trocken, ohne Sie zu beschweren, und ist der perfekte Begleiter f\u00fcr k\u00fchle Morgenstunden, gem\u00fctliche Abende und Ihren Ausflug ins Spa.<\/p>\n<p>Sie ist aus hochwertigem Fleece gefertigt und bietet eine unvergleichliche Weichheit und Isolierung, damit Sie den ganzen Tag \u00fcber bequem und komfortabel bleiben. Trotz seiner W\u00e4rme bleibt es leicht, so dass Sie sich m\u00fchelos bewegen k\u00f6nnen und maximalen Komfort genie\u00dfen. <\/p>\n<p>Unsere pl\u00fcschigen Morgenm\u00e4ntel aus Fleece sind die perfekte 2-in-1-L\u00f6sung f\u00fcr elegantes Entspannen zu Hause und zum Abtrocknen nach einer Dusche oder einem Wellness-Besuch. Das weiche, saugf\u00e4hige Fleece, bei dessen Design sowohl Stil als auch Funktionalit\u00e4t im Vordergrund standen, h\u00e4lt Sie warm und kuschelig, w\u00e4hrend es Feuchtigkeit schnell abtransportiert. Der leichte Stoff f\u00fchlt sich sanft und beruhigend an und sorgt daf\u00fcr, dass Sie im Handumdrehen wieder trocken und komfortabel sind. Dieser vielseitige Morgenmantel ist ideal f\u00fcr alle, die einen einzigen Morgenmantel f\u00fcr mehrere Zwecke ben\u00f6tigen, denn mit ihm k\u00f6nnen Sie m\u00fchelos vom Baden zum Entspannen \u00fcbergehen und dabei m\u00fchelos schick aussehen. G\u00f6nnen Sie sich einen Morgenmantel, der Luxus und Zweckm\u00e4\u00dfigkeit vereint, und erleben Sie Komfort wie nie zuvor.    <\/p>\n<p>Unser bequemer Fleece-Hausmantel ist in der Maschine waschbar und pflegeleicht, so dass er seine pl\u00fcschige Textur und seine leuchtenden Farben auch nach vielen W\u00e4schen beh\u00e4lt. Erh\u00e4ltlich in einer breiten Palette von Farben, gibt es eine perfekte Option f\u00fcr jeden Geschmack und Stil.  Entdecken Sie unsere Monogramm-Stickerei, mit der Sie Ihren Morgenmantel aus Pl\u00fcsch personalisieren k\u00f6nnen.<\/p>\n<p>Die schwarz-gold gestreiften Kordelpaspeln an den R\u00e4ndern verleihen dem Morgenmantel einen Hauch von Raffinesse, \u00c4sthetik und einen Hauch von Luxus. Egal, ob Sie zu Hause entspannen, sich im Spa erholen oder sich f\u00fcr den kommenden Tag vorbereiten, unser Hausmantel aus Fleece ist die perfekte Wahl f\u00fcr kuscheligen Komfort und m\u00fchelosen Stil. <\/p>\n<ul>\n<li>weich und pl\u00fcschig<\/li>\n<li>Schalkragen<\/li>\n<li>Brusttasche<\/li>\n<li>zwei tiefe Seitentaschen<\/li>\n<li>bequeme, lockere Passform<\/li>\n<li>diskrete Aufh\u00e4ngeschlaufe auf der R\u00fcckseite<\/li>\n<li>langer G\u00fcrtel<\/li>\n<li>Anti-Pillen-Vlies<\/li>\n<\/ul>\n<p>Material und Pflege: 100% Polyester. Maschinenw\u00e4sche bei 30\u00b0C, nicht im Trockner trocknen, bei niedriger Hitze b\u00fcgeln. <\/p>\n","protected":false},"excerpt":{"rendered":"<p>Wir stellen Ihnen unser Sortiment an Hausm\u00e4nteln aus weichem Pl\u00fcsch vor, die ultimative Mischung aus Komfort und Eleganz. Er h\u00e4lt<\/p>\n","protected":false},"featured_media":78486,"comment_status":"closed","ping_status":"closed","template":"","meta":[],"product_brand":[],"product_cat":[491,463,994],"product_tag":[464,768],"class_list":{"0":"post-78485","1":"product","2":"type-product","3":"status-publish","4":"has-post-thumbnail","6":"product_cat-morgenmaentel","7":"product_cat-herren-hausmantel","8":"product_cat-warme-mantel","9":"product_tag-custom-size-de","10":"product_tag-monogram-de","11":"pa_color-braun","12":"pa_color-creme","13":"pa_color-swatch-beige","14":"pa_fabric-content-polyester-viscose-mix-de","15":"pa_fabric-weight-leicht-warm","16":"pa_size-2xl-de","17":"pa_size-3xl-de","18":"pa_size-4xl-de","19":"pa_size-5xl-de","20":"pa_size-9-10-jahre","21":"pa_size-l-de","22":"pa_size-m-de","23":"pa_size-massanfertigung","24":"pa_size-one-size-de","25":"pa_size-s-de","26":"pa_size-xl-de","27":"pa_size-xs-de","29":"first","30":"instock","31":"taxable","32":"shipping-taxable","33":"purchasable","34":"product-type-simple"},"_links":{"self":[{"href":"https:\/\/baturina-homewear.com\/de\/wp-json\/wp\/v2\/product\/78485","targetHints":{"allow":["GET"]}}],"collection":[{"href":"https:\/\/baturina-homewear.com\/de\/wp-json\/wp\/v2\/product"}],"about":[{"href":"https:\/\/baturina-homewear.com\/de\/wp-json\/wp\/v2\/types\/product"}],"replies":[{"embeddable":true,"href":"https:\/\/baturina-homewear.com\/de\/wp-json\/wp\/v2\/comments?post=78485"}],"version-history":[{"count":0,"href":"https:\/\/baturina-homewear.com\/de\/wp-json\/wp\/v2\/product\/78485\/revisions"}],"wp:featuredmedia":[{"embeddable":true,"href":"https:\/\/baturina-homewear.com\/de\/wp-json\/wp\/v2\/media\/78486"}],"wp:attachment":[{"href":"https:\/\/baturina-homewear.com\/de\/wp-json\/wp\/v2\/media?parent=78485"}],"wp:term":[{"taxonomy":"product_brand","embeddable":true,"href":"https:\/\/baturina-homewear.com\/de\/wp-json\/wp\/v2\/product_brand?post=78485"},{"taxonomy":"product_cat","embeddable":true,"href":"https:\/\/baturina-homewear.com\/de\/wp-json\/wp\/v2\/product_cat?post=78485"},{"taxonomy":"product_tag","embeddable":true,"href":"https:\/\/baturina-homewear.com\/de\/wp-json\/wp\/v2\/product_tag?post=78485"}],"curies":[{"name":"wp","href":"https:\/\/api.w.org\/{rel}","templated":true}]}}