{"id":79127,"date":"2026-02-11T17:14:38","date_gmt":"2026-02-11T16:14:38","guid":{"rendered":"https:\/\/baturina-homewear.com\/product\/herren-hausmantel-dunkelblau-medaillon\/"},"modified":"2026-02-11T17:14:38","modified_gmt":"2026-02-11T16:14:38","slug":"herren-hausmantel-dunkelblau-medaillon","status":"publish","type":"product","link":"https:\/\/baturina-homewear.com\/de\/produkt\/herren-hausmantel-dunkelblau-medaillon\/","title":{"rendered":"Herren Hausmantel Dunkelblau Medaillon"},"content":{"rendered":"<p>Ein leichter, aber strukturierter Hausmantel, der sich anf\u00fchlt, als w\u00fcrde man seinen eigenen privaten Salon betreten.<\/p>\n<p>Der Hauptteil ist aus leichtem Viskose-Jacquard in tiefen Blau- und Smaragdt\u00f6nen gewebt, die sich im Licht wundersch\u00f6n ver\u00e4ndern. Das Medaillonmuster enth\u00fcllt sich langsam und schafft mit jeder Bewegung Tiefe, Charakter und ruhige Dramatik. <\/p>\n<p>Der Schalkragen, die Manschetten und die Taschendetails sind vollst\u00e4ndig handgefertigt und aus Polyester-Satin gesteppt. Jedes gesteppte Teil ist sorgf\u00e4ltig von Hand gefertigt und verleiht der Robe Struktur und einen subtilen Glanz, der einen eleganten Kontrast zum flie\u00dfenden Jacquard-Grundgewebe bildet. Der Morgenmantel ist vollst\u00e4ndig mit feinen goldenen Paspeln eingefasst, die jede Linie pr\u00e4zise nachzeichnen und der Silhouette ihre raffinierte Definition verleihen.  <\/p>\n<p>Innen ist sie mit reinem Baumwollfutter gef\u00fcttert, das sich angenehm auf der Haut anf\u00fchlt. Der mit goldenen Quasten versehene G\u00fcrtel verleiht ihm einen Hauch von Vintage-Charme. <\/p>\n<p>Das ist nicht nur Loungewear. Es ist ein Ritual. Ein Moment der Pr\u00e4senz. Eine Erinnerung daran, dass Eleganz zu Hause beginnt.   <\/p>\n<p><strong>Limited Edition &#8211; es werden nur 7 Morgenm\u00e4ntel hergestellt. Seien Sie einer der wenigen, die sich dieses exklusive St\u00fcck sichern und erleben Sie die perfekte Verschmelzung von Luxus, Komfort und Stil. <\/strong><\/p>\n<ul>\n<li>Schalkragen<\/li>\n<li>Brusttasche<\/li>\n<li>zwei tiefe Seitentaschen<\/li>\n<li>verstellbare Umschlagmanschetten<\/li>\n<li>bequeme, lockere Passform<\/li>\n<li>diskrete Aufh\u00e4ngeschlaufe auf der R\u00fcckseite<\/li>\n<li>langer G\u00fcrtel mit zus\u00e4tzlicher Struktur<\/li>\n<li>inneres Befestigungsband<\/li>\n<\/ul>\n<p>Material und Pflege: \u00c4u\u00dferes: 60% Polyester, 40% Viskose. Innen: 100% Baumwolle. Separate Maschinenw\u00e4sche bei 30\u00b0C, nicht im Trockner trocknen, B\u00fcgeln bei niedriger Hitze.<\/p>\n","protected":false},"excerpt":{"rendered":"<p>Luxuri\u00f6ser und eleganter Hausmantel f\u00fcr Herren in dunkelblauen und gr\u00fcnen Farbt\u00f6nen mit feinem Medaillonmuster. Vollst\u00e4ndig aus Baumwolle gef\u00fcttert. Es werden nur 7 Morgenm\u00e4ntel hergestellt.  <\/p>\n","protected":false},"featured_media":79128,"comment_status":"closed","ping_status":"closed","template":"","meta":[],"product_brand":[],"product_cat":[491,463,899],"product_tag":[464,768],"class_list":{"0":"post-79127","1":"product","2":"type-product","3":"status-publish","4":"has-post-thumbnail","6":"product_cat-morgenmaentel","7":"product_cat-herren-hausmantel","8":"product_cat-limited-edition-de","9":"product_tag-custom-size-de","10":"product_tag-monogram-de","11":"product_shipping_class-auf-bestellung","12":"pa_color-blau","13":"pa_fabric-content-cotton-de","14":"pa_fabric-content-polyester-viscose-mix-de","15":"pa_size-2xl-de","16":"pa_size-3xl-de","17":"pa_size-4xl-de","18":"pa_size-5xl-de","19":"pa_size-9-10-jahre","20":"pa_size-l-de","21":"pa_size-m-de","22":"pa_size-massanfertigung","23":"pa_size-one-size-de","24":"pa_size-s-de","25":"pa_size-xl-de","26":"pa_size-xs-de","27":"pa_style-elegant-de","28":"pa_style-opulent-de","30":"first","31":"instock","32":"taxable","33":"shipping-taxable","34":"purchasable","35":"product-type-simple"},"_links":{"self":[{"href":"https:\/\/baturina-homewear.com\/de\/wp-json\/wp\/v2\/product\/79127","targetHints":{"allow":["GET"]}}],"collection":[{"href":"https:\/\/baturina-homewear.com\/de\/wp-json\/wp\/v2\/product"}],"about":[{"href":"https:\/\/baturina-homewear.com\/de\/wp-json\/wp\/v2\/types\/product"}],"replies":[{"embeddable":true,"href":"https:\/\/baturina-homewear.com\/de\/wp-json\/wp\/v2\/comments?post=79127"}],"version-history":[{"count":0,"href":"https:\/\/baturina-homewear.com\/de\/wp-json\/wp\/v2\/product\/79127\/revisions"}],"wp:featuredmedia":[{"embeddable":true,"href":"https:\/\/baturina-homewear.com\/de\/wp-json\/wp\/v2\/media\/79128"}],"wp:attachment":[{"href":"https:\/\/baturina-homewear.com\/de\/wp-json\/wp\/v2\/media?parent=79127"}],"wp:term":[{"taxonomy":"product_brand","embeddable":true,"href":"https:\/\/baturina-homewear.com\/de\/wp-json\/wp\/v2\/product_brand?post=79127"},{"taxonomy":"product_cat","embeddable":true,"href":"https:\/\/baturina-homewear.com\/de\/wp-json\/wp\/v2\/product_cat?post=79127"},{"taxonomy":"product_tag","embeddable":true,"href":"https:\/\/baturina-homewear.com\/de\/wp-json\/wp\/v2\/product_tag?post=79127"}],"curies":[{"name":"wp","href":"https:\/\/api.w.org\/{rel}","templated":true}]}}