{"id":79217,"date":"2026-02-12T20:09:41","date_gmt":"2026-02-12T19:09:41","guid":{"rendered":"https:\/\/baturina-homewear.com\/product\/herren-hausmantel-schwarzer-chenille-samt\/"},"modified":"2026-02-12T20:10:49","modified_gmt":"2026-02-12T19:10:49","slug":"herren-hausmantel-schwarzer-chenille-samt","status":"publish","type":"product","link":"https:\/\/baturina-homewear.com\/de\/produkt\/herren-hausmantel-schwarzer-chenille-samt\/","title":{"rendered":"Herren Hausmantel Schwarzer Chenille-Samt"},"content":{"rendered":"<p>Luxuri\u00f6ser, schwerer Hausmantel aus Chenille-Baumwollsamt mit eingewebtem, plastischem Muster. Die Oberfl\u00e4che zeigt ein tiefes, abstraktes Muster, das im Licht zwischen matt und subtil gl\u00e4nzend changiert. Der weiche und doch kr\u00e4ftige Stoff ist schwer und bewusst drapiert. Die Textur f\u00fchlt sich pl\u00fcschig auf der Haut an, ist aber dennoch atmungsaktiv und w\u00e4rmt sanft. Er schmiegt sich mit nat\u00fcrlicher Leichtigkeit an den K\u00f6rper und nimmt eine Form an, als w\u00e4re er nur f\u00fcr Sie gemacht. Jede Kante ist mit einer gedrehten Kordel eingefasst, die der Silhouette Definition und Struktur verleiht. Der G\u00fcrtel mit den eleganten Quasten setzt einen raffinierten Akzent. Ger\u00e4umige Taschen und ein klassischer Schalkragen vervollst\u00e4ndigen das Design mit zeitloser Ausgewogenheit.       <\/p>\n<ul>\n<li>Schalkragen<\/li>\n<li>Brusttasche<\/li>\n<li>zwei tiefe Seitentaschen<\/li>\n<li>verstellbare Umschlagmanschetten<\/li>\n<li>bequeme, lockere Passform<\/li>\n<li>diskrete Aufh\u00e4ngeschlaufe auf der R\u00fcckseite<\/li>\n<li>langer G\u00fcrtel mit zus\u00e4tzlicher Struktur<\/li>\n<li>inneres Befestigungsband<\/li>\n<\/ul>\n<p>Material und Pflege: 100% Baumwolle. Separat in der Maschine bei 30\u00b0C waschen, nicht im Trockner trocknen, bei niedriger Hitze b\u00fcgeln. <\/p>\n","protected":false},"excerpt":{"rendered":"<p>Luxuri\u00f6ser, schwerer schwarzer Hausmantel aus Samt mit skulpturalem Muster und eleganten Details.<\/p>\n","protected":false},"featured_media":79220,"comment_status":"closed","ping_status":"closed","template":"","meta":[],"product_brand":[],"product_cat":[491,463,899],"product_tag":[464,768],"class_list":{"0":"post-79217","1":"product","2":"type-product","3":"status-publish","4":"has-post-thumbnail","6":"product_cat-morgenmaentel","7":"product_cat-herren-hausmantel","8":"product_cat-limited-edition-de","9":"product_tag-custom-size-de","10":"product_tag-monogram-de","11":"product_shipping_class-auf-bestellung","12":"pa_color-black-de","13":"pa_fabric-content-cotton-de","14":"pa_fabric-weight-schwer-und-warm","15":"pa_size-2xl-de","16":"pa_size-3xl-de","17":"pa_size-4xl-de","18":"pa_size-5xl-de","19":"pa_size-l-de","20":"pa_size-m-de","21":"pa_size-massanfertigung","22":"pa_size-s-de","23":"pa_size-xl-de","24":"pa_size-xs-de","26":"first","27":"instock","28":"taxable","29":"shipping-taxable","30":"purchasable","31":"product-type-simple"},"_links":{"self":[{"href":"https:\/\/baturina-homewear.com\/de\/wp-json\/wp\/v2\/product\/79217","targetHints":{"allow":["GET"]}}],"collection":[{"href":"https:\/\/baturina-homewear.com\/de\/wp-json\/wp\/v2\/product"}],"about":[{"href":"https:\/\/baturina-homewear.com\/de\/wp-json\/wp\/v2\/types\/product"}],"replies":[{"embeddable":true,"href":"https:\/\/baturina-homewear.com\/de\/wp-json\/wp\/v2\/comments?post=79217"}],"version-history":[{"count":1,"href":"https:\/\/baturina-homewear.com\/de\/wp-json\/wp\/v2\/product\/79217\/revisions"}],"predecessor-version":[{"id":79242,"href":"https:\/\/baturina-homewear.com\/de\/wp-json\/wp\/v2\/product\/79217\/revisions\/79242"}],"wp:featuredmedia":[{"embeddable":true,"href":"https:\/\/baturina-homewear.com\/de\/wp-json\/wp\/v2\/media\/79220"}],"wp:attachment":[{"href":"https:\/\/baturina-homewear.com\/de\/wp-json\/wp\/v2\/media?parent=79217"}],"wp:term":[{"taxonomy":"product_brand","embeddable":true,"href":"https:\/\/baturina-homewear.com\/de\/wp-json\/wp\/v2\/product_brand?post=79217"},{"taxonomy":"product_cat","embeddable":true,"href":"https:\/\/baturina-homewear.com\/de\/wp-json\/wp\/v2\/product_cat?post=79217"},{"taxonomy":"product_tag","embeddable":true,"href":"https:\/\/baturina-homewear.com\/de\/wp-json\/wp\/v2\/product_tag?post=79217"}],"curies":[{"name":"wp","href":"https:\/\/api.w.org\/{rel}","templated":true}]}}