{"id":79357,"date":"2026-02-19T19:44:45","date_gmt":"2026-02-19T18:44:45","guid":{"rendered":"https:\/\/baturina-homewear.com\/product\/herren-hausmantel-gold-paisley-jacquard-dunkelblau-gesteppter-satin\/"},"modified":"2026-02-26T14:43:52","modified_gmt":"2026-02-26T13:43:52","slug":"herren-hausmantel-gold-paisley-jacquard-dunkelblau-gesteppter-satin","status":"publish","type":"product","link":"https:\/\/baturina-homewear.com\/de\/produkt\/herren-hausmantel-gold-paisley-jacquard-dunkelblau-gesteppter-satin\/","title":{"rendered":"Herren Hausmantel Gold Paisley Jacquard Dunkelblau Gesteppter Satin"},"content":{"rendered":"<p>Unser leichter Hausmantel ist aus atemberaubendem Paisley-Jacquard und reichhaltig gef\u00e4rbtem Satin in Bronzegold, Dunkelblau und Gold gefertigt. Dieser luxuri\u00f6se Morgenmantel verf\u00fcgt \u00fcber einen fein gesteppten, handgen\u00e4hten Satin Besatz, der elegant mit goldenen Paspeln verziert ist. Die weiche, gewebte Textur und das Futter aus gl\u00e4nzendem, goldfarbenem Satin sorgen f\u00fcr ein angenehmes Gef\u00fchl auf der Haut. Mit dem langen, paspelierten G\u00fcrtel mit goldenen Quasten l\u00e4sst es sich m\u00fchelos befestigen. Dieser gesteppte Hausmantel mit Paisleymuster ist das ganze Jahr \u00fcber bequem und unterstreicht Ihren Lebensstil, ob Sie nun zu Hause entspannen oder G\u00e4ste empfangen, mit einem Hauch von Raffinesse und seidiger Eleganz.<\/p>\n<ul>\n<li>Schalkragen<\/li>\n<li>Brusttasche<\/li>\n<li>zwei tiefe Seitentaschen<\/li>\n<li>verstellbare Umschlagmanschetten<\/li>\n<li>bequeme, lockere Passform<\/li>\n<li>diskrete Aufh\u00e4ngeschlaufe auf der R\u00fcckseite<\/li>\n<li>langer G\u00fcrtel<\/li>\n<\/ul>\n<p>Material und Pflege: 60% Polyester, 40% Viskose. Separate Maschinenw\u00e4sche bei 30\u00b0C, nicht im Trockner trocknen, B\u00fcgeln bei niedriger Hitze. <\/p>\n","protected":false},"excerpt":{"rendered":"<div class=\"elementor-element elementor-element-80b7ea3 wd-single-short-desc text-left elementor-widget elementor-widget-wd_single_product_short_description\" data-id=\"80b7ea3\" data-element_type=\"widget\" data-e-type=\"widget\" data-widget_type=\"wd_single_product_short_description.default\">\n<div class=\"elementor-widget-container\">\n<div class=\"woocommerce-product-details__short-description\">\n<p>Entspannen Sie sich zu Hause mit unserem meistverkauften Morgenmantel mit Paisleymuster in Bronzegold. Dieser Morgenmantel aus glattem Jacquard-Gewebe mit gef\u00fcttertem Futter eignet sich perfekt f\u00fcr gem\u00fctliche Abende oder den stilvollen Empfang von G\u00e4sten und bietet h\u00f6chsten Komfort und Eleganz.<\/p>\n<\/div>\n<\/div>\n<\/div>\n","protected":false},"featured_media":79358,"comment_status":"closed","ping_status":"closed","template":"","meta":[],"product_brand":[],"product_cat":[491,463,979],"product_tag":[464,768],"class_list":{"0":"post-79357","1":"product","2":"type-product","3":"status-publish","4":"has-post-thumbnail","6":"product_cat-morgenmaentel","7":"product_cat-herren-hausmantel","8":"product_cat-paisley-bademantel","9":"product_tag-custom-size-de","10":"product_tag-monogram-de","11":"product_shipping_class-auf-bestellung","12":"pa_color-gold-de","13":"pa_fabric-content-polyester-viscose-mix-de","14":"pa_fabric-weight-lightweight-de","15":"pa_size-2xl-de","16":"pa_size-3xl-de","17":"pa_size-4xl-de","18":"pa_size-5xl-de","19":"pa_size-l-de","20":"pa_size-m-de","21":"pa_size-massanfertigung","22":"pa_size-s-de","23":"pa_size-xl-de","24":"pa_size-xs-de","26":"first","27":"instock","28":"taxable","29":"shipping-taxable","30":"purchasable","31":"product-type-simple"},"_links":{"self":[{"href":"https:\/\/baturina-homewear.com\/de\/wp-json\/wp\/v2\/product\/79357","targetHints":{"allow":["GET"]}}],"collection":[{"href":"https:\/\/baturina-homewear.com\/de\/wp-json\/wp\/v2\/product"}],"about":[{"href":"https:\/\/baturina-homewear.com\/de\/wp-json\/wp\/v2\/types\/product"}],"replies":[{"embeddable":true,"href":"https:\/\/baturina-homewear.com\/de\/wp-json\/wp\/v2\/comments?post=79357"}],"version-history":[{"count":1,"href":"https:\/\/baturina-homewear.com\/de\/wp-json\/wp\/v2\/product\/79357\/revisions"}],"predecessor-version":[{"id":79397,"href":"https:\/\/baturina-homewear.com\/de\/wp-json\/wp\/v2\/product\/79357\/revisions\/79397"}],"wp:featuredmedia":[{"embeddable":true,"href":"https:\/\/baturina-homewear.com\/de\/wp-json\/wp\/v2\/media\/79358"}],"wp:attachment":[{"href":"https:\/\/baturina-homewear.com\/de\/wp-json\/wp\/v2\/media?parent=79357"}],"wp:term":[{"taxonomy":"product_brand","embeddable":true,"href":"https:\/\/baturina-homewear.com\/de\/wp-json\/wp\/v2\/product_brand?post=79357"},{"taxonomy":"product_cat","embeddable":true,"href":"https:\/\/baturina-homewear.com\/de\/wp-json\/wp\/v2\/product_cat?post=79357"},{"taxonomy":"product_tag","embeddable":true,"href":"https:\/\/baturina-homewear.com\/de\/wp-json\/wp\/v2\/product_tag?post=79357"}],"curies":[{"name":"wp","href":"https:\/\/api.w.org\/{rel}","templated":true}]}}