{"id":79470,"date":"2026-03-04T10:04:18","date_gmt":"2026-03-04T09:04:18","guid":{"rendered":"https:\/\/baturina-homewear.com\/product\/herren-hausmantel-weisses-leinen\/"},"modified":"2026-03-19T20:00:35","modified_gmt":"2026-03-19T19:00:35","slug":"herren-hausmantel-weisses-leinen","status":"publish","type":"product","link":"https:\/\/baturina-homewear.com\/de\/produkt\/herren-hausmantel-weisses-leinen\/","title":{"rendered":"Herren Hausmantel Wei\u00df Baumwolle"},"content":{"rendered":"<p>F\u00fcr den modernen Gentleman, der Komfort sch\u00e4tzt, ohne Kompromisse beim Stil einzugehen. Dieser Morgenmantel aus mittelschwerer, reiner Baumwolle ist mit kontrastierenden Paspeln verziert und wird zu Ihrem idealen Reisebegleiter und leichten \u00dcberzieher, wenn die Temperaturen steigen. Tragen Sie diesen vielseitigen und eleganten Morgenmantel aus 100% reiner Baumwolle nach der Dusche, im Spa oder zu Hause.  <\/p>\n<p>Stellen Sie sich vor, es ist ein hei\u00dfer Sommertag und Sie ziehen Ihren k\u00fchlenden Morgenmantel aus reiner Baumwolle an, um sich zu entspannen oder den Tag zu beginnen. Dieses einzigartige Kleidungsst\u00fcck ist alles, was Sie f\u00fcr Ihren Urlaub brauchen. Ein zeitloses Muss f\u00fcr Loungewear, das Ihnen viele Komplimente einbringen wird. Er ist auch der perfekte Morgenmantel f\u00fcr Ihre Loungewear-Kollektion.   <\/p>\n<p>Kombinieren Sie diesen Morgenmantel mit dem passenden Pyjama-Set aus wei\u00dfer Baumwolle.<\/p>\n<p><strong>Details zur Passform:<\/strong><\/p>\n<ul>\n<li>Bequeme, lockere Passform<\/li>\n<li>gro\u00dfe Seitentaschen<\/li>\n<li>extra langer G\u00fcrtel f\u00fcr mehr Komfort (210 cm)<\/li>\n<\/ul>\n<p><strong>Design-Merkmale:<\/strong><\/p>\n<ul>\n<li>ungef\u00fcttert<\/li>\n<li>Schalkragen<\/li>\n<li>Brusttasche<\/li>\n<li>zwei Seitentaschen<\/li>\n<li>verstellbare Umschlagmanschetten<\/li>\n<li>bequeme, lockere Passform<\/li>\n<li>diskrete Aufh\u00e4ngeschlaufe auf der R\u00fcckseite<\/li>\n<\/ul>\n<p><strong>Materialien und Pflege:<\/strong><\/p>\n<ul>\n<li>100% Baumwolle<\/li>\n<li>Leichtes Gewicht<\/li>\n<li>Separat in der Maschine bei 30\u00b0C waschen, nicht im Trockner trocknen, bei geringer Hitze b\u00fcgeln.<\/li>\n<\/ul>\n<p>&nbsp;<\/p>\n","protected":false},"excerpt":{"rendered":"<p>Mit unseren leichten Morgenm\u00e4nteln aus 100 % Baumwolle l\u00e4sst es sich m\u00fchelos entspannen. Wie geschaffen f\u00fcr Reisen und warme Tage zu Hause. Entworfen, um zu atmen und zu beeindrucken.  <\/p>\n","protected":false},"featured_media":20865,"comment_status":"open","ping_status":"closed","template":"","meta":[],"product_brand":[],"product_cat":[1105,463,491],"product_tag":[464],"class_list":{"0":"post-79470","1":"product","2":"type-product","3":"status-publish","4":"has-post-thumbnail","6":"product_cat-sommer-mantel","7":"product_cat-herren-hausmantel","8":"product_cat-morgenmaentel","9":"product_tag-custom-size-de","10":"product_shipping_class-auf-bestellung","11":"pa_color-weiss","12":"pa_fabric-content-cotton-de","13":"pa_fabric-weight-lightweight-de","14":"pa_size-2xl-de","15":"pa_size-3xl-de","16":"pa_size-4xl-de","17":"pa_size-5xl-de","18":"pa_size-l-de","19":"pa_size-m-de","20":"pa_size-massanfertigung","21":"pa_size-s-de","22":"pa_size-xl-de","23":"pa_size-xs-de","24":"pa_style-elegant-de","25":"pa_style-klassisch","26":"pa_style-minimalistisch","28":"first","29":"instock","30":"taxable","31":"shipping-taxable","32":"purchasable","33":"product-type-simple"},"_links":{"self":[{"href":"https:\/\/baturina-homewear.com\/de\/wp-json\/wp\/v2\/product\/79470","targetHints":{"allow":["GET"]}}],"collection":[{"href":"https:\/\/baturina-homewear.com\/de\/wp-json\/wp\/v2\/product"}],"about":[{"href":"https:\/\/baturina-homewear.com\/de\/wp-json\/wp\/v2\/types\/product"}],"replies":[{"embeddable":true,"href":"https:\/\/baturina-homewear.com\/de\/wp-json\/wp\/v2\/comments?post=79470"}],"version-history":[{"count":2,"href":"https:\/\/baturina-homewear.com\/de\/wp-json\/wp\/v2\/product\/79470\/revisions"}],"predecessor-version":[{"id":80225,"href":"https:\/\/baturina-homewear.com\/de\/wp-json\/wp\/v2\/product\/79470\/revisions\/80225"}],"wp:featuredmedia":[{"embeddable":true,"href":"https:\/\/baturina-homewear.com\/de\/wp-json\/wp\/v2\/media\/20865"}],"wp:attachment":[{"href":"https:\/\/baturina-homewear.com\/de\/wp-json\/wp\/v2\/media?parent=79470"}],"wp:term":[{"taxonomy":"product_brand","embeddable":true,"href":"https:\/\/baturina-homewear.com\/de\/wp-json\/wp\/v2\/product_brand?post=79470"},{"taxonomy":"product_cat","embeddable":true,"href":"https:\/\/baturina-homewear.com\/de\/wp-json\/wp\/v2\/product_cat?post=79470"},{"taxonomy":"product_tag","embeddable":true,"href":"https:\/\/baturina-homewear.com\/de\/wp-json\/wp\/v2\/product_tag?post=79470"}],"curies":[{"name":"wp","href":"https:\/\/api.w.org\/{rel}","templated":true}]}}