{"id":79486,"date":"2026-03-04T10:40:45","date_gmt":"2026-03-04T09:40:45","guid":{"rendered":"https:\/\/baturina-homewear.com\/product\/schlafmaske-rosa-samt\/"},"modified":"2026-03-04T10:40:45","modified_gmt":"2026-03-04T09:40:45","slug":"schlafmaske-rosa-samt","status":"publish","type":"product","link":"https:\/\/baturina-homewear.com\/de\/produkt\/schlafmaske-rosa-samt\/","title":{"rendered":"Schlafmaske Rosa Samt"},"content":{"rendered":"<p>Luxuri\u00f6se Schlafmaske aus schwerem und pl\u00fcschigem, weichem Baumwollsamt. Es ist v\u00f6llig blickdicht und die Innenseite besteht aus weicher Baumwolle. Sie hat ein elastisches Band, das f\u00fcr einen sicheren Sitz um den Kopf sorgt. Diese angenehm schwere und dicke Maske besticht durch ihr schlichtes, aber elegantes Design und wird auf Fl\u00fcgen, Reisen und nat\u00fcrlich auch zu Hause zu Ihrer bevorzugten Schlafhilfe.<\/p>\n<p>Materialien und Pflege:<\/p>\n<ul>\n<li>100% Baumwolle<\/li>\n<li>Separate Maschinenw\u00e4sche bei 30\u00b0C, nicht im Trockner trocknen, nicht b\u00fcgeln.<\/li>\n<li>Nachhaltig hergestellt aus Stoffresten unserer Morgenm\u00e4ntel-Produktion.<\/li>\n<\/ul>\n<p>Abmessungen:<\/p>\n<ul>\n<li>Breite: 20 cm (7 7\/8 Zoll)<\/li>\n<li>H\u00f6he: 8 cm (3 1\/8 Zoll)<\/li>\n<li>Umfang: passend f\u00fcr 57 &#8211; 62 cm | 22 1\/2 &#8211; 24 3\/8 in<\/li>\n<\/ul>\n","protected":false},"excerpt":{"rendered":"<div data-id=\"c3d1e86\" data-element_type=\"widget\" data-e-type=\"widget\" data-widget_type=\"wd_single_product_short_description.default\">\n<div>\n<div>\n<p>Unsere Schlafmasken zeichnen sich durch ein klares, elegantes und zeitloses Design aus, so dass Sie auch bei einem Nickerchen stilvoll aussehen. Sorgf\u00e4ltig hergestellt in Deutschland unter Verwendung der besten Materialien.<\/p>\n<\/div>\n<\/div>\n<\/div>\n","protected":false},"featured_media":79487,"comment_status":"closed","ping_status":"closed","template":"","meta":[],"product_brand":[],"product_cat":[555,489],"product_tag":[],"class_list":{"0":"post-79486","1":"product","2":"type-product","3":"status-publish","4":"has-post-thumbnail","6":"product_cat-accessoires","7":"product_cat-schlafmasken-de","8":"product_shipping_class-small-de","9":"pa_color-pink-de","10":"pa_fabric-content-cotton-de","11":"pa_size-one-size-de","13":"first","14":"instock","15":"taxable","16":"shipping-taxable","17":"purchasable","18":"product-type-simple"},"_links":{"self":[{"href":"https:\/\/baturina-homewear.com\/de\/wp-json\/wp\/v2\/product\/79486","targetHints":{"allow":["GET"]}}],"collection":[{"href":"https:\/\/baturina-homewear.com\/de\/wp-json\/wp\/v2\/product"}],"about":[{"href":"https:\/\/baturina-homewear.com\/de\/wp-json\/wp\/v2\/types\/product"}],"replies":[{"embeddable":true,"href":"https:\/\/baturina-homewear.com\/de\/wp-json\/wp\/v2\/comments?post=79486"}],"version-history":[{"count":0,"href":"https:\/\/baturina-homewear.com\/de\/wp-json\/wp\/v2\/product\/79486\/revisions"}],"wp:featuredmedia":[{"embeddable":true,"href":"https:\/\/baturina-homewear.com\/de\/wp-json\/wp\/v2\/media\/79487"}],"wp:attachment":[{"href":"https:\/\/baturina-homewear.com\/de\/wp-json\/wp\/v2\/media?parent=79486"}],"wp:term":[{"taxonomy":"product_brand","embeddable":true,"href":"https:\/\/baturina-homewear.com\/de\/wp-json\/wp\/v2\/product_brand?post=79486"},{"taxonomy":"product_cat","embeddable":true,"href":"https:\/\/baturina-homewear.com\/de\/wp-json\/wp\/v2\/product_cat?post=79486"},{"taxonomy":"product_tag","embeddable":true,"href":"https:\/\/baturina-homewear.com\/de\/wp-json\/wp\/v2\/product_tag?post=79486"}],"curies":[{"name":"wp","href":"https:\/\/api.w.org\/{rel}","templated":true}]}}