{"id":79506,"date":"2026-03-04T12:10:19","date_gmt":"2026-03-04T11:10:19","guid":{"rendered":"https:\/\/baturina-homewear.com\/product\/herren-smoking-cap-suedwest-muster-jacquard\/"},"modified":"2026-03-14T14:33:45","modified_gmt":"2026-03-14T13:33:45","slug":"herren-smoking-cap-suedwest-muster-jacquard","status":"publish","type":"product","link":"https:\/\/baturina-homewear.com\/de\/produkt\/herren-smoking-cap-suedwest-muster-jacquard\/","title":{"rendered":"Herren Smoking Cap S\u00fcdwest-Muster Jacquard"},"content":{"rendered":"<p>Der Au\u00dfenstoff ist ein schwerer Baumwolljacquard in limitierter Auflage, der seine Form sehr gut h\u00e4lt und sicher auf dem Kopf sitzt. Er f\u00fchlt sich an wie Denim und ist robust und langlebig. Das Innere ist vollst\u00e4ndig in Baumwolle gef\u00fcttert. Sie weist ein kompliziertes und charmantes geometrisches Muster im S\u00fcdwest-\/Navajo-Stil auf. Diese einzigartige Raucherm\u00fctze l\u00e4sst sich am besten mit einer Zigarre oder Pfeife oder einer Tasse dampfenden Kaffees am Morgen genie\u00dfen. Kombinieren Sie sie mit der passenden Hausjacke und dem klassisch geschnittenen Pyjama-Set.     <\/p>\n<p>Diese Smoking Cap ist bewusst minimalistisch gehalten, ohne Knopf oder Quaste, so dass die Form und das Material f\u00fcr sich selbst sprechen. Das Ergebnis wirkt modern und doch tief in der Tradition verwurzelt. <\/p>\n<p>Wie alle unsere St\u00fccke wird jede Smoking Cap einzeln in unserem Hamburger Atelier mit Sorgfalt, Geduld und einem Auge f\u00fcr Proportionen hergestellt. Es geht nicht um \u00dcberfl\u00fcssiges oder Ornamente, sondern um Ausgewogenheit, Komfort und die Freude an gut gemachten Essentials. <\/p>\n<ul>\n<li>Futter aus Baumwolle, schwarz gef\u00fcttert<\/li>\n<li>H\u00f6he der Kappe: 10 cm<\/li>\n<li>professionelle chemische Reinigung<\/li>\n<\/ul>\n","protected":false},"excerpt":{"rendered":"<p>Der Au\u00dfenstoff ist ein schwerer Baumwolljacquard in limitierter Auflage, der seine Form sehr gut h\u00e4lt und sicher auf dem Kopf<\/p>\n","protected":false},"featured_media":79507,"comment_status":"open","ping_status":"closed","template":"","meta":[],"product_brand":[],"product_cat":[555,490],"product_tag":[],"class_list":{"0":"post-79506","1":"product","2":"type-product","3":"status-publish","4":"has-post-thumbnail","6":"product_cat-accessoires","7":"product_cat-smoking-caps-de","8":"product_shipping_class-small-de","9":"pa_color-braun","10":"pa_fabric-content-cotton-de","12":"first","13":"instock","14":"taxable","15":"shipping-taxable","16":"purchasable","17":"product-type-variable"},"_links":{"self":[{"href":"https:\/\/baturina-homewear.com\/de\/wp-json\/wp\/v2\/product\/79506","targetHints":{"allow":["GET"]}}],"collection":[{"href":"https:\/\/baturina-homewear.com\/de\/wp-json\/wp\/v2\/product"}],"about":[{"href":"https:\/\/baturina-homewear.com\/de\/wp-json\/wp\/v2\/types\/product"}],"replies":[{"embeddable":true,"href":"https:\/\/baturina-homewear.com\/de\/wp-json\/wp\/v2\/comments?post=79506"}],"version-history":[{"count":1,"href":"https:\/\/baturina-homewear.com\/de\/wp-json\/wp\/v2\/product\/79506\/revisions"}],"predecessor-version":[{"id":79542,"href":"https:\/\/baturina-homewear.com\/de\/wp-json\/wp\/v2\/product\/79506\/revisions\/79542"}],"wp:featuredmedia":[{"embeddable":true,"href":"https:\/\/baturina-homewear.com\/de\/wp-json\/wp\/v2\/media\/79507"}],"wp:attachment":[{"href":"https:\/\/baturina-homewear.com\/de\/wp-json\/wp\/v2\/media?parent=79506"}],"wp:term":[{"taxonomy":"product_brand","embeddable":true,"href":"https:\/\/baturina-homewear.com\/de\/wp-json\/wp\/v2\/product_brand?post=79506"},{"taxonomy":"product_cat","embeddable":true,"href":"https:\/\/baturina-homewear.com\/de\/wp-json\/wp\/v2\/product_cat?post=79506"},{"taxonomy":"product_tag","embeddable":true,"href":"https:\/\/baturina-homewear.com\/de\/wp-json\/wp\/v2\/product_tag?post=79506"}],"curies":[{"name":"wp","href":"https:\/\/api.w.org\/{rel}","templated":true}]}}