{"id":79526,"date":"2026-03-04T11:48:17","date_gmt":"2026-03-04T10:48:17","guid":{"rendered":"https:\/\/baturina-homewear.com\/product\/herren-hausjacke-zweireiher-suedwest-muster-jacquard-mit-samt\/"},"modified":"2026-03-04T13:41:51","modified_gmt":"2026-03-04T12:41:51","slug":"herren-hausjacke-zweireiher-suedwest-muster-jacquard-mit-samt","status":"publish","type":"product","link":"https:\/\/baturina-homewear.com\/de\/produkt\/herren-hausjacke-zweireiher-suedwest-muster-jacquard-mit-samt\/","title":{"rendered":"Herren Hausjacke Zweireiher S\u00fcdwest-Muster Jacquard mit Samt"},"content":{"rendered":"<p><strong>Es werden nur 3 Hausjacken hergestellt.  <\/strong><\/p>\n<p>Der Au\u00dfenstoff ist ein schwerer Baumwolljacquard in limitierter Auflage, der sehr formstabil ist und Sie wie ein Kokon einh\u00fcllt. Er f\u00fchlt sich an wie Denim und ist robust und langlebig. Er weist ein aufwendig gewebtes und charmantes geometrisches Muster im S\u00fcdwesten\/Navajo-Stil auf. Diese einzigartige Hausjacke l\u00e4sst sich am besten mit einer Zigarre oder Pfeife oder einer Tasse dampfenden Kaffees am Morgen genie\u00dfen. Kombinieren Sie sie mit einem klassisch geschnittenen Pyjama-Set und einer passenden M\u00fctze.    <\/p>\n<p>Design-Merkmale:<\/p>\n<ul>\n<li>Schalkragen<\/li>\n<li>Zweireiher<\/li>\n<li>Brusttasche<\/li>\n<li>Zwei tiefe Seitentaschen<\/li>\n<li>Vollst\u00e4ndig gef\u00fcttert<\/li>\n<li>Diskrete Aufh\u00e4ngeschlaufe auf der R\u00fcckseite<\/li>\n<\/ul>\n<p>Details zur Passform:<\/p>\n<ul>\n<li>Gr\u00f6\u00dfengetreu<\/li>\n<li>Bequeme Passform<\/li>\n<li>Aufgrund der begrenzten Verf\u00fcgbarkeit des Stoffes, wird diese Jacke nur in den Gr\u00f6\u00dfen M &#8211; 2XL angeboten.<\/li>\n<li>L\u00e4nge 75 cm<\/li>\n<\/ul>\n<p>Materialien und Pflege:<\/p>\n<p>100% Baumwolle. Professionelle chemische Reinigung.<\/p>\n<p>&nbsp;<\/p>\n","protected":false},"excerpt":{"rendered":"<p>Eine au\u00dfergew\u00f6hnlich bequeme und elegante Hausjacke mit Knopfleiste und Zweireiher, mit Revers, Taschenbesatz und Manschetten aus Pl\u00fcschsamt, die vollst\u00e4ndig mit Kordelpaspeln eingefasst sind. Innen ist sie vollst\u00e4ndig mit weichem und sanft w\u00e4rmendem Baumwollfutter gef\u00fcttert. <\/p>\n","protected":false},"featured_media":79513,"comment_status":"open","ping_status":"closed","template":"","meta":[],"product_brand":[],"product_cat":[496,491],"product_tag":[1136],"class_list":{"0":"post-79526","1":"product","2":"type-product","3":"status-publish","4":"has-post-thumbnail","6":"product_cat-herren-hausjacken","7":"product_cat-morgenmaentel","8":"product_tag-mto-de","9":"product_shipping_class-pre-order-de","10":"pa_color-braun","11":"pa_fabric-content-cotton-de","12":"pa_fabric-weight-schwer-und-warm","13":"pa_pattern-geometrisch","14":"pa_size-2xl-de","15":"pa_size-l-de","16":"pa_size-m-de","17":"pa_size-xl-de","18":"pa_style-zweireiher","20":"first","21":"instock","22":"taxable","23":"shipping-taxable","24":"purchasable","25":"product-type-variable"},"_links":{"self":[{"href":"https:\/\/baturina-homewear.com\/de\/wp-json\/wp\/v2\/product\/79526","targetHints":{"allow":["GET"]}}],"collection":[{"href":"https:\/\/baturina-homewear.com\/de\/wp-json\/wp\/v2\/product"}],"about":[{"href":"https:\/\/baturina-homewear.com\/de\/wp-json\/wp\/v2\/types\/product"}],"replies":[{"embeddable":true,"href":"https:\/\/baturina-homewear.com\/de\/wp-json\/wp\/v2\/comments?post=79526"}],"version-history":[{"count":1,"href":"https:\/\/baturina-homewear.com\/de\/wp-json\/wp\/v2\/product\/79526\/revisions"}],"predecessor-version":[{"id":79544,"href":"https:\/\/baturina-homewear.com\/de\/wp-json\/wp\/v2\/product\/79526\/revisions\/79544"}],"wp:featuredmedia":[{"embeddable":true,"href":"https:\/\/baturina-homewear.com\/de\/wp-json\/wp\/v2\/media\/79513"}],"wp:attachment":[{"href":"https:\/\/baturina-homewear.com\/de\/wp-json\/wp\/v2\/media?parent=79526"}],"wp:term":[{"taxonomy":"product_brand","embeddable":true,"href":"https:\/\/baturina-homewear.com\/de\/wp-json\/wp\/v2\/product_brand?post=79526"},{"taxonomy":"product_cat","embeddable":true,"href":"https:\/\/baturina-homewear.com\/de\/wp-json\/wp\/v2\/product_cat?post=79526"},{"taxonomy":"product_tag","embeddable":true,"href":"https:\/\/baturina-homewear.com\/de\/wp-json\/wp\/v2\/product_tag?post=79526"}],"curies":[{"name":"wp","href":"https:\/\/api.w.org\/{rel}","templated":true}]}}