{"id":79904,"date":"2026-03-06T11:48:14","date_gmt":"2026-03-06T10:48:14","guid":{"rendered":"https:\/\/baturina-homewear.com\/product\/herren-hose-anthrazitgrau-leinen\/"},"modified":"2026-03-06T11:48:14","modified_gmt":"2026-03-06T10:48:14","slug":"herren-hose-anthrazitgrau-leinen","status":"publish","type":"product","link":"https:\/\/baturina-homewear.com\/de\/produkt\/herren-hose-anthrazitgrau-leinen\/","title":{"rendered":"Herren-Hose Anthrazitgrau Leinen"},"content":{"rendered":"<p>Luxuri\u00f6se und elegante, locker sitzende Hose aus einem sehr weichen und k\u00fchlenden Leinenstoff. Perfekt f\u00fcr die Freizeit, zum Entspannen und Schlafen. Indugle in den passenden Morgenmantel und Boxershorts, die separat als komplettes Set im Shop erh\u00e4ltlich sind.  <\/p>\n<p>Leinen ist ein Naturtextil, das aus Flachs, einer der \u00e4ltesten und st\u00e4rksten Naturfasern, hergestellt wird. Es ist atmungsaktiv und im Sommer k\u00fchl zu tragen. Der Stoff wird mit jedem Tragen weicher und knittert auf nat\u00fcrliche Weise, ist aber sehr strapazierf\u00e4hig f\u00fcr den t\u00e4glichen Gebrauch.  <\/p>\n<ul>\n<li>elastischer Bund, Kordelzug, verdeckte Knopfleiste<\/li>\n<li>zwei tiefe Seitentaschen<\/li>\n<li>schwarze Paspel-Details<\/li>\n<li>L\u00e4nge: 100 cm (39 3\/8 Zoll)<\/li>\n<li>Material und Pflege: 100% Leinen. Separate Maschinenw\u00e4sche bei 30\u00b0C, nicht im Trockner trocknen, B\u00fcgeln bei niedriger Hitze.<\/li>\n<\/ul>\n<p>Alle unsere Designs werden individuell auf Bestellung in unserem Atelier angefertigt und jedes ist das Ergebnis stundenlanger handwerklicher Arbeit. Genie\u00dfen Sie Komfort und Stil in unseren Herren Morgenm\u00e4nteln, Pyjama Sets und Accessoires, hergestellt in Hamburg, Deutschland. <\/p>\n","protected":false},"excerpt":{"rendered":"<p>Perfekt f\u00fcr Freizeit, Reisen, Entspannen und Schlafen. Mit dieser Leinenhose bleiben Sie auch bei steigenden Temperaturen stilvoll. Ein passender Morgenmantel ist separat erh\u00e4ltlich.  <\/p>\n","protected":false},"featured_media":20920,"comment_status":"closed","ping_status":"closed","template":"","meta":[],"product_brand":[],"product_cat":[1196,565],"product_tag":[],"class_list":{"0":"post-79904","1":"product","2":"type-product","3":"status-publish","4":"has-post-thumbnail","6":"product_cat-hosen","7":"product_cat-pyjamas","8":"product_shipping_class-regular-de","9":"pa_color-silber-grau","10":"pa_fabric-content-leinen","11":"pa_size-2xl-de","12":"pa_size-3xl-de","13":"pa_size-4xl-de","14":"pa_size-5xl-de","15":"pa_size-l-de","16":"pa_size-m-de","17":"pa_size-s-de","18":"pa_size-xl-de","19":"pa_size-xs-de","21":"first","22":"instock","23":"taxable","24":"shipping-taxable","25":"purchasable","26":"product-type-variable"},"_links":{"self":[{"href":"https:\/\/baturina-homewear.com\/de\/wp-json\/wp\/v2\/product\/79904","targetHints":{"allow":["GET"]}}],"collection":[{"href":"https:\/\/baturina-homewear.com\/de\/wp-json\/wp\/v2\/product"}],"about":[{"href":"https:\/\/baturina-homewear.com\/de\/wp-json\/wp\/v2\/types\/product"}],"replies":[{"embeddable":true,"href":"https:\/\/baturina-homewear.com\/de\/wp-json\/wp\/v2\/comments?post=79904"}],"version-history":[{"count":0,"href":"https:\/\/baturina-homewear.com\/de\/wp-json\/wp\/v2\/product\/79904\/revisions"}],"wp:featuredmedia":[{"embeddable":true,"href":"https:\/\/baturina-homewear.com\/de\/wp-json\/wp\/v2\/media\/20920"}],"wp:attachment":[{"href":"https:\/\/baturina-homewear.com\/de\/wp-json\/wp\/v2\/media?parent=79904"}],"wp:term":[{"taxonomy":"product_brand","embeddable":true,"href":"https:\/\/baturina-homewear.com\/de\/wp-json\/wp\/v2\/product_brand?post=79904"},{"taxonomy":"product_cat","embeddable":true,"href":"https:\/\/baturina-homewear.com\/de\/wp-json\/wp\/v2\/product_cat?post=79904"},{"taxonomy":"product_tag","embeddable":true,"href":"https:\/\/baturina-homewear.com\/de\/wp-json\/wp\/v2\/product_tag?post=79904"}],"curies":[{"name":"wp","href":"https:\/\/api.w.org\/{rel}","templated":true}]}}