{"id":79957,"date":"2026-03-06T12:41:25","date_gmt":"2026-03-06T11:41:25","guid":{"rendered":"https:\/\/baturina-homewear.com\/product\/herren-smoking-cap-weisses-leinen\/"},"modified":"2026-03-14T14:33:49","modified_gmt":"2026-03-14T13:33:49","slug":"herren-smoking-cap-weisses-leinen","status":"publish","type":"product","link":"https:\/\/baturina-homewear.com\/de\/produkt\/herren-smoking-cap-weisses-leinen\/","title":{"rendered":"Herren Smoking Cap Wei\u00dfes Leinen"},"content":{"rendered":"<p>Weich und doch strukturiert, sitzt die M\u00fctze bequem auf dem Kopf. Aus atmungsaktivem Leinen gefertigt, ist diese Smoking Cap ein schickes Accessoire, auch wenn die Temperaturen steigen. Tragen Sie sie mit unseren passenden Morgenm\u00e4nteln aus Leinen f\u00fcr den ultimativen Freizeitlook.  <\/p>\n<p>Diese Smoking Cap ist bewusst minimalistisch gehalten, ohne Quaste, und l\u00e4sst die Form und das Material f\u00fcr sich selbst sprechen. Das Ergebnis wirkt modern und doch tief in der Tradition verwurzelt. <\/p>\n<p>Wie alle unsere St\u00fccke wird jede Smoking Cap einzeln in unserem Hamburger Atelier mit Sorgfalt, Geduld und einem Auge f\u00fcr Proportionen hergestellt. Es geht nicht um \u00dcberfl\u00fcssiges oder Ornamente, sondern um Ausgewogenheit, Komfort und die Freude an gut gemachten Essentials. <\/p>\n<ul>\n<li>doppellagiges Leinen<\/li>\n<li>H\u00f6he der Kappe: 10 cm<\/li>\n<li>professionelle chemische Reinigung<\/li>\n<\/ul>\n","protected":false},"excerpt":{"rendered":"<p>Weich und doch strukturiert, sitzt die M\u00fctze bequem auf dem Kopf. Aus atmungsaktivem Leinen gefertigt, ist diese Smoking Cap ein<\/p>\n","protected":false},"featured_media":79958,"comment_status":"closed","ping_status":"closed","template":"","meta":[],"product_brand":[],"product_cat":[555,490],"product_tag":[],"class_list":{"0":"post-79957","1":"product","2":"type-product","3":"status-publish","4":"has-post-thumbnail","6":"product_cat-accessoires","7":"product_cat-smoking-caps-de","8":"product_shipping_class-small-de","9":"pa_color-weiss","11":"first","12":"instock","13":"taxable","14":"shipping-taxable","15":"purchasable","16":"product-type-variable"},"_links":{"self":[{"href":"https:\/\/baturina-homewear.com\/de\/wp-json\/wp\/v2\/product\/79957","targetHints":{"allow":["GET"]}}],"collection":[{"href":"https:\/\/baturina-homewear.com\/de\/wp-json\/wp\/v2\/product"}],"about":[{"href":"https:\/\/baturina-homewear.com\/de\/wp-json\/wp\/v2\/types\/product"}],"replies":[{"embeddable":true,"href":"https:\/\/baturina-homewear.com\/de\/wp-json\/wp\/v2\/comments?post=79957"}],"version-history":[{"count":1,"href":"https:\/\/baturina-homewear.com\/de\/wp-json\/wp\/v2\/product\/79957\/revisions"}],"predecessor-version":[{"id":80057,"href":"https:\/\/baturina-homewear.com\/de\/wp-json\/wp\/v2\/product\/79957\/revisions\/80057"}],"wp:featuredmedia":[{"embeddable":true,"href":"https:\/\/baturina-homewear.com\/de\/wp-json\/wp\/v2\/media\/79958"}],"wp:attachment":[{"href":"https:\/\/baturina-homewear.com\/de\/wp-json\/wp\/v2\/media?parent=79957"}],"wp:term":[{"taxonomy":"product_brand","embeddable":true,"href":"https:\/\/baturina-homewear.com\/de\/wp-json\/wp\/v2\/product_brand?post=79957"},{"taxonomy":"product_cat","embeddable":true,"href":"https:\/\/baturina-homewear.com\/de\/wp-json\/wp\/v2\/product_cat?post=79957"},{"taxonomy":"product_tag","embeddable":true,"href":"https:\/\/baturina-homewear.com\/de\/wp-json\/wp\/v2\/product_tag?post=79957"}],"curies":[{"name":"wp","href":"https:\/\/api.w.org\/{rel}","templated":true}]}}