{"id":80156,"date":"2026-03-18T18:17:17","date_gmt":"2026-03-18T17:17:17","guid":{"rendered":"https:\/\/baturina-homewear.com\/product\/herren-morgenmantel-flanell-baumwolle-koenigsblau-orange-kariert\/"},"modified":"2026-03-23T14:19:28","modified_gmt":"2026-03-23T13:19:28","slug":"herren-morgenmantel-flanell-baumwolle-koenigsblau-orange-kariert","status":"publish","type":"product","link":"https:\/\/baturina-homewear.com\/de\/produkt\/herren-morgenmantel-flanell-baumwolle-koenigsblau-orange-kariert\/","title":{"rendered":"Herren Morgenmantel Flanell Baumwolle K\u00f6nigsblau Orange Kariert"},"content":{"rendered":"<p>Dieser \u00e4u\u00dferst bequeme, nat\u00fcrlich atmungsaktive Morgenmantel mit seinem auff\u00e4lligen karierten Design wird aus dem weichsten reinen Baumwollflanell gefertigt, der aus Italien stammt und in unserem Hamburger Atelier von Hand gen\u00e4ht wird. Dieser Morgenmantel ist nur in begrenzter St\u00fcckzahl erh\u00e4ltlich, es gibt nur 15 Morgenm\u00e4ntel, bevor er f\u00fcr immer ausverkauft ist. Jeder Morgenmantel wird auf Bestellung in der von Ihnen gew\u00e4hlten Gr\u00f6\u00dfe und L\u00e4nge individuell angefertigt und ist somit ein echtes Unikat.  <\/p>\n<p>Am Schalkragen und an den Manschetten ist das Karomuster in entgegengesetzter Richtung angeordnet, was dem Morgenmantel einen optischen Twist verleiht. Obwohl er leicht und ungef\u00fcttert ist, sorgt die Flanellstruktur f\u00fcr ausreichend W\u00e4rme und Komfort.<br \/>\nDieser Morgenmantel eignet sich perfekt f\u00fcr den ganzj\u00e4hrigen Komfort und ist dank seines modernen Designs die ideale Wahl f\u00fcr alle, die mit dem Tragen feiner Loungewear beginnen oder ihre Kollektion um ein leichtes und dennoch raffiniertes St\u00fcck erweitern m\u00f6chten. <\/p>\n<p>Morgenm\u00e4ntel von Baturina werden in unserem Hamburger Atelier in Deutschland mit handbetriebenen N\u00e4hmaschinen hergestellt. Die Schnittmuster werden aus den feinsten Stoffen geschnitten und die einzelnen Teile werden von Experten zum endg\u00fcltigen Design zusammengef\u00fcgt. <\/p>\n<p>Unsere luxuri\u00f6se Morgenmantel-Kollektion kombiniert hochwertige Stoffe, klassische Designs und moderne Feinheiten und beweist, dass wahrer Stil niemals schl\u00e4ft.<\/p>\n<ul>\n<li>ungef\u00fcttert<\/li>\n<li>Schalkragen<\/li>\n<li>zwei tiefe Seitentaschen<\/li>\n<li>bequeme, lockere Passform<\/li>\n<li>diskrete Aufh\u00e4ngeschlaufe auf der R\u00fcckseite<\/li>\n<li>extra langer G\u00fcrtel<\/li>\n<li>kundenspezifische L\u00e4nge<\/li>\n<li>hergestellt aus 215 g\/m Flanell-Baumwolle<\/li>\n<\/ul>\n<p>Material und Pflege: 100% Baumwolle. Separate Maschinenw\u00e4sche bei 30\u00b0C \/ 80 F, nicht im Trockner trocknen, bei niedriger Hitze b\u00fcgeln.<\/p>\n<p>&nbsp;<\/p>\n","protected":false},"excerpt":{"rendered":"<p>Dieser \u00e4u\u00dferst bequeme, nat\u00fcrlich atmungsaktive Morgenmantel mit seinem auff\u00e4lligen karierten Design wird aus dem weichsten reinen Baumwollflanell gefertigt, der aus<\/p>\n","protected":false},"featured_media":80159,"comment_status":"open","ping_status":"closed","template":"","meta":[],"product_brand":[],"product_cat":[491,1105,463,1205,1212],"product_tag":[464],"class_list":{"0":"post-80156","1":"product","2":"type-product","3":"status-publish","4":"has-post-thumbnail","6":"product_cat-morgenmaentel","7":"product_cat-sommer-mantel","8":"product_cat-herren-hausmantel","9":"product_cat-kollektionen","10":"product_cat-sanfte-entspannung","11":"product_tag-custom-size-de","12":"product_shipping_class-auf-bestellung","13":"pa_color-blau","14":"pa_color-orange-de","15":"pa_fabric-content-cotton-de","16":"pa_fabric-weave-type-flanell","17":"pa_pattern-geometrisch","18":"pa_size-2xl-de","19":"pa_size-3xl-de","20":"pa_size-4xl-de","21":"pa_size-5xl-de","22":"pa_size-l-de","23":"pa_size-m-de","24":"pa_size-massanfertigung","25":"pa_size-s-de","26":"pa_size-xl-de","27":"pa_size-xs-de","28":"pa_style-klassisch","30":"first","31":"instock","32":"taxable","33":"shipping-taxable","34":"purchasable","35":"product-type-simple"},"_links":{"self":[{"href":"https:\/\/baturina-homewear.com\/de\/wp-json\/wp\/v2\/product\/80156","targetHints":{"allow":["GET"]}}],"collection":[{"href":"https:\/\/baturina-homewear.com\/de\/wp-json\/wp\/v2\/product"}],"about":[{"href":"https:\/\/baturina-homewear.com\/de\/wp-json\/wp\/v2\/types\/product"}],"replies":[{"embeddable":true,"href":"https:\/\/baturina-homewear.com\/de\/wp-json\/wp\/v2\/comments?post=80156"}],"version-history":[{"count":1,"href":"https:\/\/baturina-homewear.com\/de\/wp-json\/wp\/v2\/product\/80156\/revisions"}],"predecessor-version":[{"id":80223,"href":"https:\/\/baturina-homewear.com\/de\/wp-json\/wp\/v2\/product\/80156\/revisions\/80223"}],"wp:featuredmedia":[{"embeddable":true,"href":"https:\/\/baturina-homewear.com\/de\/wp-json\/wp\/v2\/media\/80159"}],"wp:attachment":[{"href":"https:\/\/baturina-homewear.com\/de\/wp-json\/wp\/v2\/media?parent=80156"}],"wp:term":[{"taxonomy":"product_brand","embeddable":true,"href":"https:\/\/baturina-homewear.com\/de\/wp-json\/wp\/v2\/product_brand?post=80156"},{"taxonomy":"product_cat","embeddable":true,"href":"https:\/\/baturina-homewear.com\/de\/wp-json\/wp\/v2\/product_cat?post=80156"},{"taxonomy":"product_tag","embeddable":true,"href":"https:\/\/baturina-homewear.com\/de\/wp-json\/wp\/v2\/product_tag?post=80156"}],"curies":[{"name":"wp","href":"https:\/\/api.w.org\/{rel}","templated":true}]}}