{"id":80157,"date":"2026-03-18T19:49:47","date_gmt":"2026-03-18T18:49:47","guid":{"rendered":"https:\/\/baturina-homewear.com\/product\/herren-morgenmantel-seersucker-baumwolle-blau-weiss-gestreift\/"},"modified":"2026-03-23T14:19:31","modified_gmt":"2026-03-23T13:19:31","slug":"herren-morgenmantel-seersucker-baumwolle-blau-weiss-gestreift","status":"publish","type":"product","link":"https:\/\/baturina-homewear.com\/de\/produkt\/herren-morgenmantel-seersucker-baumwolle-blau-weiss-gestreift\/","title":{"rendered":"Herren Morgenmantel Seersucker Baumwolle Blau Wei\u00df Gestreift"},"content":{"rendered":"<p>Leicht, knackig und m\u00fchelos raffiniert. Mehr als ein Morgenmantel, es ist ein Gef\u00fchl, in das man eintritt. <\/p>\n<p>Dieser Morgenmantel ist aus reiner Seersucker-Baumwolle in zeitlosen blauen und wei\u00dfen Streifen gefertigt, einem Stoff, der f\u00fcr seine nat\u00fcrliche Atmungsaktivit\u00e4t und seine sanft gekr\u00e4uselte Textur gesch\u00e4tzt wird, die die Luft zirkulieren l\u00e4sst und Sie auch an den w\u00e4rmsten Tagen k\u00fchl h\u00e4lt. Jedes St\u00fcck wird in unserem Hamburger Atelier von Hand gen\u00e4ht und auf Bestellung in der von Ihnen gew\u00e4hlten Gr\u00f6\u00dfe und L\u00e4nge angefertigt, wodurch jeder Morgenmantel seine eigene Individualit\u00e4t erh\u00e4lt. Am Schalkragen und an den Manschetten sind die Streifen absichtlich in die entgegengesetzte Richtung gesetzt, was einen eleganten optischen Twist erzeugt.  <\/p>\n<p>Ungef\u00fcttert und federleicht, aber durch das Seersucker-Gewebe strukturiert, f\u00e4llt es mit Leichtigkeit, w\u00e4hrend es eine klare, ruhige Silhouette bewahrt. Es ist die Art von Kleidungsst\u00fcck, zu dem Sie instinktiv greifen, ob zu Hause, im Spa, am Meer oder in einem Hotel fernab der Routine. Dieser Morgenmantel wurde f\u00fcr ganzj\u00e4hrigen Komfort entworfen und eignet sich besonders f\u00fcr w\u00e4rmere Klimazonen. Er ist sowohl praktisch als auch edel. Ein perfekter Einstieg in die feine Loungewear oder eine frische Erg\u00e4nzung zu einer bestehenden Garderobe.   <\/p>\n<p>Jeder Morgenmantel von Baturina wird in Deutschland unter Verwendung sorgf\u00e4ltig ausgew\u00e4hlter Stoffe, handgeschnittener Muster und fachm\u00e4nnischer N\u00e4htechniken hergestellt. Es ist nicht nur etwas, das Sie tragen, es ist etwas, das Sie werden. <\/p>\n<ul>\n<li>ungef\u00fcttert<\/li>\n<li>Schalkragen<\/li>\n<li>zwei tiefe Seitentaschen<\/li>\n<li>bequeme, lockere Passform<\/li>\n<li>diskrete Aufh\u00e4ngeschlaufe auf der R\u00fcckseite<\/li>\n<li>extra langer G\u00fcrtel<\/li>\n<li>kundenspezifische L\u00e4nge<\/li>\n<li>hergestellt aus 125 g\/m Seersucker-Baumwolle, \u00d6ko Tex 100 zertifiziert<\/li>\n<\/ul>\n<p>Material und Pflege: 100% Baumwolle. Separate Maschinenw\u00e4sche bei 30\u00b0C \/ 80 F, nicht im Trockner trocknen, bei niedriger Hitze b\u00fcgeln.<\/p>\n","protected":false},"excerpt":{"rendered":"<p>Leicht, knackig und m\u00fchelos raffiniert. Mehr als ein Morgenmantel, es ist ein Gef\u00fchl, in das man eintritt. Dieser Morgenmantel ist<\/p>\n","protected":false},"featured_media":80166,"comment_status":"open","ping_status":"closed","template":"","meta":[],"product_brand":[],"product_cat":[491,1105,463,1205,1212],"product_tag":[464],"class_list":{"0":"post-80157","1":"product","2":"type-product","3":"status-publish","4":"has-post-thumbnail","6":"product_cat-morgenmaentel","7":"product_cat-sommer-mantel","8":"product_cat-herren-hausmantel","9":"product_cat-kollektionen","10":"product_cat-sanfte-entspannung","11":"product_tag-custom-size-de","12":"product_shipping_class-pre-order-de","13":"pa_color-blau","14":"pa_fabric-content-cotton-de","15":"pa_fabric-weave-type-einfach","16":"pa_fabric-weight-lightweight-de","17":"pa_pattern-gestreift","18":"pa_size-2xl-de","19":"pa_size-3xl-de","20":"pa_size-4xl-de","21":"pa_size-5xl-de","22":"pa_size-l-de","23":"pa_size-m-de","24":"pa_size-s-de","25":"pa_size-xl-de","26":"pa_size-xs-de","28":"first","29":"instock","30":"taxable","31":"shipping-taxable","32":"purchasable","33":"product-type-simple"},"_links":{"self":[{"href":"https:\/\/baturina-homewear.com\/de\/wp-json\/wp\/v2\/product\/80157","targetHints":{"allow":["GET"]}}],"collection":[{"href":"https:\/\/baturina-homewear.com\/de\/wp-json\/wp\/v2\/product"}],"about":[{"href":"https:\/\/baturina-homewear.com\/de\/wp-json\/wp\/v2\/types\/product"}],"replies":[{"embeddable":true,"href":"https:\/\/baturina-homewear.com\/de\/wp-json\/wp\/v2\/comments?post=80157"}],"version-history":[{"count":3,"href":"https:\/\/baturina-homewear.com\/de\/wp-json\/wp\/v2\/product\/80157\/revisions"}],"predecessor-version":[{"id":80279,"href":"https:\/\/baturina-homewear.com\/de\/wp-json\/wp\/v2\/product\/80157\/revisions\/80279"}],"wp:featuredmedia":[{"embeddable":true,"href":"https:\/\/baturina-homewear.com\/de\/wp-json\/wp\/v2\/media\/80166"}],"wp:attachment":[{"href":"https:\/\/baturina-homewear.com\/de\/wp-json\/wp\/v2\/media?parent=80157"}],"wp:term":[{"taxonomy":"product_brand","embeddable":true,"href":"https:\/\/baturina-homewear.com\/de\/wp-json\/wp\/v2\/product_brand?post=80157"},{"taxonomy":"product_cat","embeddable":true,"href":"https:\/\/baturina-homewear.com\/de\/wp-json\/wp\/v2\/product_cat?post=80157"},{"taxonomy":"product_tag","embeddable":true,"href":"https:\/\/baturina-homewear.com\/de\/wp-json\/wp\/v2\/product_tag?post=80157"}],"curies":[{"name":"wp","href":"https:\/\/api.w.org\/{rel}","templated":true}]}}