{"id":80158,"date":"2026-03-18T20:31:22","date_gmt":"2026-03-18T19:31:22","guid":{"rendered":"https:\/\/baturina-homewear.com\/product\/herren-morgenmantel-dunkelblau-oliv-gestreift-reine-baumwolle\/"},"modified":"2026-03-31T19:24:01","modified_gmt":"2026-03-31T17:24:01","slug":"herren-morgenmantel-dunkelblau-oliv-gestreift-reine-baumwolle","status":"publish","type":"product","link":"https:\/\/baturina-homewear.com\/de\/produkt\/herren-morgenmantel-dunkelblau-oliv-gestreift-reine-baumwolle\/","title":{"rendered":"Herren Morgenmantel Dunkelblau-Oliv gestreift Reine Baumwolle Doppelgaze Musselin"},"content":{"rendered":"<p>Leicht, weich und m\u00fchelos raffiniert. Mehr als ein Morgenmantel, es ist ein Gef\u00fchl, in das man eintritt. <\/p>\n<p>Dieser Morgenmantel ist aus reinem, doppellagigem Baumwollmusselin in zeitlosem Dunkelblau und Olivgr\u00fcn gestreift. Er besteht aus zwei einzelnen Lagen mit kr\u00e4ftigen und feinen Streifen, die f\u00fcr eine elegante Optik sorgen. <\/p>\n<p>Musselin ist ein alter Stoff, der f\u00fcr seine nat\u00fcrliche Atmungsaktivit\u00e4t geliebt wird. Er l\u00e4sst die Luft zirkulieren und h\u00e4lt Sie selbst an den w\u00e4rmsten Tagen k\u00fchl.<\/p>\n<p>Jedes St\u00fcck wird in unserem Hamburger Atelier von Hand gen\u00e4ht und auf Bestellung in der von Ihnen gew\u00e4hlten Gr\u00f6\u00dfe und L\u00e4nge angefertigt, so dass jeder Morgenmantel seine eigene Individualit\u00e4t erh\u00e4lt.<\/p>\n<p>Ungef\u00fcttert und federleicht schmiegt es sich sanft um den K\u00f6rper. Es ist die Art von Kleidungsst\u00fcck, zu dem man instinktiv greift, ob zu Hause, im Spa, am Meer oder in einem Hotel fernab der Routine. Dieser Morgenmantel wurde f\u00fcr ganzj\u00e4hrigen Komfort entworfen und eignet sich besonders f\u00fcr w\u00e4rmere Klimazonen. Er ist sowohl praktisch als auch edel. Ein perfekter Einstieg in die feine Loungewear oder eine frische Erg\u00e4nzung zu einer bestehenden Garderobe.   <\/p>\n<p>Jeder Morgenmantel von Baturina wird in Deutschland unter Verwendung sorgf\u00e4ltig ausgew\u00e4hlter Stoffe, handgeschnittener Muster und fachm\u00e4nnischer N\u00e4htechniken hergestellt. Es ist nicht nur etwas, das Sie tragen, es ist etwas, das Sie werden. <\/p>\n<ul>\n<li>ungef\u00fcttert<\/li>\n<li>Schalkragen<\/li>\n<li>zwei tiefe Seitentaschen<\/li>\n<li>bequeme, lockere Passform<\/li>\n<li>diskrete Aufh\u00e4ngeschlaufe auf der R\u00fcckseite<\/li>\n<li>extra langer G\u00fcrtel<\/li>\n<\/ul>\n<p>Material und Pflege: 100% Baumwolle. Separate Maschinenw\u00e4sche bei 30\u00b0C \/ 80 F, nicht im Trockner trocknen, bei niedriger Hitze b\u00fcgeln.<\/p>\n","protected":false},"excerpt":{"rendered":"<p>Leicht, weich und m\u00fchelos raffiniert. Mehr als ein Morgenmantel, es ist ein Gef\u00fchl, in das man eintritt. Dieser Morgenmantel ist<\/p>\n","protected":false},"featured_media":80171,"comment_status":"open","ping_status":"closed","template":"","meta":[],"product_brand":[],"product_cat":[1105,463,491,1205,1212],"product_tag":[464],"class_list":{"0":"post-80158","1":"product","2":"type-product","3":"status-publish","4":"has-post-thumbnail","6":"product_cat-sommer-mantel","7":"product_cat-herren-hausmantel","8":"product_cat-morgenmaentel","9":"product_cat-kollektionen","10":"product_cat-sanfte-entspannung","11":"product_tag-custom-size-de","12":"product_shipping_class-auf-bestellung","13":"pa_color-blau","14":"pa_fabric-content-cotton-de","15":"pa_fabric-weight-lightweight-de","16":"pa_pattern-gestreift","17":"pa_size-2xl-de","18":"pa_size-3xl-de","19":"pa_size-4xl-de","20":"pa_size-5xl-de","21":"pa_size-l-de","22":"pa_size-m-de","23":"pa_size-s-de","24":"pa_size-xl-de","25":"pa_size-xs-de","26":"pa_style-klassisch","27":"pa_style-minimalistisch","29":"first","30":"instock","31":"taxable","32":"shipping-taxable","33":"purchasable","34":"product-type-simple"},"_links":{"self":[{"href":"https:\/\/baturina-homewear.com\/de\/wp-json\/wp\/v2\/product\/80158","targetHints":{"allow":["GET"]}}],"collection":[{"href":"https:\/\/baturina-homewear.com\/de\/wp-json\/wp\/v2\/product"}],"about":[{"href":"https:\/\/baturina-homewear.com\/de\/wp-json\/wp\/v2\/types\/product"}],"replies":[{"embeddable":true,"href":"https:\/\/baturina-homewear.com\/de\/wp-json\/wp\/v2\/comments?post=80158"}],"version-history":[{"count":3,"href":"https:\/\/baturina-homewear.com\/de\/wp-json\/wp\/v2\/product\/80158\/revisions"}],"predecessor-version":[{"id":80640,"href":"https:\/\/baturina-homewear.com\/de\/wp-json\/wp\/v2\/product\/80158\/revisions\/80640"}],"wp:featuredmedia":[{"embeddable":true,"href":"https:\/\/baturina-homewear.com\/de\/wp-json\/wp\/v2\/media\/80171"}],"wp:attachment":[{"href":"https:\/\/baturina-homewear.com\/de\/wp-json\/wp\/v2\/media?parent=80158"}],"wp:term":[{"taxonomy":"product_brand","embeddable":true,"href":"https:\/\/baturina-homewear.com\/de\/wp-json\/wp\/v2\/product_brand?post=80158"},{"taxonomy":"product_cat","embeddable":true,"href":"https:\/\/baturina-homewear.com\/de\/wp-json\/wp\/v2\/product_cat?post=80158"},{"taxonomy":"product_tag","embeddable":true,"href":"https:\/\/baturina-homewear.com\/de\/wp-json\/wp\/v2\/product_tag?post=80158"}],"curies":[{"name":"wp","href":"https:\/\/api.w.org\/{rel}","templated":true}]}}