{"id":80645,"date":"2026-03-31T19:05:09","date_gmt":"2026-03-31T17:05:09","guid":{"rendered":"https:\/\/baturina-homewear.com\/product\/herren-hausmantel-schwarz-und-weiss-gepunktet\/"},"modified":"2026-03-31T19:05:09","modified_gmt":"2026-03-31T17:05:09","slug":"herren-hausmantel-schwarz-und-weiss-gepunktet","status":"publish","type":"product","link":"https:\/\/baturina-homewear.com\/de\/produkt\/herren-hausmantel-schwarz-und-weiss-gepunktet\/","title":{"rendered":"Herren Hausmantel Schwarz und Wei\u00df gepunktet"},"content":{"rendered":"<p>Schicker und eleganter Hausmantel aus schwarz-wei\u00df gepunkteter Baumwolle mit einer robusten, leinenartigen Struktur. Innen ist er mit einem weichen, wei\u00df gestreiften Futter aus Satin gef\u00fcttert. Er ist komplett mit wei\u00dfen, kontrastierenden Paspeln eingefasst. Ein zeitloses Design, inspiriert von alten Hollywood-Filmen, f\u00fcr den modernen Gentleman, der Komfort sch\u00e4tzt, ohne auf Stil zu verzichten.   <\/p>\n<p><strong>Details zur Passform:<\/strong><\/p>\n<ul>\n<li>Bequeme, lockere Passform<\/li>\n<li>gro\u00dfe Seitentaschen<\/li>\n<li>extra langer G\u00fcrtel f\u00fcr mehr Komfort (210 cm)<\/li>\n<\/ul>\n<p><strong>Design-Merkmale:<\/strong><\/p>\n<ul>\n<li>ungef\u00fcttert<\/li>\n<li>Schalkragen<\/li>\n<li>Brusttasche<\/li>\n<li>zwei Seitentaschen<\/li>\n<li>verstellbare Umschlagmanschetten<\/li>\n<li>bequeme, lockere Passform<\/li>\n<li>diskrete Aufh\u00e4ngeschlaufe auf der R\u00fcckseite<\/li>\n<\/ul>\n<p><strong>Materialien und Pflege:<\/strong><\/p>\n<ul>\n<li>100% Baumwolle<\/li>\n<li>Mittelschweres Leinen (ein Morgenmantel der Gr\u00f6\u00dfe M wiegt ca. 1,5 kg oder 3 Pfund)<\/li>\n<li>Separat in der Maschine bei 30\u00b0C waschen, nicht im Trockner trocknen, bei geringer Hitze b\u00fcgeln.<\/li>\n<\/ul>\n","protected":false},"excerpt":{"rendered":"<p>Schicker und eleganter Hausmantel aus schwarz-wei\u00df gepunkteter Baumwolle mit einer robusten, leinenartigen Struktur. Innen ist er mit einem weichen, wei\u00df<\/p>\n","protected":false},"featured_media":80651,"comment_status":"closed","ping_status":"closed","template":"","meta":[],"product_brand":[],"product_cat":[899,463,491],"product_tag":[464,768],"class_list":{"0":"post-80645","1":"product","2":"type-product","3":"status-publish","4":"has-post-thumbnail","6":"product_cat-limited-edition-de","7":"product_cat-herren-hausmantel","8":"product_cat-morgenmaentel","9":"product_tag-custom-size-de","10":"product_tag-monogram-de","11":"product_shipping_class-auf-bestellung","12":"pa_color-black-de","13":"pa_fabric-content-cotton-de","14":"pa_fabric-weight-regular-de","15":"pa_pattern-gepunktet","16":"pa_size-2xl-de","17":"pa_size-3xl-de","18":"pa_size-4xl-de","19":"pa_size-5xl-de","20":"pa_size-l-de","21":"pa_size-m-de","22":"pa_size-massanfertigung","23":"pa_size-s-de","24":"pa_size-xl-de","25":"pa_size-xs-de","27":"first","28":"instock","29":"taxable","30":"shipping-taxable","31":"purchasable","32":"product-type-simple"},"_links":{"self":[{"href":"https:\/\/baturina-homewear.com\/de\/wp-json\/wp\/v2\/product\/80645","targetHints":{"allow":["GET"]}}],"collection":[{"href":"https:\/\/baturina-homewear.com\/de\/wp-json\/wp\/v2\/product"}],"about":[{"href":"https:\/\/baturina-homewear.com\/de\/wp-json\/wp\/v2\/types\/product"}],"replies":[{"embeddable":true,"href":"https:\/\/baturina-homewear.com\/de\/wp-json\/wp\/v2\/comments?post=80645"}],"version-history":[{"count":0,"href":"https:\/\/baturina-homewear.com\/de\/wp-json\/wp\/v2\/product\/80645\/revisions"}],"wp:featuredmedia":[{"embeddable":true,"href":"https:\/\/baturina-homewear.com\/de\/wp-json\/wp\/v2\/media\/80651"}],"wp:attachment":[{"href":"https:\/\/baturina-homewear.com\/de\/wp-json\/wp\/v2\/media?parent=80645"}],"wp:term":[{"taxonomy":"product_brand","embeddable":true,"href":"https:\/\/baturina-homewear.com\/de\/wp-json\/wp\/v2\/product_brand?post=80645"},{"taxonomy":"product_cat","embeddable":true,"href":"https:\/\/baturina-homewear.com\/de\/wp-json\/wp\/v2\/product_cat?post=80645"},{"taxonomy":"product_tag","embeddable":true,"href":"https:\/\/baturina-homewear.com\/de\/wp-json\/wp\/v2\/product_tag?post=80645"}],"curies":[{"name":"wp","href":"https:\/\/api.w.org\/{rel}","templated":true}]}}