{"id":80720,"date":"2026-04-03T19:56:23","date_gmt":"2026-04-03T17:56:23","guid":{"rendered":"https:\/\/baturina-homewear.com\/product\/herren-hausjacke-dunkelbraun-samt-gesteppt\/"},"modified":"2026-04-03T20:19:40","modified_gmt":"2026-04-03T18:19:40","slug":"herren-hausjacke-dunkelbraun-samt-gesteppt","status":"publish","type":"product","link":"https:\/\/baturina-homewear.com\/de\/produkt\/herren-hausjacke-dunkelbraun-samt-gesteppt\/","title":{"rendered":"Herren Hausjacke Dunkelbraun Samt gesteppt"},"content":{"rendered":"<p>Unser schwerer, dicker und besonders warmer Morgenmantel aus Baumwollsamt in Dunkelbraun ist ein Meisterwerk an Komfort und Stil. Der Morgenmantel ist mit einem feinen, gesteppten Besatz und einem paspelierten Kordelpaspel verziert und strahlt Luxus aus. Die \u00fcppige, weiche Textur und das gef\u00fctterte Futter aus Satin sorgen daf\u00fcr, dass Sie es auch bei k\u00fchlen Temperaturen gem\u00fctlich haben.<\/p>\n<p>Morgenm\u00e4ntel wie dieser sind seit dem 19. Jahrhundert ein Muss f\u00fcr raffinierte Freizeitkleidung und symbolisieren Raffinesse und Komfort. Dieser Morgenmantel ist ideal, um sich zu Hause zu entspannen, vor dem Kamin zu lesen oder einen gem\u00fctlichen Morgen zu genie\u00dfen. Er ist perfekt, um Ihren Lebensstil zu Hause zu verbessern. <\/p>\n<p>Jedes Design wird in unserem Hamburger Atelier in stundenlanger Handarbeit gefertigt. Erleben Sie die ultimative Mischung aus Tradition, Komfort und Stil mit unseren Morgenm\u00e4nteln, Pyjama-Sets und Accessoires f\u00fcr Herren, die sorgf\u00e4ltig in Deutschland gefertigt werden. <\/p>\n<ul>\n<li>Schalkragen<\/li>\n<li>Brusttasche<\/li>\n<li>Zigarrentasche<\/li>\n<li>innere Befestigung<\/li>\n<li>zwei tiefe Seitentaschen<\/li>\n<li>verstellbare Umschlagmanschetten<\/li>\n<li>bequeme, lockere Passform<\/li>\n<li>diskrete Aufh\u00e4ngeschlaufe auf der R\u00fcckseite<\/li>\n<li>langer G\u00fcrtel<\/li>\n<li>individuelle Gr\u00f6\u00dfe und L\u00e4nge<\/li>\n<li>Material und Pflege: Au\u00dfenseite: 100% Baumwolle. Innen: 60% Polyester, 40% Viskose.  Professionelle Reinigung.<\/li>\n<\/ul>\n","protected":false},"excerpt":{"rendered":"<div class=\"elementor-element elementor-element-80b7ea3 wd-single-short-desc text-left elementor-widget elementor-widget-wd_single_product_short_description\" data-id=\"80b7ea3\" data-element_type=\"widget\" data-e-type=\"widget\" data-widget_type=\"wd_single_product_short_description.default\">\n<div class=\"elementor-widget-container\">\n<div class=\"woocommerce-product-details__short-description\">\n<p>Unser dunkelbrauner Morgenmantel aus Samt ist ein Meisterwerk der Schneiderkunst, das sowohl Komfort als auch Eleganz ausstrahlt und f\u00fcr den wahren Stilliebhaber bestimmt ist. <strong>Neu:<\/strong> <strong>Mit einer Zigarrentasche im Inneren. <\/strong>Dieses f\u00fcr Langlebigkeit ausgelegte St\u00fcck in Erbst\u00fcckqualit\u00e4t garantiert zeitlosen Stil und dauerhaften Luxus.<\/p>\n<\/div>\n<\/div>\n<\/div>\n<div class=\"elementor-element elementor-element-a8a9315 elementor-widget-mobile__width-initial wd-single-meta text-left elementor-widget elementor-widget-wd_single_product_meta\" data-id=\"a8a9315\" data-element_type=\"widget\" data-e-type=\"widget\" data-widget_type=\"wd_single_product_meta.default\">\n<div class=\"elementor-widget-container\">\n<div class=\"product_meta wd-layout-default\"><\/div>\n<\/div>\n<\/div>\n","protected":false},"featured_media":80721,"comment_status":"open","ping_status":"closed","template":"","meta":[],"product_brand":[],"product_cat":[491,496,1210,980,994],"product_tag":[464,768],"class_list":{"0":"post-80720","1":"product","2":"type-product","3":"status-publish","4":"has-post-thumbnail","6":"product_cat-morgenmaentel","7":"product_cat-herren-hausjacken","8":"product_cat-herrenzimmer","9":"product_cat-samt-bademantel","10":"product_cat-warme-mantel","11":"product_tag-custom-size-de","12":"product_tag-monogram-de","13":"product_shipping_class-auf-bestellung","14":"pa_color-braun","15":"pa_fabric-content-cotton-de","16":"pa_fabric-weave-type-samt","17":"pa_fabric-weight-schwer-und-warm","18":"pa_size-2xl-de","19":"pa_size-3xl-de","20":"pa_size-4xl-de","21":"pa_size-5xl-de","22":"pa_size-l-de","23":"pa_size-m-de","24":"pa_size-massanfertigung","25":"pa_size-s-de","26":"pa_size-xl-de","27":"pa_size-xs-de","29":"first","30":"instock","31":"taxable","32":"shipping-taxable","33":"purchasable","34":"product-type-simple"},"_links":{"self":[{"href":"https:\/\/baturina-homewear.com\/de\/wp-json\/wp\/v2\/product\/80720","targetHints":{"allow":["GET"]}}],"collection":[{"href":"https:\/\/baturina-homewear.com\/de\/wp-json\/wp\/v2\/product"}],"about":[{"href":"https:\/\/baturina-homewear.com\/de\/wp-json\/wp\/v2\/types\/product"}],"replies":[{"embeddable":true,"href":"https:\/\/baturina-homewear.com\/de\/wp-json\/wp\/v2\/comments?post=80720"}],"version-history":[{"count":1,"href":"https:\/\/baturina-homewear.com\/de\/wp-json\/wp\/v2\/product\/80720\/revisions"}],"predecessor-version":[{"id":80732,"href":"https:\/\/baturina-homewear.com\/de\/wp-json\/wp\/v2\/product\/80720\/revisions\/80732"}],"wp:featuredmedia":[{"embeddable":true,"href":"https:\/\/baturina-homewear.com\/de\/wp-json\/wp\/v2\/media\/80721"}],"wp:attachment":[{"href":"https:\/\/baturina-homewear.com\/de\/wp-json\/wp\/v2\/media?parent=80720"}],"wp:term":[{"taxonomy":"product_brand","embeddable":true,"href":"https:\/\/baturina-homewear.com\/de\/wp-json\/wp\/v2\/product_brand?post=80720"},{"taxonomy":"product_cat","embeddable":true,"href":"https:\/\/baturina-homewear.com\/de\/wp-json\/wp\/v2\/product_cat?post=80720"},{"taxonomy":"product_tag","embeddable":true,"href":"https:\/\/baturina-homewear.com\/de\/wp-json\/wp\/v2\/product_tag?post=80720"}],"curies":[{"name":"wp","href":"https:\/\/api.w.org\/{rel}","templated":true}]}}