{"id":80768,"date":"2026-04-08T20:29:09","date_gmt":"2026-04-08T18:29:09","guid":{"rendered":"https:\/\/baturina-homewear.com\/product\/herren-pyjama-set-koenigsblau-baumwolle\/"},"modified":"2026-04-08T20:29:09","modified_gmt":"2026-04-08T18:29:09","slug":"herren-pyjama-set-koenigsblau-baumwolle","status":"publish","type":"product","link":"https:\/\/baturina-homewear.com\/de\/produkt\/herren-pyjama-set-koenigsblau-baumwolle\/","title":{"rendered":"Herren Pyjama Set K\u00f6nigsblau Baumwolle"},"content":{"rendered":"<p>Lehnen Sie sich zur\u00fcck und entspannen Sie sich in unseren bequemen Pyjamasets im Vintage-Stil. Dieser klassische Pyjama besteht aus einem bequemen Langarmshirt und einer langen Hose. Hergestellt aus leichter, blickdichter reiner Baumwolle in einem kr\u00e4ftigen K\u00f6nigsblau. Vollst\u00e4ndig mit wei\u00dfer Kontrastpaspel eingefasst und mit robusten Perlmuttkn\u00f6pfen versehen. <\/p>\n<p>Alle unsere Designs werden individuell auf Bestellung in unserem Atelier angefertigt und jedes ist das Ergebnis stundenlanger handwerklicher Arbeit. Genie\u00dfen Sie Komfort und Stil in unseren Herren Morgenm\u00e4nteln, Pyjama Sets und Accessoires, hergestellt in Hamburg, Deutschland. <\/p>\n<ul>\n<li>bequeme, lockere Passform<\/li>\n<li>Hemd mit gekerbtem Kragen, Knopfleiste, drei Taschen<\/li>\n<li>Hose mit elastischem Bund, Kordelzug, verdeckter Knopfleiste, zwei Seitentaschen<\/li>\n<li>Perlmuttkn\u00f6pfe<\/li>\n<li>Material und Pflege: 100% Baumwolle. Separat in der Maschine bei 30\u00b0C waschen, nicht im Trockner trocknen, bei niedriger Hitze b\u00fcgeln. <\/li>\n<\/ul>\n","protected":false},"excerpt":{"rendered":"<p>Lehnen Sie sich zur\u00fcck und entspannen Sie sich in unseren bequemen Pyjamasets im Vintage-Stil. Dieser klassische Pyjama besteht aus einem<\/p>\n","protected":false},"featured_media":80769,"comment_status":"open","ping_status":"closed","template":"","meta":[],"product_brand":[],"product_cat":[1212,565,493],"product_tag":[],"class_list":{"0":"post-80768","1":"product","2":"type-product","3":"status-publish","4":"has-post-thumbnail","6":"product_cat-sanfte-entspannung","7":"product_cat-pyjamas","8":"product_cat-herren-pyjamas","9":"product_shipping_class-auf-bestellung","10":"pa_color-blau","11":"pa_fabric-content-cotton-de","12":"pa_fabric-weave-type-satin-de","13":"pa_fabric-weight-lightweight-de","14":"pa_pattern-einfarbig","15":"pa_size-2xl-de","16":"pa_size-3xl-de","17":"pa_size-4xl-de","18":"pa_size-5xl-de","19":"pa_size-l-de","20":"pa_size-m-de","21":"pa_size-massanfertigung","22":"pa_size-s-de","23":"pa_size-xl-de","24":"pa_size-xs-de","26":"first","27":"instock","28":"taxable","29":"shipping-taxable","30":"purchasable","31":"product-type-simple"},"_links":{"self":[{"href":"https:\/\/baturina-homewear.com\/de\/wp-json\/wp\/v2\/product\/80768","targetHints":{"allow":["GET"]}}],"collection":[{"href":"https:\/\/baturina-homewear.com\/de\/wp-json\/wp\/v2\/product"}],"about":[{"href":"https:\/\/baturina-homewear.com\/de\/wp-json\/wp\/v2\/types\/product"}],"replies":[{"embeddable":true,"href":"https:\/\/baturina-homewear.com\/de\/wp-json\/wp\/v2\/comments?post=80768"}],"version-history":[{"count":0,"href":"https:\/\/baturina-homewear.com\/de\/wp-json\/wp\/v2\/product\/80768\/revisions"}],"wp:featuredmedia":[{"embeddable":true,"href":"https:\/\/baturina-homewear.com\/de\/wp-json\/wp\/v2\/media\/80769"}],"wp:attachment":[{"href":"https:\/\/baturina-homewear.com\/de\/wp-json\/wp\/v2\/media?parent=80768"}],"wp:term":[{"taxonomy":"product_brand","embeddable":true,"href":"https:\/\/baturina-homewear.com\/de\/wp-json\/wp\/v2\/product_brand?post=80768"},{"taxonomy":"product_cat","embeddable":true,"href":"https:\/\/baturina-homewear.com\/de\/wp-json\/wp\/v2\/product_cat?post=80768"},{"taxonomy":"product_tag","embeddable":true,"href":"https:\/\/baturina-homewear.com\/de\/wp-json\/wp\/v2\/product_tag?post=80768"}],"curies":[{"name":"wp","href":"https:\/\/api.w.org\/{rel}","templated":true}]}}