{"id":80779,"date":"2026-04-08T20:08:22","date_gmt":"2026-04-08T18:08:22","guid":{"rendered":"https:\/\/baturina-homewear.com\/product\/damen-hausmantel-animal-print-fleece-cow-schwarz-und-weiss\/"},"modified":"2026-04-08T20:08:22","modified_gmt":"2026-04-08T18:08:22","slug":"damen-hausmantel-animal-print-fleece-cow-schwarz-und-weiss","status":"publish","type":"product","link":"https:\/\/baturina-homewear.com\/de\/produkt\/damen-hausmantel-animal-print-fleece-cow-schwarz-und-weiss\/","title":{"rendered":"Damen Hausmantel Animal Print Fleece Cow Schwarz und Wei\u00df"},"content":{"rendered":"<p>Zeigen Sie Ihre wilde Seite in diesem pl\u00fcschigen Hausmantel, der sich sanft an Sie schmiegt. Das Muster aus Fleece mit Tiermotiven wurde sorgf\u00e4ltig von Hand ausgerichtet und aufeinander abgestimmt, um ein auff\u00e4lliges Erscheinungsbild zu schaffen. Das Fleece ist extrem pl\u00fcschig und weich &#8211; ein wahrer Genuss f\u00fcr die Sinne. Ein vielseitiger und pflegeleichter Morgenmantel, der sowohl nach dem Duschen als auch beim Entspannen im Haus getragen werden kann.   <\/p>\n<p>Der warme Stoff f\u00fchlt sich sanft und beruhigend an und sorgt daf\u00fcr, dass Sie sich in k\u00fcrzester Zeit trocken und wohl f\u00fchlen. Dieser vielseitige Morgenmantel ist ideal f\u00fcr alle, die einen einzigen Morgenmantel f\u00fcr mehrere Zwecke ben\u00f6tigen. Mit ihm k\u00f6nnen Sie m\u00fchelos vom Bad zur Entspannung \u00fcbergehen und dabei m\u00fchelos schick aussehen. G\u00f6nnen Sie sich einen Morgenmantel, der Luxus, Zweckm\u00e4\u00dfigkeit und k\u00fchnen Stil vereint. Erleben Sie Komfort wie nie zuvor. <\/p>\n<p>Unser Polyester-Fleece zeichnet sich durch besondere Eigenschaften aus: Es ist besonders weich, hat einen langen Flor (die erhabene, flauschige Oberfl\u00e4che), ist strapazierf\u00e4hig und leicht zu reinigen. So bequem, dass Sie es vielleicht gar nicht mehr ausziehen m\u00f6chten! <\/p>\n<ul>\n<li>weich und pl\u00fcschig<\/li>\n<li>Schalkragen<\/li>\n<li>Brusttasche<\/li>\n<li>zwei tiefe Seitentaschen<\/li>\n<li>bequeme, lockere Passform<\/li>\n<li>diskrete Aufh\u00e4ngeschlaufe auf der R\u00fcckseite<\/li>\n<li>langer G\u00fcrtel<\/li>\n<li>Anti-Pillen-Vlies<\/li>\n<li>Material und Pflege: 100% Polyester. Maschinenw\u00e4sche bei 30\u00b0C, nicht im Trockner trocknen, bei niedriger Hitze b\u00fcgeln. <\/li>\n<\/ul>\n","protected":false},"excerpt":{"rendered":"<p>Zeigen Sie Ihre wilde Seite in diesem pl\u00fcschigen Hausmantel, der sich sanft an Sie schmiegt. Das Muster aus Fleece mit<\/p>\n","protected":false},"featured_media":80780,"comment_status":"open","ping_status":"closed","template":"","meta":[],"product_brand":[],"product_cat":[1206,760,728,1153,759],"product_tag":[731],"class_list":{"0":"post-80779","1":"product","2":"type-product","3":"status-publish","4":"has-post-thumbnail","6":"product_cat-wilde-welt","7":"product_cat-damen-bademantel","8":"product_cat-damen-morgenmantel","9":"product_cat-warme-morgenmantel","10":"product_cat-damen-hausmantel","11":"product_tag-custom-size-damen","12":"product_shipping_class-auf-bestellung","13":"pa_color-black-de","14":"pa_fabric-content-polyester-viscose-mix-de","15":"pa_fabric-weight-lightweight-de","16":"pa_size-2xl-de","17":"pa_size-l-de","18":"pa_size-m-de","19":"pa_size-massanfertigung","20":"pa_size-s-de","21":"pa_size-xl-de","22":"pa_size-xs-de","24":"first","25":"instock","26":"taxable","27":"shipping-taxable","28":"purchasable","29":"product-type-simple"},"_links":{"self":[{"href":"https:\/\/baturina-homewear.com\/de\/wp-json\/wp\/v2\/product\/80779","targetHints":{"allow":["GET"]}}],"collection":[{"href":"https:\/\/baturina-homewear.com\/de\/wp-json\/wp\/v2\/product"}],"about":[{"href":"https:\/\/baturina-homewear.com\/de\/wp-json\/wp\/v2\/types\/product"}],"replies":[{"embeddable":true,"href":"https:\/\/baturina-homewear.com\/de\/wp-json\/wp\/v2\/comments?post=80779"}],"version-history":[{"count":0,"href":"https:\/\/baturina-homewear.com\/de\/wp-json\/wp\/v2\/product\/80779\/revisions"}],"wp:featuredmedia":[{"embeddable":true,"href":"https:\/\/baturina-homewear.com\/de\/wp-json\/wp\/v2\/media\/80780"}],"wp:attachment":[{"href":"https:\/\/baturina-homewear.com\/de\/wp-json\/wp\/v2\/media?parent=80779"}],"wp:term":[{"taxonomy":"product_brand","embeddable":true,"href":"https:\/\/baturina-homewear.com\/de\/wp-json\/wp\/v2\/product_brand?post=80779"},{"taxonomy":"product_cat","embeddable":true,"href":"https:\/\/baturina-homewear.com\/de\/wp-json\/wp\/v2\/product_cat?post=80779"},{"taxonomy":"product_tag","embeddable":true,"href":"https:\/\/baturina-homewear.com\/de\/wp-json\/wp\/v2\/product_tag?post=80779"}],"curies":[{"name":"wp","href":"https:\/\/api.w.org\/{rel}","templated":true}]}}