{"id":81075,"date":"2026-04-29T13:25:16","date_gmt":"2026-04-29T11:25:16","guid":{"rendered":"https:\/\/baturina-homewear.com\/product\/herren-hausmantel-jacquard-baumwolle-pistazie-dunkelbraun\/"},"modified":"2026-04-29T13:25:16","modified_gmt":"2026-04-29T11:25:16","slug":"herren-hausmantel-jacquard-baumwolle-pistazie-dunkelbraun","status":"publish","type":"product","link":"https:\/\/baturina-homewear.com\/de\/produkt\/herren-hausmantel-jacquard-baumwolle-pistazie-dunkelbraun\/","title":{"rendered":"Herren Hausmantel Jacquard Baumwolle Pistazie Dunkelbraun"},"content":{"rendered":"<p>Eleganter Morgenmantel f\u00fcr Herren in einer kr\u00e4ftigen Farbpalette aus Pistaziengr\u00fcn und erdigem Dunkelbraun. Gefertigt aus einem einzigartigen Secondhand-Jacquard mit einer 3D-\u00e4hnlichen Textur aus klobigen Quadraten auf beigem Grund. Mit pl\u00fcschigem dunkelbraunem Samt, Kordelpaspeln und k\u00fchnem Satinfutter verziert, ist es ein angenehm strukturiertes und auff\u00e4lliges St\u00fcck, das Ihre Morgen- und Abendstunden unvergesslich macht. Es ist nur noch genug f\u00fcr 4 Morgenm\u00e4ntel \u00fcbrig.   <\/p>\n<p>Einzelheiten:<\/p>\n<ul>\n<li>Schalkragen<\/li>\n<li>Brusttasche<\/li>\n<li>zwei tiefe Seitentaschen<\/li>\n<li>verstellbare Umschlagmanschetten<\/li>\n<li>bequeme, lockere Passform<\/li>\n<li>diskrete Aufh\u00e4ngeschlaufe auf der R\u00fcckseite<\/li>\n<li>langer G\u00fcrtel<\/li>\n<\/ul>\n<p>Materialien und Pflege:<\/p>\n<ul>\n<li>Au\u00dfenseite: 100% Baumwolle<\/li>\n<li>Innen: 100% Polyester, OEKO-TEX\u00ae Standard 100 zertifiziert<\/li>\n<li>Nur professionelle chemische Reinigung<\/li>\n<\/ul>\n","protected":false},"excerpt":{"rendered":"<p>Ein richtiger Morgenmantel bietet Ihnen Komfort, ohne auf Stil zu verzichten, und macht Ihre privaten Stunden viel eleganter. Dieser Morgenmantel in Pistazie und Dunkelbraun ist wie geschaffen zum stilvollen Entspannen im Haus und hat einige besondere Details, die Sie so noch nie gesehen haben. Es ist nur noch genug f\u00fcr 4 Morgenm\u00e4ntel \u00fcbrig.  <\/p>\n","protected":false},"featured_media":81076,"comment_status":"open","ping_status":"closed","template":"","meta":[],"product_brand":[],"product_cat":[491,463,899],"product_tag":[464],"class_list":{"0":"post-81075","1":"product","2":"type-product","3":"status-publish","4":"has-post-thumbnail","6":"product_cat-morgenmaentel","7":"product_cat-herren-hausmantel","8":"product_cat-limited-edition-de","9":"product_tag-custom-size-de","10":"product_shipping_class-auf-bestellung","11":"pa_color-braun","12":"pa_color-green-de","13":"pa_fabric-content-cotton-de","14":"pa_fabric-weight-regular-de","15":"pa_size-2xl-de","16":"pa_size-3xl-de","17":"pa_size-4xl-de","18":"pa_size-5xl-de","19":"pa_size-l-de","20":"pa_size-m-de","21":"pa_size-massanfertigung","22":"pa_size-s-de","23":"pa_size-xl-de","24":"pa_size-xs-de","25":"pa_style-opulent-de","27":"first","28":"instock","29":"taxable","30":"shipping-taxable","31":"purchasable","32":"product-type-simple"},"_links":{"self":[{"href":"https:\/\/baturina-homewear.com\/de\/wp-json\/wp\/v2\/product\/81075","targetHints":{"allow":["GET"]}}],"collection":[{"href":"https:\/\/baturina-homewear.com\/de\/wp-json\/wp\/v2\/product"}],"about":[{"href":"https:\/\/baturina-homewear.com\/de\/wp-json\/wp\/v2\/types\/product"}],"replies":[{"embeddable":true,"href":"https:\/\/baturina-homewear.com\/de\/wp-json\/wp\/v2\/comments?post=81075"}],"version-history":[{"count":0,"href":"https:\/\/baturina-homewear.com\/de\/wp-json\/wp\/v2\/product\/81075\/revisions"}],"wp:featuredmedia":[{"embeddable":true,"href":"https:\/\/baturina-homewear.com\/de\/wp-json\/wp\/v2\/media\/81076"}],"wp:attachment":[{"href":"https:\/\/baturina-homewear.com\/de\/wp-json\/wp\/v2\/media?parent=81075"}],"wp:term":[{"taxonomy":"product_brand","embeddable":true,"href":"https:\/\/baturina-homewear.com\/de\/wp-json\/wp\/v2\/product_brand?post=81075"},{"taxonomy":"product_cat","embeddable":true,"href":"https:\/\/baturina-homewear.com\/de\/wp-json\/wp\/v2\/product_cat?post=81075"},{"taxonomy":"product_tag","embeddable":true,"href":"https:\/\/baturina-homewear.com\/de\/wp-json\/wp\/v2\/product_tag?post=81075"}],"curies":[{"name":"wp","href":"https:\/\/api.w.org\/{rel}","templated":true}]}}